{"id":681,"date":"2025-01-31T15:17:34","date_gmt":"2025-01-31T15:17:34","guid":{"rendered":"https:\/\/mallorcafloralweddings.com\/?page_id=681"},"modified":"2025-04-22T08:22:18","modified_gmt":"2025-04-22T08:22:18","slug":"aisle-flowers","status":"publish","type":"page","link":"https:\/\/mallorcafloralweddings.com\/es\/flores-de-pasillo\/","title":{"rendered":"Flores de pasillo"},"content":{"rendered":"<div class=\"wpb-content-wrapper\"><div class=\"vc_row wpb_row vc_row-fluid\"><div class=\"wpb_column vc_column_container vc_col-sm-12\"><div class=\"vc_column-inner\"><div class=\"wpb_wrapper\">\n\t<div class=\"wpb_text_column wpb_content_element\" >\n\t\t<div class=\"wpb_wrapper\">\n\t\t\t<p style=\"text-align: center;\">Las flores para el pasillo de la boda a\u00f1aden un toque de belleza y romance a uno de los momentos m\u00e1s significativos del d\u00eda: el camino hacia el altar. Ya sea adornando el camino con suaves p\u00e9talos, arreglos florales o elegantes ramos atados a las sillas, estas flores ayudan a crear el ambiente perfecto para la ceremonia.<br \/>\nRealzan la atm\u00f3sfera general, reflejan la tem\u00e1tica y la paleta de colores de la boda, y crean un escenario espectacular para la entrada y los votos de la pareja. Sencillas o lujosas, las flores para el pasillo aportan encanto y gracia a cada paso hacia el &quot;S\u00ed, quiero&quot;.<\/p>\n\n\t\t<\/div>\n\t<\/div>\n<style type=\"text\/css\" data-type=\"the7_shortcodes-inline-css\">.gallery-shortcode.gallery-masonry-shortcode-id-291f680f27ceb8e1c975e62850b86eee figure,\n.gallery-shortcode.gallery-masonry-shortcode-id-291f680f27ceb8e1c975e62850b86eee .rollover,\n.gallery-shortcode.gallery-masonry-shortcode-id-291f680f27ceb8e1c975e62850b86eee img,\n.gallery-shortcode.gallery-masonry-shortcode-id-291f680f27ceb8e1c975e62850b86eee .gallery-rollover {\n  border-radius: 0px;\n}\n.gallery-shortcode.gallery-masonry-shortcode-id-291f680f27ceb8e1c975e62850b86eee.enable-bg-rollover .gallery-rollover {\n  background: -webkit-linear-gradient();\n  background: linear-gradient();\n}\n.gallery-shortcode.gallery-masonry-shortcode-id-291f680f27ceb8e1c975e62850b86eee.enable-bg-rollover.hover-scale figure .rollover:after {\n  background: -webkit-linear-gradient();\n  background: linear-gradient();\n}\n.gallery-shortcode.gallery-masonry-shortcode-id-291f680f27ceb8e1c975e62850b86eee .gallery-zoom-ico {\n  width: 44px;\n  height: 44px;\n  line-height: 44px;\n  border-radius: 100px;\n  margin: -22px 0 0 -22px;\n  border-width: 0px;\n  color: #ffffff;\n}\n.dt-icon-bg-on.gallery-shortcode.gallery-masonry-shortcode-id-291f680f27ceb8e1c975e62850b86eee .gallery-zoom-ico {\n  background: rgba(255,255,255,0.3);\n  box-shadow: none;\n}\n.gallery-shortcode.gallery-masonry-shortcode-id-291f680f27ceb8e1c975e62850b86eee .gallery-zoom-ico:before,\n.gallery-shortcode.gallery-masonry-shortcode-id-291f680f27ceb8e1c975e62850b86eee .gallery-zoom-ico span {\n  font-size: 32px;\n  line-height: 44px;\n  color: #ffffff;\n}\n.gallery-shortcode.gallery-masonry-shortcode-id-291f680f27ceb8e1c975e62850b86eee:not(.resize-by-browser-width) .dt-css-grid {\n  grid-row-gap: 10px;\n  grid-column-gap: 10px;\n  grid-template-columns: repeat(auto-fill,minmax(,1fr));\n}\n.gallery-shortcode.gallery-masonry-shortcode-id-291f680f27ceb8e1c975e62850b86eee:not(.resize-by-browser-width) .dt-css-grid .double-width {\n  grid-column: span 2;\n}\n.cssgridlegacy.no-cssgrid .gallery-shortcode.gallery-masonry-shortcode-id-291f680f27ceb8e1c975e62850b86eee:not(.resize-by-browser-width) .dt-css-grid,\n.no-cssgridlegacy.no-cssgrid .gallery-shortcode.gallery-masonry-shortcode-id-291f680f27ceb8e1c975e62850b86eee:not(.resize-by-browser-width) .dt-css-grid {\n  display: flex;\n  flex-flow: row wrap;\n  margin: -5px;\n}\n.cssgridlegacy.no-cssgrid .gallery-shortcode.gallery-masonry-shortcode-id-291f680f27ceb8e1c975e62850b86eee:not(.resize-by-browser-width) .dt-css-grid .wf-cell,\n.no-cssgridlegacy.no-cssgrid .gallery-shortcode.gallery-masonry-shortcode-id-291f680f27ceb8e1c975e62850b86eee:not(.resize-by-browser-width) .dt-css-grid .wf-cell {\n  flex: 1 0 ;\n  max-width: 100%;\n  padding: 5px;\n  box-sizing: border-box;\n}\n.gallery-shortcode.gallery-masonry-shortcode-id-291f680f27ceb8e1c975e62850b86eee.resize-by-browser-width .dt-css-grid {\n  grid-template-columns: repeat(3,1fr);\n  grid-template-rows: auto;\n  grid-column-gap: 10px;\n  grid-row-gap: 10px;\n}\n.gallery-shortcode.gallery-masonry-shortcode-id-291f680f27ceb8e1c975e62850b86eee.resize-by-browser-width .dt-css-grid .double-width {\n  grid-column: span 2;\n}\n.cssgridlegacy.no-cssgrid .gallery-shortcode.gallery-masonry-shortcode-id-291f680f27ceb8e1c975e62850b86eee.resize-by-browser-width .dt-css-grid {\n  margin: -5px;\n}\n.cssgridlegacy.no-cssgrid .gallery-shortcode.gallery-masonry-shortcode-id-291f680f27ceb8e1c975e62850b86eee.resize-by-browser-width .dt-css-grid .wf-cell {\n  width: 33.333333333333%;\n  padding: 5px;\n}\n.cssgridlegacy.no-cssgrid .gallery-shortcode.gallery-masonry-shortcode-id-291f680f27ceb8e1c975e62850b86eee.resize-by-browser-width .dt-css-grid .wf-cell.double-width {\n  width: calc(33.333333333333%) * 2;\n}\n.gallery-shortcode.gallery-masonry-shortcode-id-291f680f27ceb8e1c975e62850b86eee.resize-by-browser-width:not(.centered-layout-list):not(.content-bg-on) .dt-css-grid {\n  grid-row-gap: 10px - ;\n}\n@media screen and (max-width: 1199px) {\n  .gallery-shortcode.gallery-masonry-shortcode-id-291f680f27ceb8e1c975e62850b86eee.resize-by-browser-width .dt-css-grid {\n    grid-template-columns: repeat(3,1fr);\n  }\n  .cssgridlegacy.no-cssgrid .gallery-shortcode.gallery-masonry-shortcode-id-291f680f27ceb8e1c975e62850b86eee.resize-by-browser-width .dt-css-grid .wf-cell,\n  .no-cssgridlegacy.no-cssgrid .gallery-shortcode.gallery-masonry-shortcode-id-291f680f27ceb8e1c975e62850b86eee.resize-by-browser-width .dt-css-grid .wf-cell {\n    width: 33.333333333333%;\n  }\n  .cssgridlegacy.no-cssgrid .gallery-shortcode.gallery-masonry-shortcode-id-291f680f27ceb8e1c975e62850b86eee.resize-by-browser-width .dt-css-grid .wf-cell.double-width,\n  .no-cssgridlegacy.no-cssgrid .gallery-shortcode.gallery-masonry-shortcode-id-291f680f27ceb8e1c975e62850b86eee.resize-by-browser-width .dt-css-grid .wf-cell.double-width {\n    width: calc(33.333333333333%)*2;\n  }\n}\n@media screen and (max-width: 991px) {\n  .gallery-shortcode.gallery-masonry-shortcode-id-291f680f27ceb8e1c975e62850b86eee.resize-by-browser-width .dt-css-grid {\n    grid-template-columns: repeat(3,1fr);\n  }\n  .cssgridlegacy.no-cssgrid .gallery-shortcode.gallery-masonry-shortcode-id-291f680f27ceb8e1c975e62850b86eee.resize-by-browser-width .dt-css-grid .wf-cell,\n  .no-cssgridlegacy.no-cssgrid .gallery-shortcode.gallery-masonry-shortcode-id-291f680f27ceb8e1c975e62850b86eee.resize-by-browser-width .dt-css-grid .wf-cell {\n    width: 33.333333333333%;\n  }\n  .cssgridlegacy.no-cssgrid .gallery-shortcode.gallery-masonry-shortcode-id-291f680f27ceb8e1c975e62850b86eee.resize-by-browser-width .dt-css-grid .wf-cell.double-width,\n  .no-cssgridlegacy.no-cssgrid .gallery-shortcode.gallery-masonry-shortcode-id-291f680f27ceb8e1c975e62850b86eee.resize-by-browser-width .dt-css-grid .wf-cell.double-width {\n    width: calc(33.333333333333%)*2;\n  }\n}\n@media screen and (max-width: 767px) {\n  .gallery-shortcode.gallery-masonry-shortcode-id-291f680f27ceb8e1c975e62850b86eee.resize-by-browser-width .dt-css-grid {\n    grid-template-columns: repeat(1,1fr);\n  }\n  .cssgridlegacy.no-cssgrid .gallery-shortcode.gallery-masonry-shortcode-id-291f680f27ceb8e1c975e62850b86eee.resize-by-browser-width .dt-css-grid .wf-cell,\n  .no-cssgridlegacy.no-cssgrid .gallery-shortcode.gallery-masonry-shortcode-id-291f680f27ceb8e1c975e62850b86eee.resize-by-browser-width .dt-css-grid .wf-cell {\n    width: 100%;\n  }\n  .cssgridlegacy.no-cssgrid .gallery-shortcode.gallery-masonry-shortcode-id-291f680f27ceb8e1c975e62850b86eee.resize-by-browser-width .dt-css-grid .wf-cell.double-width,\n  .no-cssgridlegacy.no-cssgrid .gallery-shortcode.gallery-masonry-shortcode-id-291f680f27ceb8e1c975e62850b86eee.resize-by-browser-width .dt-css-grid .wf-cell.double-width {\n    width: calc(100%)*2;\n  }\n}<\/style><div class=\"gallery-shortcode dt-gallery-container gallery-masonry-shortcode-id-291f680f27ceb8e1c975e62850b86eee mode-masonry jquery-filter dt-icon-bg-off enable-bg-rollover resize-by-browser-width  hover-fade loading-effect-none description-on-hover\" data-padding=\"5px\" data-cur-page=\"1\" data-post-limit=\"-1\" data-pagination-mode=\"none\" data-desktop-columns-num=\"3\" data-v-tablet-columns-num=\"3\" data-h-tablet-columns-num=\"3\" data-phone-columns-num=\"1\" data-width=\"0px\" data-columns=\"0\"><div class=\"iso-container\" ><div class=\"wf-cell iso-item\" data-post-id=\"682\" data-date=\"2025-04-17T08:30:15+00:00\" data-name=\"\"><figure class=\"post visible\"><a href=\"https:\/\/mallorcafloralweddings.com\/wp-content\/uploads\/2025\/04\/floral-table-2-1.jpg\" class=\"rollover dt-pswp-item layzr-bg\" data-large_image_width=\"700\" data-large_image_height=\"808\" data-dt-img-description=\"\" ><img fetchpriority=\"high\" decoding=\"async\" class=\"preload-me iso-lazy-load aspect\" src=\"data:image\/svg+xml,%3Csvg%20xmlns%3D&#39;http%3A%2F%2Fwww.w3.org%2F2000%2Fsvg&#39;%20viewBox%3D&#39;0%200%20700%20700&#39;%2F%3E\" data-src=\"https:\/\/mallorcafloralweddings.com\/wp-content\/uploads\/2025\/04\/floral-table-2-1-700x700.jpg\" data-srcset=\"https:\/\/mallorcafloralweddings.com\/wp-content\/uploads\/2025\/04\/floral-table-2-1-700x700.jpg 700w\" loading=\"eager\" style=\"--ratio: 700 \/ 700\" sizes=\"(max-width: 700px) 100vw, 700px\" alt=\"\" width=\"700\" height=\"700\"  \/><span class=\"gallery-rollover\"><\/span><\/a><\/figure><\/div><div class=\"wf-cell iso-item\" data-post-id=\"729\" data-date=\"2025-04-22T08:21:54+00:00\" data-name=\"\"><figure class=\"post visible\"><a href=\"https:\/\/mallorcafloralweddings.com\/wp-content\/uploads\/2025\/04\/aisle.jpg\" class=\"rollover dt-pswp-item layzr-bg\" data-large_image_width=\"874\" data-large_image_height=\"632\" data-dt-img-description=\"\" ><img decoding=\"async\" class=\"preload-me iso-lazy-load aspect\" src=\"data:image\/svg+xml,%3Csvg%20xmlns%3D&#39;http%3A%2F%2Fwww.w3.org%2F2000%2Fsvg&#39;%20viewBox%3D&#39;0%200%20632%20632&#39;%2F%3E\" data-src=\"https:\/\/mallorcafloralweddings.com\/wp-content\/uploads\/2025\/04\/aisle-632x632.jpg\" data-srcset=\"https:\/\/mallorcafloralweddings.com\/wp-content\/uploads\/2025\/04\/aisle-632x632.jpg 632w\" loading=\"eager\" style=\"--ratio: 632 \/ 632\" sizes=\"(max-width: 632px) 100vw, 632px\" alt=\"\" width=\"632\" height=\"632\"  \/><span class=\"gallery-rollover\"><\/span><\/a><\/figure><\/div><div class=\"wf-cell iso-item\" data-post-id=\"683\" data-date=\"2025-04-17T08:30:24+00:00\" data-name=\"\"><figure class=\"post visible\"><a href=\"https:\/\/mallorcafloralweddings.com\/wp-content\/uploads\/2025\/04\/floral-aisle-1.jpg\" class=\"rollover dt-pswp-item layzr-bg\" data-large_image_width=\"635\" data-large_image_height=\"1071\" data-dt-img-description=\"\" ><img decoding=\"async\" class=\"preload-me iso-lazy-load aspect\" src=\"data:image\/svg+xml,%3Csvg%20xmlns%3D&#39;http%3A%2F%2Fwww.w3.org%2F2000%2Fsvg&#39;%20viewBox%3D&#39;0%200%20635%20635&#39;%2F%3E\" data-src=\"https:\/\/mallorcafloralweddings.com\/wp-content\/uploads\/2025\/04\/floral-aisle-1-635x635.jpg\" data-srcset=\"https:\/\/mallorcafloralweddings.com\/wp-content\/uploads\/2025\/04\/floral-aisle-1-635x635.jpg 635w\" loading=\"eager\" style=\"--ratio: 635 \/ 635\" sizes=\"(max-width: 635px) 100vw, 635px\" alt=\"\" width=\"635\" height=\"635\"  \/><span class=\"gallery-rollover\"><\/span><\/a><\/figure><\/div><\/div><!-- iso-container|iso-grid --><\/div><div class=\"vc_separator wpb_content_element vc_separator_align_center vc_sep_width_100 vc_sep_pos_align_center vc_separator_no_text vc_sep_color_chino wpb_content_element  wpb_content_element\" ><span class=\"vc_sep_holder vc_sep_holder_l\"><span class=\"vc_sep_line\"><\/span><\/span><span class=\"vc_sep_holder vc_sep_holder_r\"><span class=\"vc_sep_line\"><\/span><\/span>\n<\/div><\/div><\/div><\/div><\/div>\n<\/div>","protected":false},"excerpt":{"rendered":"<p>Aisle wedding flowers add a touch of beauty and romance to one of the most meaningful moments of the day, the walk down the aisle. Whether lining the pathway with soft petals, floral arrangements, or elegant bouquets tied to chairs, these blooms help set the scene for the ceremony. They enhance the overall atmosphere, reflect&hellip;<\/p>","protected":false},"author":2,"featured_media":0,"parent":0,"menu_order":0,"comment_status":"closed","ping_status":"closed","template":"","meta":{"_monsterinsights_skip_tracking":false,"_monsterinsights_sitenote_active":false,"_monsterinsights_sitenote_note":"","_monsterinsights_sitenote_category":0,"footnotes":""},"class_list":["post-681","page","type-page","status-publish","hentry","description-off"],"yoast_head":"<!-- This site is optimized with the Yoast SEO plugin v27.4 - https:\/\/yoast.com\/product\/yoast-seo-wordpress\/ -->\n<title>Aisle Flowers - Mallorca Floral Weddings<\/title>\n<meta name=\"robots\" content=\"index, follow, max-snippet:-1, max-image-preview:large, max-video-preview:-1\" \/>\n<link rel=\"canonical\" href=\"https:\/\/mallorcafloralweddings.com\/es\/aisle-flowers\/\" \/>\n<meta property=\"og:locale\" content=\"es_ES\" \/>\n<meta property=\"og:type\" content=\"article\" \/>\n<meta property=\"og:title\" content=\"Aisle Flowers - Mallorca Floral Weddings\" \/>\n<meta property=\"og:url\" content=\"https:\/\/mallorcafloralweddings.com\/es\/aisle-flowers\/\" \/>\n<meta property=\"og:site_name\" content=\"Mallorca Floral Weddings\" \/>\n<meta property=\"article:modified_time\" content=\"2025-04-22T08:22:18+00:00\" \/>\n<meta name=\"twitter:card\" content=\"summary_large_image\" \/>\n<meta name=\"twitter:label1\" content=\"Tiempo de lectura\" \/>\n\t<meta name=\"twitter:data1\" content=\"2 minutos\" \/>\n<script type=\"application\/ld+json\" class=\"yoast-schema-graph\">{\"@context\":\"https:\\\/\\\/schema.org\",\"@graph\":[{\"@type\":\"WebPage\",\"@id\":\"https:\\\/\\\/mallorcafloralweddings.com\\\/aisle-flowers\\\/\",\"url\":\"https:\\\/\\\/mallorcafloralweddings.com\\\/aisle-flowers\\\/\",\"name\":\"Aisle Flowers - Mallorca Floral Weddings\",\"isPartOf\":{\"@id\":\"https:\\\/\\\/mallorcafloralweddings.com\\\/#website\"},\"datePublished\":\"2025-01-31T15:17:34+00:00\",\"dateModified\":\"2025-04-22T08:22:18+00:00\",\"breadcrumb\":{\"@id\":\"https:\\\/\\\/mallorcafloralweddings.com\\\/aisle-flowers\\\/#breadcrumb\"},\"inLanguage\":\"es\",\"potentialAction\":[{\"@type\":\"ReadAction\",\"target\":[\"https:\\\/\\\/mallorcafloralweddings.com\\\/aisle-flowers\\\/\"]}]},{\"@type\":\"BreadcrumbList\",\"@id\":\"https:\\\/\\\/mallorcafloralweddings.com\\\/aisle-flowers\\\/#breadcrumb\",\"itemListElement\":[{\"@type\":\"ListItem\",\"position\":1,\"name\":\"Portada\",\"item\":\"https:\\\/\\\/mallorcafloralweddings.com\\\/\"},{\"@type\":\"ListItem\",\"position\":2,\"name\":\"Aisle Flowers\"}]},{\"@type\":\"WebSite\",\"@id\":\"https:\\\/\\\/mallorcafloralweddings.com\\\/#website\",\"url\":\"https:\\\/\\\/mallorcafloralweddings.com\\\/\",\"name\":\"Mallorca Floral Weddings\",\"description\":\"Renting Wedding Flowers on Mallorca\",\"publisher\":{\"@id\":\"https:\\\/\\\/mallorcafloralweddings.com\\\/#organization\"},\"potentialAction\":[{\"@type\":\"SearchAction\",\"target\":{\"@type\":\"EntryPoint\",\"urlTemplate\":\"https:\\\/\\\/mallorcafloralweddings.com\\\/?s={search_term_string}\"},\"query-input\":{\"@type\":\"PropertyValueSpecification\",\"valueRequired\":true,\"valueName\":\"search_term_string\"}}],\"inLanguage\":\"es\"},{\"@type\":\"Organization\",\"@id\":\"https:\\\/\\\/mallorcafloralweddings.com\\\/#organization\",\"name\":\"Mallorca Floral Weddings\",\"url\":\"https:\\\/\\\/mallorcafloralweddings.com\\\/\",\"logo\":{\"@type\":\"ImageObject\",\"inLanguage\":\"es\",\"@id\":\"https:\\\/\\\/mallorcafloralweddings.com\\\/#\\\/schema\\\/logo\\\/image\\\/\",\"url\":\"https:\\\/\\\/mallorcafloralweddings.com\\\/wp-content\\\/uploads\\\/2025\\\/03\\\/logo-ft.png\",\"contentUrl\":\"https:\\\/\\\/mallorcafloralweddings.com\\\/wp-content\\\/uploads\\\/2025\\\/03\\\/logo-ft.png\",\"width\":143,\"height\":50,\"caption\":\"Mallorca Floral Weddings\"},\"image\":{\"@id\":\"https:\\\/\\\/mallorcafloralweddings.com\\\/#\\\/schema\\\/logo\\\/image\\\/\"},\"sameAs\":[\"https:\\\/\\\/www.instagram.com\\\/mallorca_floral_weddings\\\/?hl=es\"]}]}<\/script>\n<!-- \/ Yoast SEO plugin. -->","yoast_head_json":{"title":"Flores para el pasillo - Bodas florales en Mallorca","robots":{"index":"index","follow":"follow","max-snippet":"max-snippet:-1","max-image-preview":"max-image-preview:large","max-video-preview":"max-video-preview:-1"},"canonical":"https:\/\/mallorcafloralweddings.com\/es\/aisle-flowers\/","og_locale":"es_ES","og_type":"article","og_title":"Aisle Flowers - Mallorca Floral Weddings","og_url":"https:\/\/mallorcafloralweddings.com\/es\/aisle-flowers\/","og_site_name":"Mallorca Floral Weddings","article_modified_time":"2025-04-22T08:22:18+00:00","twitter_card":"summary_large_image","twitter_misc":{"Tiempo de lectura":"2 minutos"},"schema":{"@context":"https:\/\/schema.org","@graph":[{"@type":"WebPage","@id":"https:\/\/mallorcafloralweddings.com\/aisle-flowers\/","url":"https:\/\/mallorcafloralweddings.com\/aisle-flowers\/","name":"Flores para el pasillo - Bodas florales en Mallorca","isPartOf":{"@id":"https:\/\/mallorcafloralweddings.com\/#website"},"datePublished":"2025-01-31T15:17:34+00:00","dateModified":"2025-04-22T08:22:18+00:00","breadcrumb":{"@id":"https:\/\/mallorcafloralweddings.com\/aisle-flowers\/#breadcrumb"},"inLanguage":"es","potentialAction":[{"@type":"ReadAction","target":["https:\/\/mallorcafloralweddings.com\/aisle-flowers\/"]}]},{"@type":"BreadcrumbList","@id":"https:\/\/mallorcafloralweddings.com\/aisle-flowers\/#breadcrumb","itemListElement":[{"@type":"ListItem","position":1,"name":"Portada","item":"https:\/\/mallorcafloralweddings.com\/"},{"@type":"ListItem","position":2,"name":"Aisle Flowers"}]},{"@type":"WebSite","@id":"https:\/\/mallorcafloralweddings.com\/#website","url":"https:\/\/mallorcafloralweddings.com\/","name":"Bodas florales en Mallorca","description":"Alquiler de flores para bodas en Mallorca","publisher":{"@id":"https:\/\/mallorcafloralweddings.com\/#organization"},"potentialAction":[{"@type":"SearchAction","target":{"@type":"EntryPoint","urlTemplate":"https:\/\/mallorcafloralweddings.com\/?s={search_term_string}"},"query-input":{"@type":"PropertyValueSpecification","valueRequired":true,"valueName":"search_term_string"}}],"inLanguage":"es"},{"@type":"Organization","@id":"https:\/\/mallorcafloralweddings.com\/#organization","name":"Bodas florales en Mallorca","url":"https:\/\/mallorcafloralweddings.com\/","logo":{"@type":"ImageObject","inLanguage":"es","@id":"https:\/\/mallorcafloralweddings.com\/#\/schema\/logo\/image\/","url":"https:\/\/mallorcafloralweddings.com\/wp-content\/uploads\/2025\/03\/logo-ft.png","contentUrl":"https:\/\/mallorcafloralweddings.com\/wp-content\/uploads\/2025\/03\/logo-ft.png","width":143,"height":50,"caption":"Mallorca Floral Weddings"},"image":{"@id":"https:\/\/mallorcafloralweddings.com\/#\/schema\/logo\/image\/"},"sameAs":["https:\/\/www.instagram.com\/mallorca_floral_weddings\/?hl=es"]}]}},"_links":{"self":[{"href":"https:\/\/mallorcafloralweddings.com\/es\/wp-json\/wp\/v2\/pages\/681","targetHints":{"allow":["GET"]}}],"collection":[{"href":"https:\/\/mallorcafloralweddings.com\/es\/wp-json\/wp\/v2\/pages"}],"about":[{"href":"https:\/\/mallorcafloralweddings.com\/es\/wp-json\/wp\/v2\/types\/page"}],"author":[{"embeddable":true,"href":"https:\/\/mallorcafloralweddings.com\/es\/wp-json\/wp\/v2\/users\/2"}],"replies":[{"embeddable":true,"href":"https:\/\/mallorcafloralweddings.com\/es\/wp-json\/wp\/v2\/comments?post=681"}],"version-history":[{"count":6,"href":"https:\/\/mallorcafloralweddings.com\/es\/wp-json\/wp\/v2\/pages\/681\/revisions"}],"predecessor-version":[{"id":731,"href":"https:\/\/mallorcafloralweddings.com\/es\/wp-json\/wp\/v2\/pages\/681\/revisions\/731"}],"wp:attachment":[{"href":"https:\/\/mallorcafloralweddings.com\/es\/wp-json\/wp\/v2\/media?parent=681"}],"curies":[{"name":"wp","href":"https:\/\/api.w.org\/{rel}","templated":true}]}}