{"id":493,"date":"2025-01-31T15:33:10","date_gmt":"2025-01-31T15:33:10","guid":{"rendered":"https:\/\/mallorcafloralweddings.com\/?page_id=493"},"modified":"2025-04-22T08:25:04","modified_gmt":"2025-04-22T08:25:04","slug":"decorations-stores-2","status":"publish","type":"page","link":"https:\/\/mallorcafloralweddings.com\/es\/tiendas-de-decoraciones-2\/","title":{"rendered":"Decoraci\u00f3n floral en otros establecimientos"},"content":{"rendered":"<div class=\"wpb-content-wrapper\"><div class=\"vc_row wpb_row vc_row-fluid vc_row-o-content-middle vc_row-flex\"><div class=\"wpb_column vc_column_container vc_col-sm-2\"><div class=\"vc_column-inner\"><div class=\"wpb_wrapper\"><\/div><\/div><\/div><div class=\"wpb_column vc_column_container vc_col-sm-8\"><div class=\"vc_column-inner\"><div class=\"wpb_wrapper\">\n\t<div class=\"wpb_text_column wpb_content_element\" >\n\t\t<div class=\"wpb_wrapper\">\n\t\t\t<h5 style=\"text-align: center;\">LOS ARREGLOS FLORALES PUEDEN MEJORAR CUALQUIER AMBIENTE EMPRESARIAL, YA SEA EL VEST\u00cdBULO DE UN HOTEL DE ALTA GAMA O UN SPA RELAJANTE<\/h5>\n\n\t\t<\/div>\n\t<\/div>\n<div class=\"vc_separator wpb_content_element vc_separator_align_center vc_sep_width_100 vc_sep_pos_align_center vc_separator_no_text vc_sep_color_chino wpb_content_element  wpb_content_element\" ><span class=\"vc_sep_holder vc_sep_holder_l\"><span class=\"vc_sep_line\"><\/span><\/span><span class=\"vc_sep_holder vc_sep_holder_r\"><span class=\"vc_sep_line\"><\/span><\/span>\n<\/div><div class=\"standard-arrow list-divider bullet-top\"><ul>\n<li><strong>Hoteles:<\/strong><br \/>\nExuberantes arreglos florales pueden dar la bienvenida a los hu\u00e9spedes a su llegada, creando un ambiente acogedor. Grandes jarrones o arreglos florales en el vest\u00edbulo pueden marcar la pauta de toda la estancia, mientras que arreglos florales m\u00e1s sutiles en habitaciones o pasillos aportan elegancia y comodidad. Tambi\u00e9n se pueden usar flores en los ba\u00f1os y comedores, reflejando el lujo y la atenci\u00f3n al detalle que el hotel busca transmitir.<\/li>\n<li><strong>Oficinas:<\/strong><br \/>\nEn un entorno corporativo, las plantas y las flores pueden contribuir a un ambiente de trabajo m\u00e1s saludable y productivo. Arreglos sencillos en el vest\u00edbulo o las \u00e1reas comunes pueden aportar inter\u00e9s visual y una sensaci\u00f3n de tranquilidad. Algunas oficinas incluso optan por decorar con flores que combinan con los colores o valores de la marca.<\/li>\n<li><strong>Spas y centros de bienestar:<\/strong><br \/>\nLas flores se utilizan a menudo para crear una atm\u00f3sfera tranquila y zen en espacios enfocados en el bienestar. Los arreglos suaves y relajantes de rosas blancas, orqu\u00eddeas o lavanda ayudan a crear un ambiente relajante. Las fuentes, como los cuencos con flores, son otra forma en que las flores realzan la est\u00e9tica general.<\/li>\n<\/ul>\n<\/div><\/div><\/div><\/div><div class=\"wpb_column vc_column_container vc_col-sm-2\"><div class=\"vc_column-inner\"><div class=\"wpb_wrapper\"><\/div><\/div><\/div><\/div><div class=\"vc_row wpb_row vc_row-fluid\"><div class=\"wpb_column vc_column_container vc_col-sm-12\"><div class=\"vc_column-inner\"><div class=\"wpb_wrapper\"><style type=\"text\/css\" data-type=\"the7_shortcodes-inline-css\">.gallery-carousel-shortcode.gallery-carousel-shortcode-id-c85e92adc91349a430785dc5768410a2.owl-carousel .owl-nav div {\n  width: 36px;\n  height: 36px;\n  border-radius: 500px;\n}\n.dt-arrow-border-on.gallery-carousel-shortcode.gallery-carousel-shortcode-id-c85e92adc91349a430785dc5768410a2.owl-carousel .owl-nav div:not(:hover):before {\n  border-width: 0px;\n}\n.dt-arrow-hover-border-on.gallery-carousel-shortcode.gallery-carousel-shortcode-id-c85e92adc91349a430785dc5768410a2.owl-carousel .owl-nav div:hover:after {\n  border-width: 0px;\n}\n.gallery-carousel-shortcode.gallery-carousel-shortcode-id-c85e92adc91349a430785dc5768410a2.owl-carousel .owl-nav div.owl-prev {\n  top: 50%;\n  transform: translateY(calc(-50% + 0px));\n  left: -43px;\n}\n@media all and (-ms-high-contrast: none) {\n  .gallery-carousel-shortcode.gallery-carousel-shortcode-id-c85e92adc91349a430785dc5768410a2.owl-carousel .owl-nav div.owl-prev {\n    transform: translateY(-50%);\n    margin-top: 0px;\n  }\n}\n.gallery-carousel-shortcode.gallery-carousel-shortcode-id-c85e92adc91349a430785dc5768410a2.owl-carousel .owl-nav div.owl-prev i {\n  padding: 0px 0px 0px 0px;\n}\n.gallery-carousel-shortcode.gallery-carousel-shortcode-id-c85e92adc91349a430785dc5768410a2.owl-carousel .owl-nav div.owl-next {\n  top: 50%;\n  transform: translateY(calc(-50% + 0px));\n  right: -43px;\n}\n@media all and (-ms-high-contrast: none) {\n  .gallery-carousel-shortcode.gallery-carousel-shortcode-id-c85e92adc91349a430785dc5768410a2.owl-carousel .owl-nav div.owl-next {\n    transform: translateY(-50%);\n    margin-top: 0px;\n  }\n}\n.gallery-carousel-shortcode.gallery-carousel-shortcode-id-c85e92adc91349a430785dc5768410a2.owl-carousel .owl-nav div.owl-next i {\n  padding: 0px 0px 0px 0px;\n}\n.gallery-carousel-shortcode.gallery-carousel-shortcode-id-c85e92adc91349a430785dc5768410a2.owl-carousel .owl-nav i {\n  font-size: 18px;\n}\n.gallery-carousel-shortcode.gallery-carousel-shortcode-id-c85e92adc91349a430785dc5768410a2.owl-carousel .owl-nav div:not(:hover) i,\n.gallery-carousel-shortcode.gallery-carousel-shortcode-id-c85e92adc91349a430785dc5768410a2.owl-carousel .owl-nav div:not(:hover) i:before {\n  color: #333333;\n  background: none;\n}\n.gallery-carousel-shortcode.gallery-carousel-shortcode-id-c85e92adc91349a430785dc5768410a2.owl-carousel .owl-nav div:hover i,\n.gallery-carousel-shortcode.gallery-carousel-shortcode-id-c85e92adc91349a430785dc5768410a2.owl-carousel .owl-nav div:hover i:before {\n  color: rgba(255,255,255,0.75);\n  background: none;\n}\n.gallery-carousel-shortcode.gallery-carousel-shortcode-id-c85e92adc91349a430785dc5768410a2 .owl-dots {\n  top: calc(100% + 20px);\n  left: 50%;\n  transform: translateX(calc(-50% + 0px));\n}\n@media all and (-ms-high-contrast: none) {\n  .gallery-carousel-shortcode.gallery-carousel-shortcode-id-c85e92adc91349a430785dc5768410a2 .owl-dots {\n    transform: translateX(-50%);\n    margin-left: 0px;\n  }\n}\n.gallery-carousel-shortcode.gallery-carousel-shortcode-id-c85e92adc91349a430785dc5768410a2 .owl-dot {\n  width: 10px;\n  height: 10px;\n  margin: 0 8px;\n}\n@media screen and (max-width: 778px) {\n  .gallery-carousel-shortcode.gallery-carousel-shortcode-id-c85e92adc91349a430785dc5768410a2.hide-arrows .owl-nav a {\n    display: none;\n  }\n}\n@media screen and (max-width: 778px) {\n  .gallery-carousel-shortcode.gallery-carousel-shortcode-id-c85e92adc91349a430785dc5768410a2.reposition-arrows .owl-nav .owl-prev {\n    top: 50%;\n    transform: translateY(calc(-50% + 0px));\n    left: 10px;\n  }\n  .gallery-carousel-shortcode.gallery-carousel-shortcode-id-c85e92adc91349a430785dc5768410a2.reposition-arrows .owl-nav .owl-next {\n    top: 50%;\n    transform: translateY(calc(-50% + 0px));\n    right: 10px;\n  }\n}\n@media screen and (max-width: 778px) and all and (-ms-high-contrast: none) {\n  .gallery-carousel-shortcode.gallery-carousel-shortcode-id-c85e92adc91349a430785dc5768410a2.reposition-arrows .owl-nav .owl-prev {\n    transform: translateY(-50%);\n    margin-top: 0px;\n  }\n}\n@media screen and (max-width: 778px) and all and (-ms-high-contrast: none) {\n  .gallery-carousel-shortcode.gallery-carousel-shortcode-id-c85e92adc91349a430785dc5768410a2.reposition-arrows .owl-nav .owl-next {\n    transform: translateY(-50%);\n    margin-top: 0px;\n  }\n}\n.gallery-carousel-shortcode.gallery-carousel-shortcode-id-c85e92adc91349a430785dc5768410a2 figure,\n.gallery-carousel-shortcode.gallery-carousel-shortcode-id-c85e92adc91349a430785dc5768410a2 .rollover,\n.gallery-carousel-shortcode.gallery-carousel-shortcode-id-c85e92adc91349a430785dc5768410a2 img,\n.gallery-carousel-shortcode.gallery-carousel-shortcode-id-c85e92adc91349a430785dc5768410a2 .gallery-rollover {\n  border-radius: 2px;\n}\n.gallery-carousel-shortcode.gallery-carousel-shortcode-id-c85e92adc91349a430785dc5768410a2.enable-bg-rollover .gallery-rollover {\n  background: -webkit-linear-gradient();\n  background: linear-gradient();\n}\n.gallery-carousel-shortcode.gallery-carousel-shortcode-id-c85e92adc91349a430785dc5768410a2.enable-img-shadow .owl-stage-outer {\n  padding: 9px 0;\n}\n.gallery-carousel-shortcode.gallery-carousel-shortcode-id-c85e92adc91349a430785dc5768410a2.enable-bg-rollover.hover-scale figure .rollover:after {\n  background: -webkit-linear-gradient();\n  background: linear-gradient();\n}\n.gallery-carousel-shortcode.gallery-carousel-shortcode-id-c85e92adc91349a430785dc5768410a2.gallery-shortcode .gallery-zoom-ico {\n  width: 44px;\n  height: 44px;\n  line-height: 44px;\n  border-radius: 100px;\n  margin: -22px 0 0 -22px;\n  border-width: 0px;\n}\n.dt-icon-bg-on.gallery-carousel-shortcode.gallery-carousel-shortcode-id-c85e92adc91349a430785dc5768410a2.gallery-shortcode .gallery-zoom-ico {\n  background: rgba(255,255,255,0.3);\n  box-shadow: none;\n}\n.gallery-carousel-shortcode.gallery-carousel-shortcode-id-c85e92adc91349a430785dc5768410a2.gallery-shortcode .gallery-zoom-ico:before,\n.gallery-carousel-shortcode.gallery-carousel-shortcode-id-c85e92adc91349a430785dc5768410a2.gallery-shortcode .gallery-zoom-ico span {\n  font-size: 32px;\n  line-height: 44px;\n  color: #ffffff;\n  background: none;\n}<\/style><div class=\"owl-carousel gallery-carousel-shortcode gallery-shortcode  dt-gallery-container dt-owl-carousel-call gallery-carousel-shortcode-id-c85e92adc91349a430785dc5768410a2 enable-bg-rollover meta-info-off dt-arrow-border-on dt-arrow-hover-border-on bullets-small-dot-stroke reposition-arrows dt-icon-bg-off arrows-bg-on disable-arrows-hover-bg arrows-hover-bg-on  hover-fade\" data-scroll-mode=\"1\" data-col-num=\"3\" data-wide-col-num=\"3\" data-laptop-col=\"3\" data-h-tablet-columns-num=\"3\" data-v-tablet-columns-num=\"3\" data-phone-columns-num=\"1\" data-col-gap=\"5\" data-stage-padding=\"0\" data-speed=\"600\" data-autoplay=\"false\" data-autoplay_speed=\"6000\" data-arrows=\"true\" data-bullet=\"false\" data-next-icon=\"icon-ar-017-r\" data-prev-icon=\"icon-ar-017-l\" data-img-shadow-size=\"12px\" data-img-shadow-spread=\"3px\"><div data-post-id=\"632\" data-date=\"2025-04-01T09:20:50+00:00\" data-name=\"\"><figure class=\"post\"><a href=\"https:\/\/mallorcafloralweddings.com\/wp-content\/uploads\/2025\/04\/headernew-1-2.jpg\" class=\"rollover dt-pswp-item layzr-bg\" data-large_image_width=\"1170\" data-large_image_height=\"659\" data-dt-img-description=\"\" ><img fetchpriority=\"high\" decoding=\"async\" class=\"preload-me owl-lazy-load aspect\" src=\"data:image\/svg+xml,%3Csvg%20xmlns%3D&#39;http%3A%2F%2Fwww.w3.org%2F2000%2Fsvg&#39;%20viewBox%3D&#39;0%200%20659%20659&#39;%2F%3E\" data-src=\"https:\/\/mallorcafloralweddings.com\/wp-content\/uploads\/2025\/04\/headernew-1-2-659x659.jpg\" data-srcset=\"https:\/\/mallorcafloralweddings.com\/wp-content\/uploads\/2025\/04\/headernew-1-2-659x659.jpg 659w\" loading=\"eager\" style=\"--ratio: 659 \/ 659\" sizes=\"(max-width: 659px) 100vw, 659px\" alt=\"\" width=\"659\" height=\"659\"  \/><span class=\"gallery-rollover\"><\/span><\/a><\/figure><\/div><div data-post-id=\"494\" data-date=\"2025-03-12T12:04:25+00:00\" data-name=\"\"><figure class=\"post\"><a href=\"https:\/\/mallorcafloralweddings.com\/wp-content\/uploads\/2025\/03\/other-1.jpg\" class=\"rollover dt-pswp-item layzr-bg\" data-large_image_width=\"750\" data-large_image_height=\"750\" data-dt-img-description=\"\" ><img decoding=\"async\" class=\"preload-me owl-lazy-load aspect\" src=\"data:image\/svg+xml,%3Csvg%20xmlns%3D&#39;http%3A%2F%2Fwww.w3.org%2F2000%2Fsvg&#39;%20viewBox%3D&#39;0%200%20750%20750&#39;%2F%3E\" data-src=\"https:\/\/mallorcafloralweddings.com\/wp-content\/uploads\/2025\/03\/other-1.jpg\" data-srcset=\"https:\/\/mallorcafloralweddings.com\/wp-content\/uploads\/2025\/03\/other-1.jpg 750w\" loading=\"eager\" style=\"--ratio: 750 \/ 750\" sizes=\"(max-width: 750px) 100vw, 750px\" alt=\"\" width=\"750\" height=\"750\"  \/><span class=\"gallery-rollover\"><\/span><\/a><\/figure><\/div><div data-post-id=\"628\" data-date=\"2025-04-01T09:17:25+00:00\" data-name=\"\"><figure class=\"post\"><a href=\"https:\/\/mallorcafloralweddings.com\/wp-content\/uploads\/2025\/04\/IMG_8829-1-e1744876825905.jpg\" class=\"rollover dt-pswp-item layzr-bg\" data-large_image_width=\"1160\" data-large_image_height=\"1727\" data-dt-img-description=\"\" ><img decoding=\"async\" class=\"preload-me owl-lazy-load aspect\" src=\"data:image\/svg+xml,%3Csvg%20xmlns%3D&#39;http%3A%2F%2Fwww.w3.org%2F2000%2Fsvg&#39;%20viewBox%3D&#39;0%200%201160%201160&#39;%2F%3E\" data-src=\"https:\/\/mallorcafloralweddings.com\/wp-content\/uploads\/2025\/04\/IMG_8829-1-e1744876825905-1160x1160.jpg\" data-srcset=\"https:\/\/mallorcafloralweddings.com\/wp-content\/uploads\/2025\/04\/IMG_8829-1-e1744876825905-1160x1160.jpg 1160w\" loading=\"eager\" style=\"--ratio: 1160 \/ 1160\" sizes=\"(max-width: 1160px) 100vw, 1160px\" alt=\"\" width=\"1160\" height=\"1160\"  \/><span class=\"gallery-rollover\"><\/span><\/a><\/figure><\/div><div data-post-id=\"669\" data-date=\"2025-04-17T07:55:10+00:00\" data-name=\"\"><figure class=\"post\"><a href=\"https:\/\/mallorcafloralweddings.com\/wp-content\/uploads\/2025\/04\/hotels.jpg\" class=\"rollover dt-pswp-item layzr-bg\" data-large_image_width=\"630\" data-large_image_height=\"952\" data-dt-img-description=\"\" ><img decoding=\"async\" class=\"preload-me owl-lazy-load aspect\" src=\"data:image\/svg+xml,%3Csvg%20xmlns%3D&#39;http%3A%2F%2Fwww.w3.org%2F2000%2Fsvg&#39;%20viewBox%3D&#39;0%200%20630%20630&#39;%2F%3E\" data-src=\"https:\/\/mallorcafloralweddings.com\/wp-content\/uploads\/2025\/04\/hotels-630x630.jpg\" data-srcset=\"https:\/\/mallorcafloralweddings.com\/wp-content\/uploads\/2025\/04\/hotels-630x630.jpg 630w\" loading=\"eager\" style=\"--ratio: 630 \/ 630\" sizes=\"(max-width: 630px) 100vw, 630px\" alt=\"\" width=\"630\" height=\"630\"  \/><span class=\"gallery-rollover\"><\/span><\/a><\/figure><\/div><\/div><\/div><\/div><\/div><\/div>\n<\/div>","protected":false},"excerpt":{"rendered":"<p>FLORAL ARRANGEMENTS CAN ELEVATE ANY BUSINESS ENVIRONMENT, WHETHER IT\u2019S A HIGH-END HOTEL LOBBY OR A RELAXING SPA Hotels: Lush floral displays can greet guests upon arrival, creating a welcoming atmosphere. Large vases or installations in the lobby can set the tone for the entire stay, while more subtle arrangements in rooms or hallways add elegance&hellip;<\/p>","protected":false},"author":2,"featured_media":0,"parent":0,"menu_order":0,"comment_status":"closed","ping_status":"closed","template":"","meta":{"_monsterinsights_skip_tracking":false,"_monsterinsights_sitenote_active":false,"_monsterinsights_sitenote_note":"","_monsterinsights_sitenote_category":0,"footnotes":""},"class_list":["post-493","page","type-page","status-publish","hentry","description-off"],"yoast_head":"<!-- This site is optimized with the Yoast SEO plugin v27.4 - https:\/\/yoast.com\/product\/yoast-seo-wordpress\/ -->\n<title>floral decoration in other establishments - Mallorca Floral Weddings<\/title>\n<meta name=\"robots\" content=\"index, follow, max-snippet:-1, max-image-preview:large, max-video-preview:-1\" \/>\n<link rel=\"canonical\" href=\"https:\/\/mallorcafloralweddings.com\/es\/decorations-stores-2\/\" \/>\n<meta property=\"og:locale\" content=\"es_ES\" \/>\n<meta property=\"og:type\" content=\"article\" \/>\n<meta property=\"og:title\" content=\"floral decoration in other establishments - Mallorca Floral Weddings\" \/>\n<meta property=\"og:url\" content=\"https:\/\/mallorcafloralweddings.com\/es\/decorations-stores-2\/\" \/>\n<meta property=\"og:site_name\" content=\"Mallorca Floral Weddings\" \/>\n<meta property=\"article:modified_time\" content=\"2025-04-22T08:25:04+00:00\" \/>\n<meta name=\"twitter:card\" content=\"summary_large_image\" \/>\n<meta name=\"twitter:label1\" content=\"Tiempo de lectura\" \/>\n\t<meta name=\"twitter:data1\" content=\"2 minutos\" \/>\n<script type=\"application\/ld+json\" class=\"yoast-schema-graph\">{\"@context\":\"https:\\\/\\\/schema.org\",\"@graph\":[{\"@type\":\"WebPage\",\"@id\":\"https:\\\/\\\/mallorcafloralweddings.com\\\/decorations-stores-2\\\/\",\"url\":\"https:\\\/\\\/mallorcafloralweddings.com\\\/decorations-stores-2\\\/\",\"name\":\"floral decoration in other establishments - Mallorca Floral Weddings\",\"isPartOf\":{\"@id\":\"https:\\\/\\\/mallorcafloralweddings.com\\\/#website\"},\"datePublished\":\"2025-01-31T15:33:10+00:00\",\"dateModified\":\"2025-04-22T08:25:04+00:00\",\"breadcrumb\":{\"@id\":\"https:\\\/\\\/mallorcafloralweddings.com\\\/decorations-stores-2\\\/#breadcrumb\"},\"inLanguage\":\"es\",\"potentialAction\":[{\"@type\":\"ReadAction\",\"target\":[\"https:\\\/\\\/mallorcafloralweddings.com\\\/decorations-stores-2\\\/\"]}]},{\"@type\":\"BreadcrumbList\",\"@id\":\"https:\\\/\\\/mallorcafloralweddings.com\\\/decorations-stores-2\\\/#breadcrumb\",\"itemListElement\":[{\"@type\":\"ListItem\",\"position\":1,\"name\":\"Portada\",\"item\":\"https:\\\/\\\/mallorcafloralweddings.com\\\/\"},{\"@type\":\"ListItem\",\"position\":2,\"name\":\"floral decoration in other establishments\"}]},{\"@type\":\"WebSite\",\"@id\":\"https:\\\/\\\/mallorcafloralweddings.com\\\/#website\",\"url\":\"https:\\\/\\\/mallorcafloralweddings.com\\\/\",\"name\":\"Mallorca Floral Weddings\",\"description\":\"Renting Wedding Flowers on Mallorca\",\"publisher\":{\"@id\":\"https:\\\/\\\/mallorcafloralweddings.com\\\/#organization\"},\"potentialAction\":[{\"@type\":\"SearchAction\",\"target\":{\"@type\":\"EntryPoint\",\"urlTemplate\":\"https:\\\/\\\/mallorcafloralweddings.com\\\/?s={search_term_string}\"},\"query-input\":{\"@type\":\"PropertyValueSpecification\",\"valueRequired\":true,\"valueName\":\"search_term_string\"}}],\"inLanguage\":\"es\"},{\"@type\":\"Organization\",\"@id\":\"https:\\\/\\\/mallorcafloralweddings.com\\\/#organization\",\"name\":\"Mallorca Floral Weddings\",\"url\":\"https:\\\/\\\/mallorcafloralweddings.com\\\/\",\"logo\":{\"@type\":\"ImageObject\",\"inLanguage\":\"es\",\"@id\":\"https:\\\/\\\/mallorcafloralweddings.com\\\/#\\\/schema\\\/logo\\\/image\\\/\",\"url\":\"https:\\\/\\\/mallorcafloralweddings.com\\\/wp-content\\\/uploads\\\/2025\\\/03\\\/logo-ft.png\",\"contentUrl\":\"https:\\\/\\\/mallorcafloralweddings.com\\\/wp-content\\\/uploads\\\/2025\\\/03\\\/logo-ft.png\",\"width\":143,\"height\":50,\"caption\":\"Mallorca Floral Weddings\"},\"image\":{\"@id\":\"https:\\\/\\\/mallorcafloralweddings.com\\\/#\\\/schema\\\/logo\\\/image\\\/\"},\"sameAs\":[\"https:\\\/\\\/www.instagram.com\\\/mallorca_floral_weddings\\\/?hl=es\"]}]}<\/script>\n<!-- \/ Yoast SEO plugin. -->","yoast_head_json":{"title":"Decoraci\u00f3n floral en otros establecimientos - Mallorca Floral Weddings","robots":{"index":"index","follow":"follow","max-snippet":"max-snippet:-1","max-image-preview":"max-image-preview:large","max-video-preview":"max-video-preview:-1"},"canonical":"https:\/\/mallorcafloralweddings.com\/es\/decorations-stores-2\/","og_locale":"es_ES","og_type":"article","og_title":"floral decoration in other establishments - Mallorca Floral Weddings","og_url":"https:\/\/mallorcafloralweddings.com\/es\/decorations-stores-2\/","og_site_name":"Mallorca Floral Weddings","article_modified_time":"2025-04-22T08:25:04+00:00","twitter_card":"summary_large_image","twitter_misc":{"Tiempo de lectura":"2 minutos"},"schema":{"@context":"https:\/\/schema.org","@graph":[{"@type":"WebPage","@id":"https:\/\/mallorcafloralweddings.com\/decorations-stores-2\/","url":"https:\/\/mallorcafloralweddings.com\/decorations-stores-2\/","name":"Decoraci\u00f3n floral en otros establecimientos - Mallorca Floral Weddings","isPartOf":{"@id":"https:\/\/mallorcafloralweddings.com\/#website"},"datePublished":"2025-01-31T15:33:10+00:00","dateModified":"2025-04-22T08:25:04+00:00","breadcrumb":{"@id":"https:\/\/mallorcafloralweddings.com\/decorations-stores-2\/#breadcrumb"},"inLanguage":"es","potentialAction":[{"@type":"ReadAction","target":["https:\/\/mallorcafloralweddings.com\/decorations-stores-2\/"]}]},{"@type":"BreadcrumbList","@id":"https:\/\/mallorcafloralweddings.com\/decorations-stores-2\/#breadcrumb","itemListElement":[{"@type":"ListItem","position":1,"name":"Portada","item":"https:\/\/mallorcafloralweddings.com\/"},{"@type":"ListItem","position":2,"name":"floral decoration in other establishments"}]},{"@type":"WebSite","@id":"https:\/\/mallorcafloralweddings.com\/#website","url":"https:\/\/mallorcafloralweddings.com\/","name":"Bodas florales en Mallorca","description":"Alquiler de flores para bodas en Mallorca","publisher":{"@id":"https:\/\/mallorcafloralweddings.com\/#organization"},"potentialAction":[{"@type":"SearchAction","target":{"@type":"EntryPoint","urlTemplate":"https:\/\/mallorcafloralweddings.com\/?s={search_term_string}"},"query-input":{"@type":"PropertyValueSpecification","valueRequired":true,"valueName":"search_term_string"}}],"inLanguage":"es"},{"@type":"Organization","@id":"https:\/\/mallorcafloralweddings.com\/#organization","name":"Bodas florales en Mallorca","url":"https:\/\/mallorcafloralweddings.com\/","logo":{"@type":"ImageObject","inLanguage":"es","@id":"https:\/\/mallorcafloralweddings.com\/#\/schema\/logo\/image\/","url":"https:\/\/mallorcafloralweddings.com\/wp-content\/uploads\/2025\/03\/logo-ft.png","contentUrl":"https:\/\/mallorcafloralweddings.com\/wp-content\/uploads\/2025\/03\/logo-ft.png","width":143,"height":50,"caption":"Mallorca Floral Weddings"},"image":{"@id":"https:\/\/mallorcafloralweddings.com\/#\/schema\/logo\/image\/"},"sameAs":["https:\/\/www.instagram.com\/mallorca_floral_weddings\/?hl=es"]}]}},"_links":{"self":[{"href":"https:\/\/mallorcafloralweddings.com\/es\/wp-json\/wp\/v2\/pages\/493","targetHints":{"allow":["GET"]}}],"collection":[{"href":"https:\/\/mallorcafloralweddings.com\/es\/wp-json\/wp\/v2\/pages"}],"about":[{"href":"https:\/\/mallorcafloralweddings.com\/es\/wp-json\/wp\/v2\/types\/page"}],"author":[{"embeddable":true,"href":"https:\/\/mallorcafloralweddings.com\/es\/wp-json\/wp\/v2\/users\/2"}],"replies":[{"embeddable":true,"href":"https:\/\/mallorcafloralweddings.com\/es\/wp-json\/wp\/v2\/comments?post=493"}],"version-history":[{"count":14,"href":"https:\/\/mallorcafloralweddings.com\/es\/wp-json\/wp\/v2\/pages\/493\/revisions"}],"predecessor-version":[{"id":732,"href":"https:\/\/mallorcafloralweddings.com\/es\/wp-json\/wp\/v2\/pages\/493\/revisions\/732"}],"wp:attachment":[{"href":"https:\/\/mallorcafloralweddings.com\/es\/wp-json\/wp\/v2\/media?parent=493"}],"curies":[{"name":"wp","href":"https:\/\/api.w.org\/{rel}","templated":true}]}}