{"id":483,"date":"2025-01-31T15:33:10","date_gmt":"2025-01-31T15:33:10","guid":{"rendered":"https:\/\/mallorcafloralweddings.com\/?page_id=483"},"modified":"2025-04-01T09:23:25","modified_gmt":"2025-04-01T09:23:25","slug":"decorations-entrances","status":"publish","type":"page","link":"https:\/\/mallorcafloralweddings.com\/es\/decoraciones-de-entradas\/","title":{"rendered":"Decoraci\u00f3n floral en entradas"},"content":{"rendered":"<div class=\"wpb-content-wrapper\"><div class=\"vc_row wpb_row vc_row-fluid vc_row-o-content-top vc_row-flex\"><div class=\"wpb_column vc_column_container vc_col-sm-6\"><div class=\"vc_column-inner\"><div class=\"wpb_wrapper\"><style type=\"text\/css\" data-type=\"the7_shortcodes-inline-css\">.shortcode-single-image-wrap.shortcode-single-image-6b246cc084d50aac5c4dcbfe01062d79.enable-bg-rollover .rollover i,\n.shortcode-single-image-wrap.shortcode-single-image-6b246cc084d50aac5c4dcbfe01062d79.enable-bg-rollover .rollover-video i {\n  background: -webkit-linear-gradient();\n  background: linear-gradient();\n}\n.shortcode-single-image-wrap.shortcode-single-image-6b246cc084d50aac5c4dcbfe01062d79 .rollover-icon {\n  font-size: 32px;\n  color: #ffffff;\n  min-width: 44px;\n  min-height: 44px;\n  line-height: 44px;\n  border-radius: 100px;\n  border-style: solid;\n  border-width: 0px;\n}\n.dt-icon-bg-on.shortcode-single-image-wrap.shortcode-single-image-6b246cc084d50aac5c4dcbfe01062d79 .rollover-icon {\n  background: rgba(255,255,255,0.3);\n  box-shadow: none;\n}<\/style><div class=\"shortcode-single-image-wrap shortcode-single-image-6b246cc084d50aac5c4dcbfe01062d79 alignnone  enable-bg-rollover dt-icon-bg-off\" style=\"margin-top:0px; margin-bottom:0px; margin-left:0px; margin-right:0px;\"><div class=\"shortcode-single-image\"><div class=\"fancy-media-wrap  layzr-bg\" style=\"\"><img fetchpriority=\"high\" decoding=\"async\" class=\"preload-me lazy-load aspect\" src=\"data:image\/svg+xml,%3Csvg%20xmlns%3D&#39;http%3A%2F%2Fwww.w3.org%2F2000%2Fsvg&#39;%20viewBox%3D&#39;0%200%201170%20884&#39;%2F%3E\" data-src=\"https:\/\/mallorcafloralweddings.com\/wp-content\/uploads\/2025\/03\/entrance-1.jpg\" data-srcset=\"https:\/\/mallorcafloralweddings.com\/wp-content\/uploads\/2025\/03\/entrance-1.jpg 1170w\" loading=\"eager\" sizes=\"(max-width: 1170px) 100vw, 1170px\" width=\"1170\" height=\"884\"  data-dt-location=\"https:\/\/mallorcafloralweddings.com\/es\/decoraciones-de-entradas\/screenshot-6\/\" style=\"--ratio: 1170 \/ 884;\" alt=\"\" \/><\/div><\/div><\/div><div class=\"vc_empty_space\"   style=\"height: 50px\"><span class=\"vc_empty_space_inner\"><\/span><\/div><\/div><\/div><\/div><div class=\"wpb_column vc_column_container vc_col-sm-6\"><div class=\"vc_column-inner\"><div class=\"wpb_wrapper\">\n\t<div class=\"wpb_text_column wpb_content_element\" >\n\t\t<div class=\"wpb_wrapper\">\n\t\t\t<h5 style=\"text-align: center;\">La entrada a cualquier espacio es la primera impresi\u00f3n, y las decoraciones florales son la manera perfecta de hacerla memorable. Un arreglo floral cuidadosamente seleccionado puede atraer a los visitantes y crear una sensaci\u00f3n de llegada, indicando que est\u00e1n a punto de entrar en algo especial.<\/h5>\n\n\t\t<\/div>\n\t<\/div>\n<div class=\"vc_separator wpb_content_element vc_separator_align_center vc_sep_width_100 vc_sep_pos_align_center vc_separator_no_text vc_sep_color_chino wpb_content_element  wpb_content_element\" ><span class=\"vc_sep_holder vc_sep_holder_l\"><span class=\"vc_sep_line\"><\/span><\/span><span class=\"vc_sep_holder vc_sep_holder_r\"><span class=\"vc_sep_line\"><\/span><\/span>\n<\/div><div class=\"standard-arrow list-divider bullet-top\"><ul>\n<li><strong>Disposici\u00f3n de la puerta:<\/strong><br \/>\nLas flores frescas en cestas colgantes, coronas o jarrones grandes colocados a la entrada de una casa o negocio resultan muy acogedoras. En las tiendas, los arreglos florales coloridos junto a la puerta pueden atraer la atenci\u00f3n y fomentar el tr\u00e1nsito peatonal. En lugares exclusivos, los arreglos florales grandes y opulentos pueden dar una primera impresi\u00f3n sofisticada.<\/li>\n<li><strong>Arcos florales:<\/strong><br \/>\nEn espacios m\u00e1s lujosos, los arcos o marquesinas cubiertos de flores pueden ser un elemento llamativo que guie a los invitados hacia el establecimiento y al mismo tiempo cree una imagen impactante.<\/li>\n<li><strong>Toques de temporada:<\/strong><br \/>\nLos arreglos florales de temporada en las entradas permiten que los establecimientos se mantengan conectados con la \u00e9poca del a\u00f1o. En oto\u00f1o, por ejemplo, se pueden ver calabazas mezcladas con crisantemos; en invierno, el acebo y las flores de Pascua a\u00f1aden un toque festivo.<\/li>\n<\/ul>\n<\/div><\/div><\/div><\/div><\/div><div class=\"vc_row wpb_row vc_row-fluid\"><div class=\"wpb_column vc_column_container vc_col-sm-12\"><div class=\"vc_column-inner\"><div class=\"wpb_wrapper\"><style type=\"text\/css\" data-type=\"the7_shortcodes-inline-css\">.gallery-carousel-shortcode.gallery-carousel-shortcode-id-be6f78c37265d65fd88cb068cfd5a842.owl-carousel .owl-nav div {\n  width: 36px;\n  height: 36px;\n  border-radius: 500px;\n}\n.dt-arrow-border-on.gallery-carousel-shortcode.gallery-carousel-shortcode-id-be6f78c37265d65fd88cb068cfd5a842.owl-carousel .owl-nav div:not(:hover):before {\n  border-width: 0px;\n}\n.dt-arrow-hover-border-on.gallery-carousel-shortcode.gallery-carousel-shortcode-id-be6f78c37265d65fd88cb068cfd5a842.owl-carousel .owl-nav div:hover:after {\n  border-width: 0px;\n}\n.gallery-carousel-shortcode.gallery-carousel-shortcode-id-be6f78c37265d65fd88cb068cfd5a842.owl-carousel .owl-nav div.owl-prev {\n  top: 50%;\n  transform: translateY(calc(-50% + 0px));\n  left: -43px;\n}\n@media all and (-ms-high-contrast: none) {\n  .gallery-carousel-shortcode.gallery-carousel-shortcode-id-be6f78c37265d65fd88cb068cfd5a842.owl-carousel .owl-nav div.owl-prev {\n    transform: translateY(-50%);\n    margin-top: 0px;\n  }\n}\n.gallery-carousel-shortcode.gallery-carousel-shortcode-id-be6f78c37265d65fd88cb068cfd5a842.owl-carousel .owl-nav div.owl-prev i {\n  padding: 0px 0px 0px 0px;\n}\n.gallery-carousel-shortcode.gallery-carousel-shortcode-id-be6f78c37265d65fd88cb068cfd5a842.owl-carousel .owl-nav div.owl-next {\n  top: 50%;\n  transform: translateY(calc(-50% + 0px));\n  right: -43px;\n}\n@media all and (-ms-high-contrast: none) {\n  .gallery-carousel-shortcode.gallery-carousel-shortcode-id-be6f78c37265d65fd88cb068cfd5a842.owl-carousel .owl-nav div.owl-next {\n    transform: translateY(-50%);\n    margin-top: 0px;\n  }\n}\n.gallery-carousel-shortcode.gallery-carousel-shortcode-id-be6f78c37265d65fd88cb068cfd5a842.owl-carousel .owl-nav div.owl-next i {\n  padding: 0px 0px 0px 0px;\n}\n.gallery-carousel-shortcode.gallery-carousel-shortcode-id-be6f78c37265d65fd88cb068cfd5a842.owl-carousel .owl-nav i {\n  font-size: 18px;\n}\n.gallery-carousel-shortcode.gallery-carousel-shortcode-id-be6f78c37265d65fd88cb068cfd5a842.owl-carousel .owl-nav div:not(:hover) i,\n.gallery-carousel-shortcode.gallery-carousel-shortcode-id-be6f78c37265d65fd88cb068cfd5a842.owl-carousel .owl-nav div:not(:hover) i:before {\n  color: #333333;\n  background: none;\n}\n.gallery-carousel-shortcode.gallery-carousel-shortcode-id-be6f78c37265d65fd88cb068cfd5a842.owl-carousel .owl-nav div:hover i,\n.gallery-carousel-shortcode.gallery-carousel-shortcode-id-be6f78c37265d65fd88cb068cfd5a842.owl-carousel .owl-nav div:hover i:before {\n  color: rgba(255,255,255,0.75);\n  background: none;\n}\n.gallery-carousel-shortcode.gallery-carousel-shortcode-id-be6f78c37265d65fd88cb068cfd5a842 .owl-dots {\n  top: calc(100% + 20px);\n  left: 50%;\n  transform: translateX(calc(-50% + 0px));\n}\n@media all and (-ms-high-contrast: none) {\n  .gallery-carousel-shortcode.gallery-carousel-shortcode-id-be6f78c37265d65fd88cb068cfd5a842 .owl-dots {\n    transform: translateX(-50%);\n    margin-left: 0px;\n  }\n}\n.gallery-carousel-shortcode.gallery-carousel-shortcode-id-be6f78c37265d65fd88cb068cfd5a842 .owl-dot {\n  width: 10px;\n  height: 10px;\n  margin: 0 8px;\n}\n@media screen and (max-width: 778px) {\n  .gallery-carousel-shortcode.gallery-carousel-shortcode-id-be6f78c37265d65fd88cb068cfd5a842.hide-arrows .owl-nav a {\n    display: none;\n  }\n}\n@media screen and (max-width: 778px) {\n  .gallery-carousel-shortcode.gallery-carousel-shortcode-id-be6f78c37265d65fd88cb068cfd5a842.reposition-arrows .owl-nav .owl-prev {\n    top: 50%;\n    transform: translateY(calc(-50% + 0px));\n    left: 10px;\n  }\n  .gallery-carousel-shortcode.gallery-carousel-shortcode-id-be6f78c37265d65fd88cb068cfd5a842.reposition-arrows .owl-nav .owl-next {\n    top: 50%;\n    transform: translateY(calc(-50% + 0px));\n    right: 10px;\n  }\n}\n@media screen and (max-width: 778px) and all and (-ms-high-contrast: none) {\n  .gallery-carousel-shortcode.gallery-carousel-shortcode-id-be6f78c37265d65fd88cb068cfd5a842.reposition-arrows .owl-nav .owl-prev {\n    transform: translateY(-50%);\n    margin-top: 0px;\n  }\n}\n@media screen and (max-width: 778px) and all and (-ms-high-contrast: none) {\n  .gallery-carousel-shortcode.gallery-carousel-shortcode-id-be6f78c37265d65fd88cb068cfd5a842.reposition-arrows .owl-nav .owl-next {\n    transform: translateY(-50%);\n    margin-top: 0px;\n  }\n}\n.gallery-carousel-shortcode.gallery-carousel-shortcode-id-be6f78c37265d65fd88cb068cfd5a842 figure,\n.gallery-carousel-shortcode.gallery-carousel-shortcode-id-be6f78c37265d65fd88cb068cfd5a842 .rollover,\n.gallery-carousel-shortcode.gallery-carousel-shortcode-id-be6f78c37265d65fd88cb068cfd5a842 img,\n.gallery-carousel-shortcode.gallery-carousel-shortcode-id-be6f78c37265d65fd88cb068cfd5a842 .gallery-rollover {\n  border-radius: 2px;\n}\n.gallery-carousel-shortcode.gallery-carousel-shortcode-id-be6f78c37265d65fd88cb068cfd5a842.enable-bg-rollover .gallery-rollover {\n  background: -webkit-linear-gradient();\n  background: linear-gradient();\n}\n.gallery-carousel-shortcode.gallery-carousel-shortcode-id-be6f78c37265d65fd88cb068cfd5a842.enable-img-shadow .owl-stage-outer {\n  padding: 9px 0;\n}\n.gallery-carousel-shortcode.gallery-carousel-shortcode-id-be6f78c37265d65fd88cb068cfd5a842.enable-bg-rollover.hover-scale figure .rollover:after {\n  background: -webkit-linear-gradient();\n  background: linear-gradient();\n}\n.gallery-carousel-shortcode.gallery-carousel-shortcode-id-be6f78c37265d65fd88cb068cfd5a842.gallery-shortcode .gallery-zoom-ico {\n  width: 44px;\n  height: 44px;\n  line-height: 44px;\n  border-radius: 100px;\n  margin: -22px 0 0 -22px;\n  border-width: 0px;\n}\n.dt-icon-bg-on.gallery-carousel-shortcode.gallery-carousel-shortcode-id-be6f78c37265d65fd88cb068cfd5a842.gallery-shortcode .gallery-zoom-ico {\n  background: rgba(255,255,255,0.3);\n  box-shadow: none;\n}\n.gallery-carousel-shortcode.gallery-carousel-shortcode-id-be6f78c37265d65fd88cb068cfd5a842.gallery-shortcode .gallery-zoom-ico:before,\n.gallery-carousel-shortcode.gallery-carousel-shortcode-id-be6f78c37265d65fd88cb068cfd5a842.gallery-shortcode .gallery-zoom-ico span {\n  font-size: 32px;\n  line-height: 44px;\n  color: #ffffff;\n  background: none;\n}<\/style><div class=\"owl-carousel gallery-carousel-shortcode gallery-shortcode  dt-gallery-container dt-owl-carousel-call gallery-carousel-shortcode-id-be6f78c37265d65fd88cb068cfd5a842 enable-bg-rollover meta-info-off dt-arrow-border-on dt-arrow-hover-border-on bullets-small-dot-stroke reposition-arrows dt-icon-bg-off arrows-bg-on disable-arrows-hover-bg arrows-hover-bg-on  hover-fade\" data-scroll-mode=\"1\" data-col-num=\"3\" data-wide-col-num=\"3\" data-laptop-col=\"3\" data-h-tablet-columns-num=\"3\" data-v-tablet-columns-num=\"3\" data-phone-columns-num=\"1\" data-col-gap=\"5\" data-stage-padding=\"0\" data-speed=\"600\" data-autoplay=\"false\" data-autoplay_speed=\"6000\" data-arrows=\"true\" data-bullet=\"false\" data-next-icon=\"icon-ar-017-r\" data-prev-icon=\"icon-ar-017-l\" data-img-shadow-size=\"12px\" data-img-shadow-spread=\"3px\"><div data-post-id=\"487\" data-date=\"2025-03-12T11:58:04+00:00\" data-name=\"\"><figure class=\"post\"><a href=\"https:\/\/mallorcafloralweddings.com\/wp-content\/uploads\/2025\/03\/entrance-5.jpg\" class=\"rollover dt-pswp-item layzr-bg\" data-large_image_width=\"697\" data-large_image_height=\"799\" data-dt-img-description=\"\" ><img decoding=\"async\" class=\"preload-me owl-lazy-load aspect\" src=\"data:image\/svg+xml,%3Csvg%20xmlns%3D&#39;http%3A%2F%2Fwww.w3.org%2F2000%2Fsvg&#39;%20viewBox%3D&#39;0%200%20697%20697&#39;%2F%3E\" data-src=\"https:\/\/mallorcafloralweddings.com\/wp-content\/uploads\/2025\/03\/entrance-5-697x697.jpg\" data-srcset=\"https:\/\/mallorcafloralweddings.com\/wp-content\/uploads\/2025\/03\/entrance-5-697x697.jpg 697w\" loading=\"eager\" style=\"--ratio: 697 \/ 697\" sizes=\"(max-width: 697px) 100vw, 697px\" alt=\"\" width=\"697\" height=\"697\"  \/><span class=\"gallery-rollover\"><\/span><\/a><\/figure><\/div><div data-post-id=\"488\" data-date=\"2025-03-12T11:58:05+00:00\" data-name=\"\"><figure class=\"post\"><a href=\"https:\/\/mallorcafloralweddings.com\/wp-content\/uploads\/2025\/03\/entrance-4.jpg\" class=\"rollover dt-pswp-item layzr-bg\" data-large_image_width=\"1170\" data-large_image_height=\"718\" data-dt-img-description=\"\" ><img decoding=\"async\" class=\"preload-me owl-lazy-load aspect\" src=\"data:image\/svg+xml,%3Csvg%20xmlns%3D&#39;http%3A%2F%2Fwww.w3.org%2F2000%2Fsvg&#39;%20viewBox%3D&#39;0%200%20718%20718&#39;%2F%3E\" data-src=\"https:\/\/mallorcafloralweddings.com\/wp-content\/uploads\/2025\/03\/entrance-4-718x718.jpg\" data-srcset=\"https:\/\/mallorcafloralweddings.com\/wp-content\/uploads\/2025\/03\/entrance-4-718x718.jpg 718w\" loading=\"eager\" style=\"--ratio: 718 \/ 718\" sizes=\"(max-width: 718px) 100vw, 718px\" alt=\"\" width=\"718\" height=\"718\"  \/><span class=\"gallery-rollover\"><\/span><\/a><\/figure><\/div><div data-post-id=\"489\" data-date=\"2025-03-12T11:58:05+00:00\" data-name=\"\"><figure class=\"post\"><a href=\"https:\/\/mallorcafloralweddings.com\/wp-content\/uploads\/2025\/03\/entrance-3.jpg\" class=\"rollover dt-pswp-item layzr-bg\" data-large_image_width=\"1080\" data-large_image_height=\"1393\" data-dt-img-description=\"\" ><img decoding=\"async\" class=\"preload-me owl-lazy-load aspect\" src=\"data:image\/svg+xml,%3Csvg%20xmlns%3D&#39;http%3A%2F%2Fwww.w3.org%2F2000%2Fsvg&#39;%20viewBox%3D&#39;0%200%201080%201080&#39;%2F%3E\" data-src=\"https:\/\/mallorcafloralweddings.com\/wp-content\/uploads\/2025\/03\/entrance-3-1080x1080.jpg\" data-srcset=\"https:\/\/mallorcafloralweddings.com\/wp-content\/uploads\/2025\/03\/entrance-3-1080x1080.jpg 1080w\" loading=\"eager\" style=\"--ratio: 1080 \/ 1080\" sizes=\"(max-width: 1080px) 100vw, 1080px\" alt=\"\" width=\"1080\" height=\"1080\"  \/><span class=\"gallery-rollover\"><\/span><\/a><\/figure><\/div><div data-post-id=\"490\" data-date=\"2025-03-12T11:58:06+00:00\" data-name=\"\"><figure class=\"post\"><a href=\"https:\/\/mallorcafloralweddings.com\/wp-content\/uploads\/2025\/03\/entrance.jpg\" class=\"rollover dt-pswp-item layzr-bg\" data-large_image_width=\"820\" data-large_image_height=\"942\" data-dt-img-description=\"\" ><img decoding=\"async\" class=\"preload-me owl-lazy-load aspect\" src=\"data:image\/svg+xml,%3Csvg%20xmlns%3D&#39;http%3A%2F%2Fwww.w3.org%2F2000%2Fsvg&#39;%20viewBox%3D&#39;0%200%20820%20820&#39;%2F%3E\" data-src=\"https:\/\/mallorcafloralweddings.com\/wp-content\/uploads\/2025\/03\/entrance-820x820.jpg\" data-srcset=\"https:\/\/mallorcafloralweddings.com\/wp-content\/uploads\/2025\/03\/entrance-820x820.jpg 820w\" loading=\"eager\" style=\"--ratio: 820 \/ 820\" sizes=\"(max-width: 820px) 100vw, 820px\" alt=\"\" width=\"820\" height=\"820\"  \/><span class=\"gallery-rollover\"><\/span><\/a><\/figure><\/div><div data-post-id=\"491\" data-date=\"2025-03-12T11:58:11+00:00\" data-name=\"\"><figure class=\"post\"><a href=\"https:\/\/mallorcafloralweddings.com\/wp-content\/uploads\/2025\/03\/entrance-2.jpg\" class=\"rollover dt-pswp-item layzr-bg\" data-large_image_width=\"1170\" data-large_image_height=\"1554\" data-dt-img-description=\"\" ><img decoding=\"async\" class=\"preload-me owl-lazy-load aspect\" src=\"data:image\/svg+xml,%3Csvg%20xmlns%3D&#39;http%3A%2F%2Fwww.w3.org%2F2000%2Fsvg&#39;%20viewBox%3D&#39;0%200%201170%201170&#39;%2F%3E\" data-src=\"https:\/\/mallorcafloralweddings.com\/wp-content\/uploads\/2025\/03\/entrance-2-1170x1170.jpg\" data-srcset=\"https:\/\/mallorcafloralweddings.com\/wp-content\/uploads\/2025\/03\/entrance-2-1170x1170.jpg 1170w\" loading=\"eager\" style=\"--ratio: 1170 \/ 1170\" sizes=\"(max-width: 1170px) 100vw, 1170px\" alt=\"\" width=\"1170\" height=\"1170\"  \/><span class=\"gallery-rollover\"><\/span><\/a><\/figure><\/div><\/div><\/div><\/div><\/div><\/div>\n<\/div>","protected":false},"excerpt":{"rendered":"<p>THE ENTRANCE TO ANY SPACE IS THE FIRST IMPRESSION, AND FLORAL DECORATIONS ARE A PERFECT WAY TO MAKE IT MEMORABLE. A CAREFULLY CURATED FLORAL ARRANGEMENT CAN DRAW VISITORS IN AND CREATE A SENSE OF ARRIVAL, SIGNALING THAT THEY\u2019RE ABOUT TO STEP INTO SOMETHING SPECIAL Doorway Arrangements: Fresh flowers in hanging baskets, wreaths, or large vases&hellip;<\/p>","protected":false},"author":2,"featured_media":0,"parent":0,"menu_order":0,"comment_status":"closed","ping_status":"closed","template":"","meta":{"_monsterinsights_skip_tracking":false,"_monsterinsights_sitenote_active":false,"_monsterinsights_sitenote_note":"","_monsterinsights_sitenote_category":0,"footnotes":""},"class_list":["post-483","page","type-page","status-publish","hentry","description-off"],"yoast_head":"<!-- This site is optimized with the Yoast SEO plugin v27.4 - https:\/\/yoast.com\/product\/yoast-seo-wordpress\/ -->\n<title>Floral decoration in entrances - Mallorca Floral Weddings<\/title>\n<meta name=\"robots\" content=\"index, follow, max-snippet:-1, max-image-preview:large, max-video-preview:-1\" \/>\n<link rel=\"canonical\" href=\"https:\/\/mallorcafloralweddings.com\/es\/decorations-entrances\/\" \/>\n<meta property=\"og:locale\" content=\"es_ES\" \/>\n<meta property=\"og:type\" content=\"article\" \/>\n<meta property=\"og:title\" content=\"Floral decoration in entrances - Mallorca Floral Weddings\" \/>\n<meta property=\"og:url\" content=\"https:\/\/mallorcafloralweddings.com\/es\/decorations-entrances\/\" \/>\n<meta property=\"og:site_name\" content=\"Mallorca Floral Weddings\" \/>\n<meta property=\"article:modified_time\" content=\"2025-04-01T09:23:25+00:00\" \/>\n<meta name=\"twitter:card\" content=\"summary_large_image\" \/>\n<meta name=\"twitter:label1\" content=\"Tiempo de lectura\" \/>\n\t<meta name=\"twitter:data1\" content=\"1 minuto\" \/>\n<script type=\"application\/ld+json\" class=\"yoast-schema-graph\">{\"@context\":\"https:\\\/\\\/schema.org\",\"@graph\":[{\"@type\":\"WebPage\",\"@id\":\"https:\\\/\\\/mallorcafloralweddings.com\\\/decorations-entrances\\\/\",\"url\":\"https:\\\/\\\/mallorcafloralweddings.com\\\/decorations-entrances\\\/\",\"name\":\"Floral decoration in entrances - Mallorca Floral Weddings\",\"isPartOf\":{\"@id\":\"https:\\\/\\\/mallorcafloralweddings.com\\\/#website\"},\"datePublished\":\"2025-01-31T15:33:10+00:00\",\"dateModified\":\"2025-04-01T09:23:25+00:00\",\"breadcrumb\":{\"@id\":\"https:\\\/\\\/mallorcafloralweddings.com\\\/decorations-entrances\\\/#breadcrumb\"},\"inLanguage\":\"es\",\"potentialAction\":[{\"@type\":\"ReadAction\",\"target\":[\"https:\\\/\\\/mallorcafloralweddings.com\\\/decorations-entrances\\\/\"]}]},{\"@type\":\"BreadcrumbList\",\"@id\":\"https:\\\/\\\/mallorcafloralweddings.com\\\/decorations-entrances\\\/#breadcrumb\",\"itemListElement\":[{\"@type\":\"ListItem\",\"position\":1,\"name\":\"Portada\",\"item\":\"https:\\\/\\\/mallorcafloralweddings.com\\\/\"},{\"@type\":\"ListItem\",\"position\":2,\"name\":\"Floral decoration in entrances\"}]},{\"@type\":\"WebSite\",\"@id\":\"https:\\\/\\\/mallorcafloralweddings.com\\\/#website\",\"url\":\"https:\\\/\\\/mallorcafloralweddings.com\\\/\",\"name\":\"Mallorca Floral Weddings\",\"description\":\"Renting Wedding Flowers on Mallorca\",\"publisher\":{\"@id\":\"https:\\\/\\\/mallorcafloralweddings.com\\\/#organization\"},\"potentialAction\":[{\"@type\":\"SearchAction\",\"target\":{\"@type\":\"EntryPoint\",\"urlTemplate\":\"https:\\\/\\\/mallorcafloralweddings.com\\\/?s={search_term_string}\"},\"query-input\":{\"@type\":\"PropertyValueSpecification\",\"valueRequired\":true,\"valueName\":\"search_term_string\"}}],\"inLanguage\":\"es\"},{\"@type\":\"Organization\",\"@id\":\"https:\\\/\\\/mallorcafloralweddings.com\\\/#organization\",\"name\":\"Mallorca Floral Weddings\",\"url\":\"https:\\\/\\\/mallorcafloralweddings.com\\\/\",\"logo\":{\"@type\":\"ImageObject\",\"inLanguage\":\"es\",\"@id\":\"https:\\\/\\\/mallorcafloralweddings.com\\\/#\\\/schema\\\/logo\\\/image\\\/\",\"url\":\"https:\\\/\\\/mallorcafloralweddings.com\\\/wp-content\\\/uploads\\\/2025\\\/03\\\/logo-ft.png\",\"contentUrl\":\"https:\\\/\\\/mallorcafloralweddings.com\\\/wp-content\\\/uploads\\\/2025\\\/03\\\/logo-ft.png\",\"width\":143,\"height\":50,\"caption\":\"Mallorca Floral Weddings\"},\"image\":{\"@id\":\"https:\\\/\\\/mallorcafloralweddings.com\\\/#\\\/schema\\\/logo\\\/image\\\/\"},\"sameAs\":[\"https:\\\/\\\/www.instagram.com\\\/mallorca_floral_weddings\\\/?hl=es\"]}]}<\/script>\n<!-- \/ Yoast SEO plugin. -->","yoast_head_json":{"title":"Decoraci\u00f3n floral en entradas - Mallorca Floral Weddings","robots":{"index":"index","follow":"follow","max-snippet":"max-snippet:-1","max-image-preview":"max-image-preview:large","max-video-preview":"max-video-preview:-1"},"canonical":"https:\/\/mallorcafloralweddings.com\/es\/decorations-entrances\/","og_locale":"es_ES","og_type":"article","og_title":"Floral decoration in entrances - Mallorca Floral Weddings","og_url":"https:\/\/mallorcafloralweddings.com\/es\/decorations-entrances\/","og_site_name":"Mallorca Floral Weddings","article_modified_time":"2025-04-01T09:23:25+00:00","twitter_card":"summary_large_image","twitter_misc":{"Tiempo de lectura":"1 minuto"},"schema":{"@context":"https:\/\/schema.org","@graph":[{"@type":"WebPage","@id":"https:\/\/mallorcafloralweddings.com\/decorations-entrances\/","url":"https:\/\/mallorcafloralweddings.com\/decorations-entrances\/","name":"Decoraci\u00f3n floral en entradas - Mallorca Floral Weddings","isPartOf":{"@id":"https:\/\/mallorcafloralweddings.com\/#website"},"datePublished":"2025-01-31T15:33:10+00:00","dateModified":"2025-04-01T09:23:25+00:00","breadcrumb":{"@id":"https:\/\/mallorcafloralweddings.com\/decorations-entrances\/#breadcrumb"},"inLanguage":"es","potentialAction":[{"@type":"ReadAction","target":["https:\/\/mallorcafloralweddings.com\/decorations-entrances\/"]}]},{"@type":"BreadcrumbList","@id":"https:\/\/mallorcafloralweddings.com\/decorations-entrances\/#breadcrumb","itemListElement":[{"@type":"ListItem","position":1,"name":"Portada","item":"https:\/\/mallorcafloralweddings.com\/"},{"@type":"ListItem","position":2,"name":"Floral decoration in entrances"}]},{"@type":"WebSite","@id":"https:\/\/mallorcafloralweddings.com\/#website","url":"https:\/\/mallorcafloralweddings.com\/","name":"Bodas florales en Mallorca","description":"Alquiler de flores para bodas en Mallorca","publisher":{"@id":"https:\/\/mallorcafloralweddings.com\/#organization"},"potentialAction":[{"@type":"SearchAction","target":{"@type":"EntryPoint","urlTemplate":"https:\/\/mallorcafloralweddings.com\/?s={search_term_string}"},"query-input":{"@type":"PropertyValueSpecification","valueRequired":true,"valueName":"search_term_string"}}],"inLanguage":"es"},{"@type":"Organization","@id":"https:\/\/mallorcafloralweddings.com\/#organization","name":"Bodas florales en Mallorca","url":"https:\/\/mallorcafloralweddings.com\/","logo":{"@type":"ImageObject","inLanguage":"es","@id":"https:\/\/mallorcafloralweddings.com\/#\/schema\/logo\/image\/","url":"https:\/\/mallorcafloralweddings.com\/wp-content\/uploads\/2025\/03\/logo-ft.png","contentUrl":"https:\/\/mallorcafloralweddings.com\/wp-content\/uploads\/2025\/03\/logo-ft.png","width":143,"height":50,"caption":"Mallorca Floral Weddings"},"image":{"@id":"https:\/\/mallorcafloralweddings.com\/#\/schema\/logo\/image\/"},"sameAs":["https:\/\/www.instagram.com\/mallorca_floral_weddings\/?hl=es"]}]}},"_links":{"self":[{"href":"https:\/\/mallorcafloralweddings.com\/es\/wp-json\/wp\/v2\/pages\/483","targetHints":{"allow":["GET"]}}],"collection":[{"href":"https:\/\/mallorcafloralweddings.com\/es\/wp-json\/wp\/v2\/pages"}],"about":[{"href":"https:\/\/mallorcafloralweddings.com\/es\/wp-json\/wp\/v2\/types\/page"}],"author":[{"embeddable":true,"href":"https:\/\/mallorcafloralweddings.com\/es\/wp-json\/wp\/v2\/users\/2"}],"replies":[{"embeddable":true,"href":"https:\/\/mallorcafloralweddings.com\/es\/wp-json\/wp\/v2\/comments?post=483"}],"version-history":[{"count":6,"href":"https:\/\/mallorcafloralweddings.com\/es\/wp-json\/wp\/v2\/pages\/483\/revisions"}],"predecessor-version":[{"id":635,"href":"https:\/\/mallorcafloralweddings.com\/es\/wp-json\/wp\/v2\/pages\/483\/revisions\/635"}],"wp:attachment":[{"href":"https:\/\/mallorcafloralweddings.com\/es\/wp-json\/wp\/v2\/media?parent=483"}],"curies":[{"name":"wp","href":"https:\/\/api.w.org\/{rel}","templated":true}]}}