{"id":417,"date":"2025-01-31T15:33:10","date_gmt":"2025-01-31T15:33:10","guid":{"rendered":"https:\/\/mallorcafloralweddings.com\/?page_id=417"},"modified":"2025-04-17T07:32:47","modified_gmt":"2025-04-17T07:32:47","slug":"floraldecoration","status":"publish","type":"page","link":"https:\/\/mallorcafloralweddings.com\/es\/decoracion-floral\/","title":{"rendered":"decoraci\u00f3n floral"},"content":{"rendered":"<div class=\"wpb-content-wrapper\"><div class=\"vc_row wpb_row vc_row-fluid vc_row-o-content-middle vc_row-flex\"><div class=\"wpb_column vc_column_container vc_col-sm-2\"><div class=\"vc_column-inner\"><div class=\"wpb_wrapper\"><\/div><\/div><\/div><div class=\"wpb_column vc_column_container vc_col-sm-8\"><div class=\"vc_column-inner\"><div class=\"wpb_wrapper\">\n\t<div class=\"wpb_text_column wpb_content_element\" >\n\t\t<div class=\"wpb_wrapper\">\n\t\t\t<h4 style=\"text-align: center;\">\u00bfEST\u00c1S LISTO PARA TRANSFORMAR TU ESPACIO?<\/h4>\n\n\t\t<\/div>\n\t<\/div>\n\n\t<div class=\"wpb_text_column wpb_content_element\" >\n\t\t<div class=\"wpb_wrapper\">\n\t\t\t<p style=\"text-align: center;\">En <em>Bodas florales en Mallorca<\/em> Nos especializamos en crear arreglos florales espectaculares que se adaptan a su marca, realzan su entorno y mejoran la experiencia de sus clientes. Ya sea que busque renovar su tienda, cafeter\u00eda u oficina, estamos aqu\u00ed para ayudarle a crear un espacio que hable por s\u00ed solo. \u00a1Cont\u00e1ctenos hoy mismo y hagamos realidad su visi\u00f3n!<\/p>\n\n\t\t<\/div>\n\t<\/div>\n<\/div><\/div><\/div><div class=\"wpb_column vc_column_container vc_col-sm-2\"><div class=\"vc_column-inner\"><div class=\"wpb_wrapper\"><\/div><\/div><\/div><\/div><div data-vc-full-width=\"true\" data-vc-full-width-temp=\"true\" data-vc-full-width-init=\"false\" class=\"vc_row wpb_row vc_row-fluid vc_custom_1743002843053 vc_row-has-fill\"><div class=\"wpb_column vc_column_container vc_col-sm-2\"><div class=\"vc_column-inner\"><div class=\"wpb_wrapper\"><\/div><\/div><\/div><div class=\"wpb_column vc_column_container vc_col-sm-8\"><div class=\"vc_column-inner\"><div class=\"wpb_wrapper\">\n\t<div class=\"wpb_text_column wpb_content_element\" >\n\t\t<div class=\"wpb_wrapper\">\n\t\t\t<h4 style=\"text-align: center;\">TRANSFORMA TU ESPACIO CON FLORES: CREANDO UNA ATM\u00d3SFERA \u00daNICA, PODEROSA Y HERMOSA<\/h4>\n\n\t\t<\/div>\n\t<\/div>\n\n\t<div class=\"wpb_text_column wpb_content_element\" >\n\t\t<div class=\"wpb_wrapper\">\n\t\t\t<p style=\"text-align: center;\">En <em>Bodas florales en Mallorca<\/em>Creemos que las flores tienen un poder especial para revitalizar un espacio. Aportan color, calidez y personalidad, transformando cualquier estancia en un lugar acogedor y lleno de energ\u00eda. En cuanto tus clientes entran en tu espacio, quieres que sientan una energ\u00eda especial, un ambiente acogedor que los haga sentir como en casa.<br \/>\nAl decorar con flores, haces mucho m\u00e1s que simplemente alegrar un lugar. Creas un ambiente acogedor que ayuda a las personas a sentirse relajadas, felices y como en casa. Los toques florales adecuados pueden marcar la diferencia, ya sea que organices un evento, celebres una boda o simplemente amenices tu espacio cotidiano.<br \/>\nLas flores pueden cambiar el ambiente al instante, haciendo que el espacio se sienta m\u00e1s tranquilo y conectado con la naturaleza. Es como un peque\u00f1o toque de belleza que dice: &quot;Nos preocupamos por hacer de este un lugar especial para ti&quot;. As\u00ed que, ya sea que busques una explosi\u00f3n de colores vibrantes o un arreglo suave y relajante, las flores pueden hacer que tu espacio sea inolvidable.<\/p>\n\n\t\t<\/div>\n\t<\/div>\n<\/div><\/div><\/div><div class=\"wpb_column vc_column_container vc_col-sm-2\"><div class=\"vc_column-inner\"><div class=\"wpb_wrapper\"><\/div><\/div><\/div><\/div><div class=\"vc_row-full-width vc_clearfix\"><\/div><div class=\"vc_row wpb_row vc_row-fluid\"><div class=\"wpb_column vc_column_container vc_col-sm-2\"><div class=\"vc_column-inner\"><div class=\"wpb_wrapper\"><\/div><\/div><\/div><div class=\"wpb_column vc_column_container vc_col-sm-8\"><div class=\"vc_column-inner\"><div class=\"wpb_wrapper\">\n\t<div  class=\"wpb_single_image wpb_content_element vc_align_left\">\n\t\t\n\t\t<figure class=\"wpb_wrapper vc_figure\">\n\t\t\t<div class=\"vc_single_image-wrapper   vc_box_border_grey\"><img fetchpriority=\"high\" decoding=\"async\" width=\"904\" height=\"504\" src=\"https:\/\/mallorcafloralweddings.com\/wp-content\/uploads\/2025\/04\/fdec.jpg\" class=\"vc_single_image-img attachment-full\" alt=\"\" title=\"\" srcset=\"https:\/\/mallorcafloralweddings.com\/wp-content\/uploads\/2025\/04\/fdec.jpg 904w, https:\/\/mallorcafloralweddings.com\/wp-content\/uploads\/2025\/04\/fdec-300x167.jpg 300w, https:\/\/mallorcafloralweddings.com\/wp-content\/uploads\/2025\/04\/fdec-768x428.jpg 768w\" sizes=\"(max-width: 904px) 100vw, 904px\"  data-dt-location=\"https:\/\/mallorcafloralweddings.com\/es\/decoracion-floral\/fdec\/\" \/><\/div>\n\t\t<\/figure>\n\t<\/div>\n\n\t<div class=\"wpb_text_column wpb_content_element\" >\n\t\t<div class=\"wpb_wrapper\">\n\t\t\t<h4 style=\"text-align: center;\">LOS PODEROSOS BENEFICIOS DE LA DECORACI\u00d3N FLORAL<\/h4>\n<p style=\"text-align: center;\">M\u00e1s all\u00e1 de su innegable belleza, las flores ofrecen una serie de beneficios que pueden transformar su espacio y mejorar la experiencia de sus clientes, como:<\/p>\n\n\t\t<\/div>\n\t<\/div>\n<div class=\"standard-number-list list-divider bullet-top\"><ul>\n<li><strong>Aumenta la felicidad y reduce el estr\u00e9s.<\/strong><br \/>\nEstudios cient\u00edficos han demostrado que las flores pueden aumentar la sensaci\u00f3n de felicidad y reducir el estr\u00e9s. Cuando sus clientes entran en un espacio lleno de flores, se sienten naturalmente m\u00e1s relajados y a gusto, lo que les anima a quedarse y disfrutar del ambiente por m\u00e1s tiempo.<\/li>\n<li><strong>Aumenta las ventas<\/strong><br \/>\nUn espacio atractivo y acogedor atrae a los clientes. Cuanto m\u00e1s c\u00f3modos e inspirados se sientan en su espacio, m\u00e1s tiempo permanecer\u00e1n y m\u00e1s probable ser\u00e1 que realicen una compra. Al usar decoraci\u00f3n floral, no solo mejora la imagen de su negocio, sino que tambi\u00e9n influye en la experiencia general, aumentando la probabilidad de que los clientes regresen.<\/li>\n<li><strong>Mejorar la productividad<\/strong><br \/>\nLas flores no son solo para tus clientes, tambi\u00e9n pueden beneficiar a tu equipo. Estudios demuestran que la decoraci\u00f3n floral en el lugar de trabajo mejora la moral y la productividad, creando un ambiente positivo donde los empleados se sienten motivados y concentrados.<\/li>\n<li><strong>Im\u00e1n de las redes sociales<\/strong><br \/>\nEn la era digital actual, el atractivo visual lo es todo. Un arreglo floral puede convertirse en un fondo fotogr\u00e1fico para tus clientes, anim\u00e1ndolos a tomarse selfis y compartir su experiencia en redes sociales como Instagram. Un rinc\u00f3n floral con espejo es una forma sencilla y eficaz de fomentar esto, impulsando la promoci\u00f3n org\u00e1nica y aumentando tu visibilidad local.<\/li>\n<\/ul>\n<\/div><\/div><\/div><\/div><div class=\"wpb_column vc_column_container vc_col-sm-2\"><div class=\"vc_column-inner\"><div class=\"wpb_wrapper\"><\/div><\/div><\/div><\/div>\n<\/div>","protected":false},"excerpt":{"rendered":"<p>ARE YOU READY TO TRANSFORM YOUR SPACE? At Mallorca Floral Weddings we specialize in creating stunning floral arrangements that fit your brand, enhance your environment, and elevate your customers experience. Whether you are looking to revamp your shop, caf\u00e9, or office, we are here to help you create a space that speaks for itself. Contact&hellip;<\/p>","protected":false},"author":2,"featured_media":0,"parent":0,"menu_order":0,"comment_status":"closed","ping_status":"closed","template":"","meta":{"_monsterinsights_skip_tracking":false,"_monsterinsights_sitenote_active":false,"_monsterinsights_sitenote_note":"","_monsterinsights_sitenote_category":0,"footnotes":""},"class_list":["post-417","page","type-page","status-publish","hentry","description-off"],"yoast_head":"<!-- This site is optimized with the Yoast SEO plugin v27.4 - https:\/\/yoast.com\/product\/yoast-seo-wordpress\/ -->\n<title>floral decoration - Mallorca Floral Weddings<\/title>\n<meta name=\"robots\" content=\"index, follow, max-snippet:-1, max-image-preview:large, max-video-preview:-1\" \/>\n<link rel=\"canonical\" href=\"https:\/\/mallorcafloralweddings.com\/es\/floraldecoration\/\" \/>\n<meta property=\"og:locale\" content=\"es_ES\" \/>\n<meta property=\"og:type\" content=\"article\" \/>\n<meta property=\"og:title\" content=\"floral decoration - Mallorca Floral Weddings\" \/>\n<meta property=\"og:url\" content=\"https:\/\/mallorcafloralweddings.com\/es\/floraldecoration\/\" \/>\n<meta property=\"og:site_name\" content=\"Mallorca Floral Weddings\" \/>\n<meta property=\"article:modified_time\" content=\"2025-04-17T07:32:47+00:00\" \/>\n<meta name=\"twitter:card\" content=\"summary_large_image\" \/>\n<meta name=\"twitter:label1\" content=\"Tiempo de lectura\" \/>\n\t<meta name=\"twitter:data1\" content=\"3 minutos\" \/>\n<script type=\"application\/ld+json\" class=\"yoast-schema-graph\">{\"@context\":\"https:\\\/\\\/schema.org\",\"@graph\":[{\"@type\":\"WebPage\",\"@id\":\"https:\\\/\\\/mallorcafloralweddings.com\\\/floraldecoration\\\/\",\"url\":\"https:\\\/\\\/mallorcafloralweddings.com\\\/floraldecoration\\\/\",\"name\":\"floral decoration - Mallorca Floral Weddings\",\"isPartOf\":{\"@id\":\"https:\\\/\\\/mallorcafloralweddings.com\\\/#website\"},\"datePublished\":\"2025-01-31T15:33:10+00:00\",\"dateModified\":\"2025-04-17T07:32:47+00:00\",\"breadcrumb\":{\"@id\":\"https:\\\/\\\/mallorcafloralweddings.com\\\/floraldecoration\\\/#breadcrumb\"},\"inLanguage\":\"es\",\"potentialAction\":[{\"@type\":\"ReadAction\",\"target\":[\"https:\\\/\\\/mallorcafloralweddings.com\\\/floraldecoration\\\/\"]}]},{\"@type\":\"BreadcrumbList\",\"@id\":\"https:\\\/\\\/mallorcafloralweddings.com\\\/floraldecoration\\\/#breadcrumb\",\"itemListElement\":[{\"@type\":\"ListItem\",\"position\":1,\"name\":\"Portada\",\"item\":\"https:\\\/\\\/mallorcafloralweddings.com\\\/\"},{\"@type\":\"ListItem\",\"position\":2,\"name\":\"floral decoration\"}]},{\"@type\":\"WebSite\",\"@id\":\"https:\\\/\\\/mallorcafloralweddings.com\\\/#website\",\"url\":\"https:\\\/\\\/mallorcafloralweddings.com\\\/\",\"name\":\"Mallorca Floral Weddings\",\"description\":\"Renting Wedding Flowers on Mallorca\",\"publisher\":{\"@id\":\"https:\\\/\\\/mallorcafloralweddings.com\\\/#organization\"},\"potentialAction\":[{\"@type\":\"SearchAction\",\"target\":{\"@type\":\"EntryPoint\",\"urlTemplate\":\"https:\\\/\\\/mallorcafloralweddings.com\\\/?s={search_term_string}\"},\"query-input\":{\"@type\":\"PropertyValueSpecification\",\"valueRequired\":true,\"valueName\":\"search_term_string\"}}],\"inLanguage\":\"es\"},{\"@type\":\"Organization\",\"@id\":\"https:\\\/\\\/mallorcafloralweddings.com\\\/#organization\",\"name\":\"Mallorca Floral Weddings\",\"url\":\"https:\\\/\\\/mallorcafloralweddings.com\\\/\",\"logo\":{\"@type\":\"ImageObject\",\"inLanguage\":\"es\",\"@id\":\"https:\\\/\\\/mallorcafloralweddings.com\\\/#\\\/schema\\\/logo\\\/image\\\/\",\"url\":\"https:\\\/\\\/mallorcafloralweddings.com\\\/wp-content\\\/uploads\\\/2025\\\/03\\\/logo-ft.png\",\"contentUrl\":\"https:\\\/\\\/mallorcafloralweddings.com\\\/wp-content\\\/uploads\\\/2025\\\/03\\\/logo-ft.png\",\"width\":143,\"height\":50,\"caption\":\"Mallorca Floral Weddings\"},\"image\":{\"@id\":\"https:\\\/\\\/mallorcafloralweddings.com\\\/#\\\/schema\\\/logo\\\/image\\\/\"},\"sameAs\":[\"https:\\\/\\\/www.instagram.com\\\/mallorca_floral_weddings\\\/?hl=es\"]}]}<\/script>\n<!-- \/ Yoast SEO plugin. -->","yoast_head_json":{"title":"Decoraci\u00f3n floral - Bodas Florales Mallorca","robots":{"index":"index","follow":"follow","max-snippet":"max-snippet:-1","max-image-preview":"max-image-preview:large","max-video-preview":"max-video-preview:-1"},"canonical":"https:\/\/mallorcafloralweddings.com\/es\/floraldecoration\/","og_locale":"es_ES","og_type":"article","og_title":"floral decoration - Mallorca Floral Weddings","og_url":"https:\/\/mallorcafloralweddings.com\/es\/floraldecoration\/","og_site_name":"Mallorca Floral Weddings","article_modified_time":"2025-04-17T07:32:47+00:00","twitter_card":"summary_large_image","twitter_misc":{"Tiempo de lectura":"3 minutos"},"schema":{"@context":"https:\/\/schema.org","@graph":[{"@type":"WebPage","@id":"https:\/\/mallorcafloralweddings.com\/floraldecoration\/","url":"https:\/\/mallorcafloralweddings.com\/floraldecoration\/","name":"Decoraci\u00f3n floral - Bodas Florales Mallorca","isPartOf":{"@id":"https:\/\/mallorcafloralweddings.com\/#website"},"datePublished":"2025-01-31T15:33:10+00:00","dateModified":"2025-04-17T07:32:47+00:00","breadcrumb":{"@id":"https:\/\/mallorcafloralweddings.com\/floraldecoration\/#breadcrumb"},"inLanguage":"es","potentialAction":[{"@type":"ReadAction","target":["https:\/\/mallorcafloralweddings.com\/floraldecoration\/"]}]},{"@type":"BreadcrumbList","@id":"https:\/\/mallorcafloralweddings.com\/floraldecoration\/#breadcrumb","itemListElement":[{"@type":"ListItem","position":1,"name":"Portada","item":"https:\/\/mallorcafloralweddings.com\/"},{"@type":"ListItem","position":2,"name":"floral decoration"}]},{"@type":"WebSite","@id":"https:\/\/mallorcafloralweddings.com\/#website","url":"https:\/\/mallorcafloralweddings.com\/","name":"Bodas florales en Mallorca","description":"Alquiler de flores para bodas en Mallorca","publisher":{"@id":"https:\/\/mallorcafloralweddings.com\/#organization"},"potentialAction":[{"@type":"SearchAction","target":{"@type":"EntryPoint","urlTemplate":"https:\/\/mallorcafloralweddings.com\/?s={search_term_string}"},"query-input":{"@type":"PropertyValueSpecification","valueRequired":true,"valueName":"search_term_string"}}],"inLanguage":"es"},{"@type":"Organization","@id":"https:\/\/mallorcafloralweddings.com\/#organization","name":"Bodas florales en Mallorca","url":"https:\/\/mallorcafloralweddings.com\/","logo":{"@type":"ImageObject","inLanguage":"es","@id":"https:\/\/mallorcafloralweddings.com\/#\/schema\/logo\/image\/","url":"https:\/\/mallorcafloralweddings.com\/wp-content\/uploads\/2025\/03\/logo-ft.png","contentUrl":"https:\/\/mallorcafloralweddings.com\/wp-content\/uploads\/2025\/03\/logo-ft.png","width":143,"height":50,"caption":"Mallorca Floral Weddings"},"image":{"@id":"https:\/\/mallorcafloralweddings.com\/#\/schema\/logo\/image\/"},"sameAs":["https:\/\/www.instagram.com\/mallorca_floral_weddings\/?hl=es"]}]}},"_links":{"self":[{"href":"https:\/\/mallorcafloralweddings.com\/es\/wp-json\/wp\/v2\/pages\/417","targetHints":{"allow":["GET"]}}],"collection":[{"href":"https:\/\/mallorcafloralweddings.com\/es\/wp-json\/wp\/v2\/pages"}],"about":[{"href":"https:\/\/mallorcafloralweddings.com\/es\/wp-json\/wp\/v2\/types\/page"}],"author":[{"embeddable":true,"href":"https:\/\/mallorcafloralweddings.com\/es\/wp-json\/wp\/v2\/users\/2"}],"replies":[{"embeddable":true,"href":"https:\/\/mallorcafloralweddings.com\/es\/wp-json\/wp\/v2\/comments?post=417"}],"version-history":[{"count":17,"href":"https:\/\/mallorcafloralweddings.com\/es\/wp-json\/wp\/v2\/pages\/417\/revisions"}],"predecessor-version":[{"id":659,"href":"https:\/\/mallorcafloralweddings.com\/es\/wp-json\/wp\/v2\/pages\/417\/revisions\/659"}],"wp:attachment":[{"href":"https:\/\/mallorcafloralweddings.com\/es\/wp-json\/wp\/v2\/media?parent=417"}],"curies":[{"name":"wp","href":"https:\/\/api.w.org\/{rel}","templated":true}]}}