{"id":13,"date":"2025-01-31T15:25:44","date_gmt":"2025-01-31T15:25:44","guid":{"rendered":"https:\/\/mallorcafloralweddings.com\/?page_id=13"},"modified":"2025-04-22T10:09:24","modified_gmt":"2025-04-22T10:09:24","slug":"advantages","status":"publish","type":"page","link":"https:\/\/mallorcafloralweddings.com\/es\/ventajas-2\/","title":{"rendered":"Ventajas"},"content":{"rendered":"<div class=\"wpb-content-wrapper\"><div data-vc-full-width=\"true\" data-vc-full-width-temp=\"true\" data-vc-full-width-init=\"false\" class=\"vc_row wpb_row vc_row-fluid vc_custom_1743001682562 vc_row-has-fill vc_row-o-content-middle vc_row-flex\"><div class=\"wpb_column vc_column_container vc_col-sm-4\"><div class=\"vc_column-inner\"><div class=\"wpb_wrapper\">\n\t<div  class=\"wpb_single_image wpb_content_element vc_align_left\">\n\t\t\n\t\t<figure class=\"wpb_wrapper vc_figure\">\n\t\t\t<div class=\"vc_single_image-wrapper   vc_box_border_grey\"><img fetchpriority=\"high\" decoding=\"async\" width=\"800\" height=\"800\" src=\"https:\/\/mallorcafloralweddings.com\/wp-content\/uploads\/2025\/01\/flor8.jpg\" class=\"vc_single_image-img attachment-full\" alt=\"\" title=\"\" srcset=\"https:\/\/mallorcafloralweddings.com\/wp-content\/uploads\/2025\/01\/flor8.jpg 800w, https:\/\/mallorcafloralweddings.com\/wp-content\/uploads\/2025\/01\/flor8-300x300.jpg 300w, https:\/\/mallorcafloralweddings.com\/wp-content\/uploads\/2025\/01\/flor8-150x150.jpg 150w, https:\/\/mallorcafloralweddings.com\/wp-content\/uploads\/2025\/01\/flor8-768x768.jpg 768w\" sizes=\"(max-width: 800px) 100vw, 800px\"  data-dt-location=\"https:\/\/mallorcafloralweddings.com\/es\/galeria\/flor8\/\" \/><\/div>\n\t\t<\/figure>\n\t<\/div>\n<\/div><\/div><\/div><div class=\"wpb_column vc_column_container vc_col-sm-4\"><div class=\"vc_column-inner\"><div class=\"wpb_wrapper\"><div class=\"vc_separator wpb_content_element vc_separator_align_center vc_sep_width_100 vc_sep_border_width_2 vc_sep_pos_align_center vc_separator_no_text wpb_content_element  wpb_content_element\" ><span class=\"vc_sep_holder vc_sep_holder_l\"><span style=\"border-color:#E3DDD1;\" class=\"vc_sep_line\"><\/span><\/span><span class=\"vc_sep_holder vc_sep_holder_r\"><span style=\"border-color:#E3DDD1;\" class=\"vc_sep_line\"><\/span><\/span>\n<\/div>\n\t<div class=\"wpb_text_column wpb_content_element\" >\n\t\t<div class=\"wpb_wrapper\">\n\t\t\t<h4 style=\"text-align: center;\">FLORES DE SEDA O DE TOQUE REAL: LA ELECCI\u00d3N DE FLORES M\u00c1S INTELIGENTE<\/h4>\n\n\t\t<\/div>\n\t<\/div>\n<div class=\"vc_separator wpb_content_element vc_separator_align_center vc_sep_width_100 vc_sep_border_width_2 vc_sep_pos_align_center vc_separator_no_text wpb_content_element  wpb_content_element\" ><span class=\"vc_sep_holder vc_sep_holder_l\"><span style=\"border-color:#E3DDD1;\" class=\"vc_sep_line\"><\/span><\/span><span class=\"vc_sep_holder vc_sep_holder_r\"><span style=\"border-color:#E3DDD1;\" class=\"vc_sep_line\"><\/span><\/span>\n<\/div><\/div><\/div><\/div><div class=\"wpb_column vc_column_container vc_col-sm-4\"><div class=\"vc_column-inner\"><div class=\"wpb_wrapper\">\n\t<div  class=\"wpb_single_image wpb_content_element vc_align_left\">\n\t\t\n\t\t<figure class=\"wpb_wrapper vc_figure\">\n\t\t\t<div class=\"vc_single_image-wrapper   vc_box_border_grey\"><img decoding=\"async\" width=\"800\" height=\"800\" src=\"https:\/\/mallorcafloralweddings.com\/wp-content\/uploads\/2025\/04\/advantages.jpg\" class=\"vc_single_image-img attachment-full\" alt=\"\" title=\"\" srcset=\"https:\/\/mallorcafloralweddings.com\/wp-content\/uploads\/2025\/04\/advantages.jpg 800w, https:\/\/mallorcafloralweddings.com\/wp-content\/uploads\/2025\/04\/advantages-300x300.jpg 300w, https:\/\/mallorcafloralweddings.com\/wp-content\/uploads\/2025\/04\/advantages-150x150.jpg 150w, https:\/\/mallorcafloralweddings.com\/wp-content\/uploads\/2025\/04\/advantages-768x768.jpg 768w\" sizes=\"(max-width: 800px) 100vw, 800px\"  data-dt-location=\"https:\/\/mallorcafloralweddings.com\/es\/ventajas-2\/advantages-2\/\" \/><\/div>\n\t\t<\/figure>\n\t<\/div>\n<\/div><\/div><\/div><\/div><div class=\"vc_row-full-width vc_clearfix\"><\/div><div data-vc-full-width=\"true\" data-vc-full-width-temp=\"true\" data-vc-full-width-init=\"false\" class=\"vc_row wpb_row vc_row-fluid\"><div class=\"wpb_column vc_column_container vc_col-sm-12\"><div class=\"vc_column-inner\"><div class=\"wpb_wrapper\">\n\t<div class=\"wpb_text_column wpb_content_element\" >\n\t\t<div class=\"wpb_wrapper\">\n\t\t\t<h4 style=\"text-align: center;\">ELEGIR FLORES DE TACTO REAL EN LUGAR DE FLORES FRESCAS PARA BODAS PUEDE TENER VARIAS VENTAJAS COMO:<\/h4>\n\n\t\t<\/div>\n\t<\/div>\n<\/div><\/div><\/div><\/div><div class=\"vc_row-full-width vc_clearfix\"><\/div><div class=\"vc_row wpb_row vc_row-fluid\"><div class=\"wpb_column vc_column_container vc_col-sm-4\"><div class=\"vc_column-inner\"><div class=\"wpb_wrapper\">\n\t<div class=\"wpb_text_column wpb_content_element  vc_custom_1745307869511\" >\n\t\t<div class=\"wpb_wrapper\">\n\t\t\t<h4 style=\"text-align: center;\">Sin restricciones estacionales:<\/h4>\n<p style=\"text-align: center;\">Estas flores est\u00e1n disponibles todo el a\u00f1o, por lo que las parejas pueden elegir cualquier tipo de flor, independientemente de su temporada de crecimiento natural.<\/p>\n\n\t\t<\/div>\n\t<\/div>\n\n\t<div class=\"wpb_text_column wpb_content_element  vc_custom_1745308097435\" >\n\t\t<div class=\"wpb_wrapper\">\n\t\t\t<h4 style=\"text-align: center;\">Apto para al\u00e9rgicos:<\/h4>\n<p style=\"text-align: center;\">Las flores de tacto real son hipoalerg\u00e9nicas, lo que las convierte en una excelente opci\u00f3n para los invitados o los miembros de la fiesta de bodas que puedan tener alergias al polen.<\/p>\n\n\t\t<\/div>\n\t<\/div>\n\n\t<div class=\"wpb_text_column wpb_content_element  vc_custom_1745308544637\" >\n\t\t<div class=\"wpb_wrapper\">\n\t\t\t<h4 style=\"text-align: center;\">Personalizaci\u00f3n:<\/h4>\n<p style=\"text-align: center;\">Se pueden personalizar f\u00e1cilmente en t\u00e9rminos de color, tama\u00f1o y dise\u00f1o para que combinen perfectamente con el tema de la boda, sin las limitaciones que vienen con las flores naturales.<\/p>\n\n\t\t<\/div>\n\t<\/div>\n\n\t<div class=\"wpb_text_column wpb_content_element  vc_custom_1745308587467\" >\n\t\t<div class=\"wpb_wrapper\">\n\t\t\t<h4 style=\"text-align: center;\">Impacto ambiental:<\/h4>\n<p style=\"text-align: center;\">El uso de flores reales puede reducir el impacto ambiental asociado con el cultivo, el transporte y la eliminaci\u00f3n de flores reales.<\/p>\n\n\t\t<\/div>\n\t<\/div>\n\n\t<div class=\"wpb_text_column wpb_content_element  vc_custom_1745308617587\" >\n\t\t<div class=\"wpb_wrapper\">\n\t\t\t<h4 style=\"text-align: center;\">Resistente a la intemperie:<\/h4>\n<p style=\"text-align: center;\">Las flores de tacto real no se ven afectadas por la temperatura ni la humedad, lo que las convierte en una excelente opci\u00f3n para bodas al aire libre o lugares con condiciones clim\u00e1ticas impredecibles.<\/p>\n\n\t\t<\/div>\n\t<\/div>\n<\/div><\/div><\/div><div class=\"wpb_column vc_column_container vc_col-sm-4\"><div class=\"vc_column-inner\"><div class=\"wpb_wrapper\">\n\t<div class=\"wpb_text_column wpb_content_element  vc_custom_1745307927527\" >\n\t\t<div class=\"wpb_wrapper\">\n\t\t\t<h4 style=\"text-align: center;\">Opciones de dise\u00f1o vers\u00e1tiles:<\/h4>\n<p style=\"text-align: center;\">Las flores de tacto real se pueden integrar f\u00e1cilmente en varios estilos, desde el cl\u00e1sico hasta el bohemio y el moderno, lo que permite arreglos florales creativos que se alinean con cualquier tema de boda.<\/p>\n\n\t\t<\/div>\n\t<\/div>\n\n\t<div class=\"wpb_text_column wpb_content_element  vc_custom_1745308152251\" >\n\t\t<div class=\"wpb_wrapper\">\n\t\t\t<h4 style=\"text-align: center;\">No es necesario contar con floristas profesionales:<\/h4>\n<p style=\"text-align: center;\">Las parejas pueden crear sus propios arreglos o ramos sin necesidad de floristas expertos, lo que permite m\u00e1s opciones que pueden ahorrar dinero y personalizar la decoraci\u00f3n.<\/p>\n\n\t\t<\/div>\n\t<\/div>\n\n\t<div class=\"wpb_text_column wpb_content_element  vc_custom_1745308760295\" >\n\t\t<div class=\"wpb_wrapper\">\n\t\t\t<h4 style=\"text-align: center;\">Tama\u00f1os personalizables:<\/h4>\n<p style=\"text-align: center;\">Las flores de tacto real se pueden encontrar en varios tama\u00f1os y se pueden manipular f\u00e1cilmente para crear el aspecto deseado, ya sea un ramo completo o un arreglo minimalista.<\/p>\n\n\t\t<\/div>\n\t<\/div>\n\n\t<div class=\"wpb_text_column wpb_content_element  vc_custom_1745308790227\" >\n\t\t<div class=\"wpb_wrapper\">\n\t\t\t<h4 style=\"text-align: center;\">Facilidad de transporte:<\/h4>\n<p style=\"text-align: center;\">Las flores de tacto real son menos fr\u00e1giles que las flores reales, lo que hace que sean m\u00e1s f\u00e1ciles de transportar sin riesgo de que se da\u00f1en durante el viaje.<\/p>\n\n\t\t<\/div>\n\t<\/div>\n\n\t<div class=\"wpb_text_column wpb_content_element  vc_custom_1745308819599\" >\n\t\t<div class=\"wpb_wrapper\">\n\t\t\t<h4 style=\"text-align: center;\">Disponibilidad constante:<\/h4>\n<p style=\"text-align: center;\">No hay necesidad de preocuparse por la escasez de suministros o la disponibilidad de flores espec\u00edficas, ya que se pueden pedir flores reales en cualquier momento, lo que brinda tranquilidad durante la planificaci\u00f3n.<\/p>\n\n\t\t<\/div>\n\t<\/div>\n<\/div><\/div><\/div><div class=\"wpb_column vc_column_container vc_col-sm-4\"><div class=\"vc_column-inner\"><div class=\"wpb_wrapper\">\n\t<div class=\"wpb_text_column wpb_content_element  vc_custom_1745308038027\" >\n\t\t<div class=\"wpb_wrapper\">\n\t\t\t<h4 style=\"text-align: center;\">Personalizaci\u00f3n de elementos de dise\u00f1o:<\/h4>\n<p style=\"text-align: center;\">Las flores de tacto real se pueden modificar o combinar f\u00e1cilmente con otros materiales (como cintas, encajes o vegetaci\u00f3n) para crear elementos de dise\u00f1o \u00fanicos que se adapten perfectamente a la visi\u00f3n de la pareja.<\/p>\n\n\t\t<\/div>\n\t<\/div>\n\n\t<div class=\"wpb_text_column wpb_content_element  vc_custom_1745308216780\" >\n\t\t<div class=\"wpb_wrapper\">\n\t\t\t<h4 style=\"text-align: center;\">F\u00e1cil limpieza:<\/h4>\n<p style=\"text-align: center;\">Despu\u00e9s del evento, las flores reales se pueden guardar de manera r\u00e1pida y sencilla, sin necesidad de limpiar p\u00e9talos ca\u00eddos ni escombros.<\/p>\n\n\t\t<\/div>\n\t<\/div>\n\n\t<div class=\"wpb_text_column wpb_content_element  vc_custom_1745308987083\" >\n\t\t<div class=\"wpb_wrapper\">\n\t\t\t<h4 style=\"text-align: center;\">Ideal para bodas tem\u00e1ticas:<\/h4>\n<p style=\"text-align: center;\">Las flores de tacto real se pueden adaptar para adaptarse a cualquier tema sin preocuparse por la disponibilidad de flores espec\u00edficas, lo que las hace perfectas para bodas tem\u00e1ticas (por ejemplo, vintage, r\u00fastica, de cuento de hadas).<\/p>\n\n\t\t<\/div>\n\t<\/div>\n\n\t<div class=\"wpb_text_column wpb_content_element  vc_custom_1745309016236\" >\n\t\t<div class=\"wpb_wrapper\">\n\t\t\t<h4 style=\"text-align: center;\">Vers\u00e1til para diversas ocasiones:<\/h4>\n<p style=\"text-align: center;\">M\u00e1s all\u00e1 de las bodas, las flores de tacto real se pueden usar para una variedad de eventos y entornos, incluida la decoraci\u00f3n del hogar, las exhibiciones navide\u00f1as y las presentaciones corporativas.<br \/>\neventos, aportando versatilidad en la decoraci\u00f3n.<\/p>\n\n\t\t<\/div>\n\t<\/div>\n\n\t<div class=\"wpb_text_column wpb_content_element  vc_custom_1745309119148\" >\n\t\t<div class=\"wpb_wrapper\">\n\t\t\t<p style=\"text-align: center;\">En general, las flores de tacto real ofrecen una variedad de beneficios pr\u00e1cticos, est\u00e9ticos y emocionales que pueden mejorar la experiencia de la boda, lo que las convierte en una opci\u00f3n atractiva para muchas parejas.<\/p>\n\n\t\t<\/div>\n\t<\/div>\n<\/div><\/div><\/div><\/div>\n<\/div>","protected":false},"excerpt":{"rendered":"<p>REAL TOUCH OR SILK FLOWERS: THE SMARTER FLOWER CHOICE CHOOSING REAL TOUCH FLOWERS INSTEAD OF FRESH FLOWERS FOR WEDDINGS CAN HAVE SEVERAL ADVANTAGES SUCH AS: No Seasonal Restrictions: These flowers are available year-round, so couples can choose any type of flower, regardless of its natural growing season. Allergy-Friendly: Real touch flowers are hypoallergenic, making them&hellip;<\/p>","protected":false},"author":2,"featured_media":0,"parent":0,"menu_order":0,"comment_status":"closed","ping_status":"closed","template":"","meta":{"_monsterinsights_skip_tracking":false,"_monsterinsights_sitenote_active":false,"_monsterinsights_sitenote_note":"","_monsterinsights_sitenote_category":0,"footnotes":""},"class_list":["post-13","page","type-page","status-publish","hentry","description-off"],"yoast_head":"<!-- This site is optimized with the Yoast SEO plugin v27.4 - https:\/\/yoast.com\/product\/yoast-seo-wordpress\/ -->\n<title>Advantages - Mallorca Floral Weddings<\/title>\n<meta name=\"robots\" content=\"index, follow, max-snippet:-1, max-image-preview:large, max-video-preview:-1\" \/>\n<link rel=\"canonical\" href=\"https:\/\/mallorcafloralweddings.com\/es\/advantages\/\" \/>\n<meta property=\"og:locale\" content=\"es_ES\" \/>\n<meta property=\"og:type\" content=\"article\" \/>\n<meta property=\"og:title\" content=\"Advantages - Mallorca Floral Weddings\" \/>\n<meta property=\"og:url\" content=\"https:\/\/mallorcafloralweddings.com\/es\/advantages\/\" \/>\n<meta property=\"og:site_name\" content=\"Mallorca Floral Weddings\" \/>\n<meta property=\"article:modified_time\" content=\"2025-04-22T10:09:24+00:00\" \/>\n<meta name=\"twitter:card\" content=\"summary_large_image\" \/>\n<meta name=\"twitter:label1\" content=\"Tiempo de lectura\" \/>\n\t<meta name=\"twitter:data1\" content=\"4 minutos\" \/>\n<script type=\"application\/ld+json\" class=\"yoast-schema-graph\">{\"@context\":\"https:\\\/\\\/schema.org\",\"@graph\":[{\"@type\":\"WebPage\",\"@id\":\"https:\\\/\\\/mallorcafloralweddings.com\\\/advantages\\\/\",\"url\":\"https:\\\/\\\/mallorcafloralweddings.com\\\/advantages\\\/\",\"name\":\"Advantages - Mallorca Floral Weddings\",\"isPartOf\":{\"@id\":\"https:\\\/\\\/mallorcafloralweddings.com\\\/#website\"},\"datePublished\":\"2025-01-31T15:25:44+00:00\",\"dateModified\":\"2025-04-22T10:09:24+00:00\",\"breadcrumb\":{\"@id\":\"https:\\\/\\\/mallorcafloralweddings.com\\\/advantages\\\/#breadcrumb\"},\"inLanguage\":\"es\",\"potentialAction\":[{\"@type\":\"ReadAction\",\"target\":[\"https:\\\/\\\/mallorcafloralweddings.com\\\/advantages\\\/\"]}]},{\"@type\":\"BreadcrumbList\",\"@id\":\"https:\\\/\\\/mallorcafloralweddings.com\\\/advantages\\\/#breadcrumb\",\"itemListElement\":[{\"@type\":\"ListItem\",\"position\":1,\"name\":\"Portada\",\"item\":\"https:\\\/\\\/mallorcafloralweddings.com\\\/\"},{\"@type\":\"ListItem\",\"position\":2,\"name\":\"Advantages\"}]},{\"@type\":\"WebSite\",\"@id\":\"https:\\\/\\\/mallorcafloralweddings.com\\\/#website\",\"url\":\"https:\\\/\\\/mallorcafloralweddings.com\\\/\",\"name\":\"Mallorca Floral Weddings\",\"description\":\"Renting Wedding Flowers on Mallorca\",\"publisher\":{\"@id\":\"https:\\\/\\\/mallorcafloralweddings.com\\\/#organization\"},\"potentialAction\":[{\"@type\":\"SearchAction\",\"target\":{\"@type\":\"EntryPoint\",\"urlTemplate\":\"https:\\\/\\\/mallorcafloralweddings.com\\\/?s={search_term_string}\"},\"query-input\":{\"@type\":\"PropertyValueSpecification\",\"valueRequired\":true,\"valueName\":\"search_term_string\"}}],\"inLanguage\":\"es\"},{\"@type\":\"Organization\",\"@id\":\"https:\\\/\\\/mallorcafloralweddings.com\\\/#organization\",\"name\":\"Mallorca Floral Weddings\",\"url\":\"https:\\\/\\\/mallorcafloralweddings.com\\\/\",\"logo\":{\"@type\":\"ImageObject\",\"inLanguage\":\"es\",\"@id\":\"https:\\\/\\\/mallorcafloralweddings.com\\\/#\\\/schema\\\/logo\\\/image\\\/\",\"url\":\"https:\\\/\\\/mallorcafloralweddings.com\\\/wp-content\\\/uploads\\\/2025\\\/03\\\/logo-ft.png\",\"contentUrl\":\"https:\\\/\\\/mallorcafloralweddings.com\\\/wp-content\\\/uploads\\\/2025\\\/03\\\/logo-ft.png\",\"width\":143,\"height\":50,\"caption\":\"Mallorca Floral Weddings\"},\"image\":{\"@id\":\"https:\\\/\\\/mallorcafloralweddings.com\\\/#\\\/schema\\\/logo\\\/image\\\/\"},\"sameAs\":[\"https:\\\/\\\/www.instagram.com\\\/mallorca_floral_weddings\\\/?hl=es\"]}]}<\/script>\n<!-- \/ Yoast SEO plugin. -->","yoast_head_json":{"title":"Ventajas - Bodas Florales en Mallorca","robots":{"index":"index","follow":"follow","max-snippet":"max-snippet:-1","max-image-preview":"max-image-preview:large","max-video-preview":"max-video-preview:-1"},"canonical":"https:\/\/mallorcafloralweddings.com\/es\/advantages\/","og_locale":"es_ES","og_type":"article","og_title":"Advantages - Mallorca Floral Weddings","og_url":"https:\/\/mallorcafloralweddings.com\/es\/advantages\/","og_site_name":"Mallorca Floral Weddings","article_modified_time":"2025-04-22T10:09:24+00:00","twitter_card":"summary_large_image","twitter_misc":{"Tiempo de lectura":"4 minutos"},"schema":{"@context":"https:\/\/schema.org","@graph":[{"@type":"WebPage","@id":"https:\/\/mallorcafloralweddings.com\/advantages\/","url":"https:\/\/mallorcafloralweddings.com\/advantages\/","name":"Ventajas - Bodas Florales en Mallorca","isPartOf":{"@id":"https:\/\/mallorcafloralweddings.com\/#website"},"datePublished":"2025-01-31T15:25:44+00:00","dateModified":"2025-04-22T10:09:24+00:00","breadcrumb":{"@id":"https:\/\/mallorcafloralweddings.com\/advantages\/#breadcrumb"},"inLanguage":"es","potentialAction":[{"@type":"ReadAction","target":["https:\/\/mallorcafloralweddings.com\/advantages\/"]}]},{"@type":"BreadcrumbList","@id":"https:\/\/mallorcafloralweddings.com\/advantages\/#breadcrumb","itemListElement":[{"@type":"ListItem","position":1,"name":"Portada","item":"https:\/\/mallorcafloralweddings.com\/"},{"@type":"ListItem","position":2,"name":"Advantages"}]},{"@type":"WebSite","@id":"https:\/\/mallorcafloralweddings.com\/#website","url":"https:\/\/mallorcafloralweddings.com\/","name":"Bodas florales en Mallorca","description":"Alquiler de flores para bodas en Mallorca","publisher":{"@id":"https:\/\/mallorcafloralweddings.com\/#organization"},"potentialAction":[{"@type":"SearchAction","target":{"@type":"EntryPoint","urlTemplate":"https:\/\/mallorcafloralweddings.com\/?s={search_term_string}"},"query-input":{"@type":"PropertyValueSpecification","valueRequired":true,"valueName":"search_term_string"}}],"inLanguage":"es"},{"@type":"Organization","@id":"https:\/\/mallorcafloralweddings.com\/#organization","name":"Bodas florales en Mallorca","url":"https:\/\/mallorcafloralweddings.com\/","logo":{"@type":"ImageObject","inLanguage":"es","@id":"https:\/\/mallorcafloralweddings.com\/#\/schema\/logo\/image\/","url":"https:\/\/mallorcafloralweddings.com\/wp-content\/uploads\/2025\/03\/logo-ft.png","contentUrl":"https:\/\/mallorcafloralweddings.com\/wp-content\/uploads\/2025\/03\/logo-ft.png","width":143,"height":50,"caption":"Mallorca Floral Weddings"},"image":{"@id":"https:\/\/mallorcafloralweddings.com\/#\/schema\/logo\/image\/"},"sameAs":["https:\/\/www.instagram.com\/mallorca_floral_weddings\/?hl=es"]}]}},"_links":{"self":[{"href":"https:\/\/mallorcafloralweddings.com\/es\/wp-json\/wp\/v2\/pages\/13","targetHints":{"allow":["GET"]}}],"collection":[{"href":"https:\/\/mallorcafloralweddings.com\/es\/wp-json\/wp\/v2\/pages"}],"about":[{"href":"https:\/\/mallorcafloralweddings.com\/es\/wp-json\/wp\/v2\/types\/page"}],"author":[{"embeddable":true,"href":"https:\/\/mallorcafloralweddings.com\/es\/wp-json\/wp\/v2\/users\/2"}],"replies":[{"embeddable":true,"href":"https:\/\/mallorcafloralweddings.com\/es\/wp-json\/wp\/v2\/comments?post=13"}],"version-history":[{"count":61,"href":"https:\/\/mallorcafloralweddings.com\/es\/wp-json\/wp\/v2\/pages\/13\/revisions"}],"predecessor-version":[{"id":767,"href":"https:\/\/mallorcafloralweddings.com\/es\/wp-json\/wp\/v2\/pages\/13\/revisions\/767"}],"wp:attachment":[{"href":"https:\/\/mallorcafloralweddings.com\/es\/wp-json\/wp\/v2\/media?parent=13"}],"curies":[{"name":"wp","href":"https:\/\/api.w.org\/{rel}","templated":true}]}}