{"id":11,"date":"2025-01-31T15:17:34","date_gmt":"2025-01-31T15:17:34","guid":{"rendered":"https:\/\/mallorcafloralweddings.com\/?page_id=11"},"modified":"2025-05-09T09:43:35","modified_gmt":"2025-05-09T09:43:35","slug":"about-us","status":"publish","type":"page","link":"https:\/\/mallorcafloralweddings.com\/es\/sobre-nosotros\/","title":{"rendered":"Sobre nosotros"},"content":{"rendered":"<div class=\"wpb-content-wrapper\"><div class=\"vc_row wpb_row vc_row-fluid\"><div class=\"wpb_column vc_column_container vc_col-sm-9\"><div class=\"vc_column-inner\"><div class=\"wpb_wrapper\">\n\t<div class=\"wpb_text_column wpb_content_element\" >\n\t\t<div class=\"wpb_wrapper\">\n\t\t\t<p class=\"has-drop-cap\" style=\"text-align: justify;\">Bienvenidos a Mallorca Floral Weddings, su organizador de bodas de confianza y empresa de alquiler floral en la impresionante isla de Mallorca. Durante m\u00e1s de diez a\u00f1os, nos hemos especializado en encontrar el lugar perfecto para la boda y en planificar meticulosamente cada detalle para que el d\u00eda especial de nuestras parejas sea inolvidable.<\/p>\n<p style=\"text-align: justify;\">Somos la \u00fanica empresa en la isla que ofrece alquiler de flores de alta calidad, es por eso que nos enfocamos principalmente en alquilar flores de seda\/toque real de alta calidad, pero tambi\u00e9n nos especializamos en crear bodas impresionantes y personalizadas, con un enfoque especial en nuestra colecci\u00f3n exclusiva de hermosas flores disponibles para alquiler.<\/p>\n<p style=\"text-align: justify;\">Alquilar flores artificiales de alta calidad para tu boda es una opci\u00f3n inteligente, econ\u00f3mica y ecol\u00f3gica. Al ser m\u00e1s econ\u00f3micas, podr\u00e1s usar casi el doble de flores durante tu boda sin exceder tu presupuesto. Trabajamos \u00fanicamente con materiales de la mejor calidad: flores de tacto real y de seda, nunca de pl\u00e1stico. Organizar una boda puede ser abrumador, especialmente si decides casarte en el extranjero. Trabajamos estrechamente contigo para garantizar que planificar la boda de tus sue\u00f1os en Espa\u00f1a no solo sea f\u00e1cil, sino tambi\u00e9n muy divertido y sin estr\u00e9s.<\/p>\n<p style=\"text-align: justify;\">Creemos en crear momentos que duren toda la vida y decidimos convertir nuestro amor por el dise\u00f1o floral y la planificaci\u00f3n de bodas en un servicio que ayudar\u00eda a otras parejas a experimentar la magia de su propio gran d\u00eda.<\/p>\n<p style=\"text-align: justify;\">Cada miembro de la empresa aporta sus propios puntos fuertes al especializarse en la planificaci\u00f3n y el dise\u00f1o, con un buen ojo para la decoraci\u00f3n, mientras que otro miembro del equipo supervisa los aspectos t\u00e9cnicos y log\u00edsticos, garantizando que todo funcione sin problemas detr\u00e1s de escena.<\/p>\n<p style=\"text-align: justify;\">Lo que empez\u00f3 como un hobby hace m\u00e1s de 10 a\u00f1os pronto se convirti\u00f3 en un negocio completo, donde combinamos creatividad, atenci\u00f3n al detalle y dedicaci\u00f3n a la excelencia. Sabemos lo abrumador que puede ser planificar una boda, por eso estamos aqu\u00ed para ayudar a cada pareja a vivir su d\u00eda especial con tranquilidad y alegr\u00eda.<\/p>\n<p style=\"text-align: justify;\">Hablamos ingl\u00e9s, espa\u00f1ol y holand\u00e9s con fluidez. Gracias por considerarnos para que su boda sea inolvidable. \u00a1Estamos deseando hacer realidad su visi\u00f3n y sus flores!<\/p>\n<p style=\"text-align: justify;\">Con amor,<br \/>\nEquipo de Bodas Florales de Mallorca<\/p>\n\n\t\t<\/div>\n\t<\/div>\n<\/div><\/div><\/div><div class=\"wpb_column vc_column_container vc_col-sm-3\"><div class=\"vc_column-inner\"><div class=\"wpb_wrapper\">\n\t<div  class=\"wpb_single_image wpb_content_element vc_align_left\">\n\t\t\n\t\t<figure class=\"wpb_wrapper vc_figure\">\n\t\t\t<div class=\"vc_single_image-wrapper   vc_box_border_grey\"><img fetchpriority=\"high\" decoding=\"async\" width=\"664\" height=\"794\" src=\"https:\/\/mallorcafloralweddings.com\/wp-content\/uploads\/2025\/03\/Captura-de-pantalla-2025-03-19-a-las-13.26.04.jpg\" class=\"vc_single_image-img attachment-full\" alt=\"\" title=\"Captura de pantalla 2025-03-19 a las 13.26.04\" srcset=\"https:\/\/mallorcafloralweddings.com\/wp-content\/uploads\/2025\/03\/Captura-de-pantalla-2025-03-19-a-las-13.26.04.jpg 664w, https:\/\/mallorcafloralweddings.com\/wp-content\/uploads\/2025\/03\/Captura-de-pantalla-2025-03-19-a-las-13.26.04-251x300.jpg 251w\" sizes=\"(max-width: 664px) 100vw, 664px\"  data-dt-location=\"https:\/\/mallorcafloralweddings.com\/es\/sobre-nosotros\/captura-de-pantalla-2025-03-19-a-las-13-26-04\/\" \/><\/div>\n\t\t<\/figure>\n\t<\/div>\n\n\t<div  class=\"wpb_single_image wpb_content_element vc_align_left\">\n\t\t\n\t\t<figure class=\"wpb_wrapper vc_figure\">\n\t\t\t<div class=\"vc_single_image-wrapper   vc_box_border_grey\"><img decoding=\"async\" width=\"674\" height=\"790\" src=\"https:\/\/mallorcafloralweddings.com\/wp-content\/uploads\/2025\/03\/Captura-de-pantalla-2025-03-19-a-las-13.28.46.jpg\" class=\"vc_single_image-img attachment-full\" alt=\"\" title=\"Captura de pantalla 2025-03-19 a las 13.28.46\" srcset=\"https:\/\/mallorcafloralweddings.com\/wp-content\/uploads\/2025\/03\/Captura-de-pantalla-2025-03-19-a-las-13.28.46.jpg 674w, https:\/\/mallorcafloralweddings.com\/wp-content\/uploads\/2025\/03\/Captura-de-pantalla-2025-03-19-a-las-13.28.46-256x300.jpg 256w\" sizes=\"(max-width: 674px) 100vw, 674px\"  data-dt-location=\"https:\/\/mallorcafloralweddings.com\/es\/sobre-nosotros\/captura-de-pantalla-2025-03-19-a-las-13-28-46\/\" \/><\/div>\n\t\t<\/figure>\n\t<\/div>\n<\/div><\/div><\/div><\/div>\n<\/div>","protected":false},"excerpt":{"rendered":"<p>Welcome to Mallorca Floral Weddings, your trusted wedding planners and floral rental company for the stunning island of Mallorca. For over ten years, we have specialized in finding the perfect wedding venue and meticulously planning every detail to make our couples special day unforgettable. We are the only company on the island that offer high&hellip;<\/p>","protected":false},"author":2,"featured_media":0,"parent":0,"menu_order":0,"comment_status":"closed","ping_status":"closed","template":"","meta":{"_monsterinsights_skip_tracking":false,"_monsterinsights_sitenote_active":false,"_monsterinsights_sitenote_note":"","_monsterinsights_sitenote_category":0,"footnotes":""},"class_list":["post-11","page","type-page","status-publish","hentry","description-off"],"yoast_head":"<!-- This site is optimized with the Yoast SEO plugin v27.4 - https:\/\/yoast.com\/product\/yoast-seo-wordpress\/ -->\n<title>About us - Mallorca Floral Weddings<\/title>\n<meta name=\"robots\" content=\"index, follow, max-snippet:-1, max-image-preview:large, max-video-preview:-1\" \/>\n<link rel=\"canonical\" href=\"https:\/\/mallorcafloralweddings.com\/es\/about-us\/\" \/>\n<meta property=\"og:locale\" content=\"es_ES\" \/>\n<meta property=\"og:type\" content=\"article\" \/>\n<meta property=\"og:title\" content=\"About us - Mallorca Floral Weddings\" \/>\n<meta property=\"og:url\" content=\"https:\/\/mallorcafloralweddings.com\/es\/about-us\/\" \/>\n<meta property=\"og:site_name\" content=\"Mallorca Floral Weddings\" \/>\n<meta property=\"article:modified_time\" content=\"2025-05-09T09:43:35+00:00\" \/>\n<meta name=\"twitter:card\" content=\"summary_large_image\" \/>\n<meta name=\"twitter:label1\" content=\"Tiempo de lectura\" \/>\n\t<meta name=\"twitter:data1\" content=\"2 minutos\" \/>\n<script type=\"application\/ld+json\" class=\"yoast-schema-graph\">{\"@context\":\"https:\\\/\\\/schema.org\",\"@graph\":[{\"@type\":\"WebPage\",\"@id\":\"https:\\\/\\\/mallorcafloralweddings.com\\\/about-us\\\/\",\"url\":\"https:\\\/\\\/mallorcafloralweddings.com\\\/about-us\\\/\",\"name\":\"About us - Mallorca Floral Weddings\",\"isPartOf\":{\"@id\":\"https:\\\/\\\/mallorcafloralweddings.com\\\/#website\"},\"datePublished\":\"2025-01-31T15:17:34+00:00\",\"dateModified\":\"2025-05-09T09:43:35+00:00\",\"breadcrumb\":{\"@id\":\"https:\\\/\\\/mallorcafloralweddings.com\\\/about-us\\\/#breadcrumb\"},\"inLanguage\":\"es\",\"potentialAction\":[{\"@type\":\"ReadAction\",\"target\":[\"https:\\\/\\\/mallorcafloralweddings.com\\\/about-us\\\/\"]}]},{\"@type\":\"BreadcrumbList\",\"@id\":\"https:\\\/\\\/mallorcafloralweddings.com\\\/about-us\\\/#breadcrumb\",\"itemListElement\":[{\"@type\":\"ListItem\",\"position\":1,\"name\":\"Portada\",\"item\":\"https:\\\/\\\/mallorcafloralweddings.com\\\/\"},{\"@type\":\"ListItem\",\"position\":2,\"name\":\"About us\"}]},{\"@type\":\"WebSite\",\"@id\":\"https:\\\/\\\/mallorcafloralweddings.com\\\/#website\",\"url\":\"https:\\\/\\\/mallorcafloralweddings.com\\\/\",\"name\":\"Mallorca Floral Weddings\",\"description\":\"Renting Wedding Flowers on Mallorca\",\"publisher\":{\"@id\":\"https:\\\/\\\/mallorcafloralweddings.com\\\/#organization\"},\"potentialAction\":[{\"@type\":\"SearchAction\",\"target\":{\"@type\":\"EntryPoint\",\"urlTemplate\":\"https:\\\/\\\/mallorcafloralweddings.com\\\/?s={search_term_string}\"},\"query-input\":{\"@type\":\"PropertyValueSpecification\",\"valueRequired\":true,\"valueName\":\"search_term_string\"}}],\"inLanguage\":\"es\"},{\"@type\":\"Organization\",\"@id\":\"https:\\\/\\\/mallorcafloralweddings.com\\\/#organization\",\"name\":\"Mallorca Floral Weddings\",\"url\":\"https:\\\/\\\/mallorcafloralweddings.com\\\/\",\"logo\":{\"@type\":\"ImageObject\",\"inLanguage\":\"es\",\"@id\":\"https:\\\/\\\/mallorcafloralweddings.com\\\/#\\\/schema\\\/logo\\\/image\\\/\",\"url\":\"https:\\\/\\\/mallorcafloralweddings.com\\\/wp-content\\\/uploads\\\/2025\\\/03\\\/logo-ft.png\",\"contentUrl\":\"https:\\\/\\\/mallorcafloralweddings.com\\\/wp-content\\\/uploads\\\/2025\\\/03\\\/logo-ft.png\",\"width\":143,\"height\":50,\"caption\":\"Mallorca Floral Weddings\"},\"image\":{\"@id\":\"https:\\\/\\\/mallorcafloralweddings.com\\\/#\\\/schema\\\/logo\\\/image\\\/\"},\"sameAs\":[\"https:\\\/\\\/www.instagram.com\\\/mallorca_floral_weddings\\\/?hl=es\"]}]}<\/script>\n<!-- \/ Yoast SEO plugin. -->","yoast_head_json":{"title":"Sobre nosotros - Bodas Florales en Mallorca","robots":{"index":"index","follow":"follow","max-snippet":"max-snippet:-1","max-image-preview":"max-image-preview:large","max-video-preview":"max-video-preview:-1"},"canonical":"https:\/\/mallorcafloralweddings.com\/es\/about-us\/","og_locale":"es_ES","og_type":"article","og_title":"About us - Mallorca Floral Weddings","og_url":"https:\/\/mallorcafloralweddings.com\/es\/about-us\/","og_site_name":"Mallorca Floral Weddings","article_modified_time":"2025-05-09T09:43:35+00:00","twitter_card":"summary_large_image","twitter_misc":{"Tiempo de lectura":"2 minutos"},"schema":{"@context":"https:\/\/schema.org","@graph":[{"@type":"WebPage","@id":"https:\/\/mallorcafloralweddings.com\/about-us\/","url":"https:\/\/mallorcafloralweddings.com\/about-us\/","name":"Sobre nosotros - Bodas Florales en Mallorca","isPartOf":{"@id":"https:\/\/mallorcafloralweddings.com\/#website"},"datePublished":"2025-01-31T15:17:34+00:00","dateModified":"2025-05-09T09:43:35+00:00","breadcrumb":{"@id":"https:\/\/mallorcafloralweddings.com\/about-us\/#breadcrumb"},"inLanguage":"es","potentialAction":[{"@type":"ReadAction","target":["https:\/\/mallorcafloralweddings.com\/about-us\/"]}]},{"@type":"BreadcrumbList","@id":"https:\/\/mallorcafloralweddings.com\/about-us\/#breadcrumb","itemListElement":[{"@type":"ListItem","position":1,"name":"Portada","item":"https:\/\/mallorcafloralweddings.com\/"},{"@type":"ListItem","position":2,"name":"About us"}]},{"@type":"WebSite","@id":"https:\/\/mallorcafloralweddings.com\/#website","url":"https:\/\/mallorcafloralweddings.com\/","name":"Bodas florales en Mallorca","description":"Alquiler de flores para bodas en Mallorca","publisher":{"@id":"https:\/\/mallorcafloralweddings.com\/#organization"},"potentialAction":[{"@type":"SearchAction","target":{"@type":"EntryPoint","urlTemplate":"https:\/\/mallorcafloralweddings.com\/?s={search_term_string}"},"query-input":{"@type":"PropertyValueSpecification","valueRequired":true,"valueName":"search_term_string"}}],"inLanguage":"es"},{"@type":"Organization","@id":"https:\/\/mallorcafloralweddings.com\/#organization","name":"Bodas florales en Mallorca","url":"https:\/\/mallorcafloralweddings.com\/","logo":{"@type":"ImageObject","inLanguage":"es","@id":"https:\/\/mallorcafloralweddings.com\/#\/schema\/logo\/image\/","url":"https:\/\/mallorcafloralweddings.com\/wp-content\/uploads\/2025\/03\/logo-ft.png","contentUrl":"https:\/\/mallorcafloralweddings.com\/wp-content\/uploads\/2025\/03\/logo-ft.png","width":143,"height":50,"caption":"Mallorca Floral Weddings"},"image":{"@id":"https:\/\/mallorcafloralweddings.com\/#\/schema\/logo\/image\/"},"sameAs":["https:\/\/www.instagram.com\/mallorca_floral_weddings\/?hl=es"]}]}},"_links":{"self":[{"href":"https:\/\/mallorcafloralweddings.com\/es\/wp-json\/wp\/v2\/pages\/11","targetHints":{"allow":["GET"]}}],"collection":[{"href":"https:\/\/mallorcafloralweddings.com\/es\/wp-json\/wp\/v2\/pages"}],"about":[{"href":"https:\/\/mallorcafloralweddings.com\/es\/wp-json\/wp\/v2\/types\/page"}],"author":[{"embeddable":true,"href":"https:\/\/mallorcafloralweddings.com\/es\/wp-json\/wp\/v2\/users\/2"}],"replies":[{"embeddable":true,"href":"https:\/\/mallorcafloralweddings.com\/es\/wp-json\/wp\/v2\/comments?post=11"}],"version-history":[{"count":30,"href":"https:\/\/mallorcafloralweddings.com\/es\/wp-json\/wp\/v2\/pages\/11\/revisions"}],"predecessor-version":[{"id":768,"href":"https:\/\/mallorcafloralweddings.com\/es\/wp-json\/wp\/v2\/pages\/11\/revisions\/768"}],"wp:attachment":[{"href":"https:\/\/mallorcafloralweddings.com\/es\/wp-json\/wp\/v2\/media?parent=11"}],"curies":[{"name":"wp","href":"https:\/\/api.w.org\/{rel}","templated":true}]}}