{"id":470,"date":"2025-01-31T15:33:10","date_gmt":"2025-01-31T15:33:10","guid":{"rendered":"https:\/\/mallorcafloralweddings.com\/?page_id=470"},"modified":"2025-04-01T09:22:54","modified_gmt":"2025-04-01T09:22:54","slug":"decorations-stores","status":"publish","type":"page","link":"https:\/\/mallorcafloralweddings.com\/de\/dekorationsgeschafte\/","title":{"rendered":"Blumendekoration in Gesch\u00e4ften"},"content":{"rendered":"<div class=\"wpb-content-wrapper\"><div class=\"vc_row wpb_row vc_row-fluid vc_row-o-content-top vc_row-flex\"><div class=\"wpb_column vc_column_container vc_col-sm-6\"><div class=\"vc_column-inner\"><div class=\"wpb_wrapper\"><style type=\"text\/css\" data-type=\"the7_shortcodes-inline-css\">.shortcode-single-image-wrap.shortcode-single-image-153c0f493e9f94dad0bdc45c8003130f.enable-bg-rollover .rollover i,\n.shortcode-single-image-wrap.shortcode-single-image-153c0f493e9f94dad0bdc45c8003130f.enable-bg-rollover .rollover-video i {\n  background: -webkit-linear-gradient();\n  background: linear-gradient();\n}\n.shortcode-single-image-wrap.shortcode-single-image-153c0f493e9f94dad0bdc45c8003130f .rollover-icon {\n  font-size: 32px;\n  color: #ffffff;\n  min-width: 44px;\n  min-height: 44px;\n  line-height: 44px;\n  border-radius: 100px;\n  border-style: solid;\n  border-width: 0px;\n}\n.dt-icon-bg-on.shortcode-single-image-wrap.shortcode-single-image-153c0f493e9f94dad0bdc45c8003130f .rollover-icon {\n  background: rgba(255,255,255,0.3);\n  box-shadow: none;\n}<\/style><div class=\"shortcode-single-image-wrap shortcode-single-image-153c0f493e9f94dad0bdc45c8003130f alignnone  enable-bg-rollover dt-icon-bg-off\" style=\"margin-top:0px; margin-bottom:0px; margin-left:0px; margin-right:0px;\"><div class=\"shortcode-single-image\"><div class=\"fancy-media-wrap  layzr-bg\" style=\"\"><img fetchpriority=\"high\" decoding=\"async\" class=\"preload-me lazy-load aspect\" src=\"data:image\/svg+xml,%3Csvg%20xmlns%3D&#39;http%3A%2F%2Fwww.w3.org%2F2000%2Fsvg&#39;%20viewBox%3D&#39;0%200%20998%201122&#39;%2F%3E\" data-src=\"https:\/\/mallorcafloralweddings.com\/wp-content\/uploads\/2025\/03\/store-4.jpg\" data-srcset=\"https:\/\/mallorcafloralweddings.com\/wp-content\/uploads\/2025\/03\/store-4.jpg 998w\" loading=\"eager\" sizes=\"(max-width: 998px) 100vw, 998px\" width=\"998\" height=\"1122\"  data-dt-location=\"https:\/\/mallorcafloralweddings.com\/de\/dekorationsgeschafte\/store-4\/\" style=\"--ratio: 998 \/ 1122;\" alt=\"\" \/><\/div><\/div><\/div><div class=\"vc_empty_space\"   style=\"height: 50px\"><span class=\"vc_empty_space_inner\"><\/span><\/div><\/div><\/div><\/div><div class=\"wpb_column vc_column_container vc_col-sm-6\"><div class=\"vc_column-inner\"><div class=\"wpb_wrapper\">\n\t<div class=\"wpb_text_column wpb_content_element\" >\n\t\t<div class=\"wpb_wrapper\">\n\t\t\t<h5 style=\"text-align: center;\">BLUMENDEKORATIONEN IM EINZELHANDEL DIENEN SOWOHL \u00c4STHETISCHEN ALS AUCH STRATEGISCHEN ZWECKEN. K\u00dcNSTLICHE BLUMEN K\u00d6NNEN DEM INNEN- UND AUSSENBEREICH EINES GESCH\u00c4FTS FARBE, TEXTUR UND W\u00c4RME HINZUF\u00dcGEN UND SO EINE UMGEBUNG SCHAFFEN, DIE KUNDEN ANSPRICHT UND IHR EINKAUFSERLEBNIS VERBESSERT.<\/h5>\n\n\t\t<\/div>\n\t<\/div>\n<div class=\"vc_separator wpb_content_element vc_separator_align_center vc_sep_width_100 vc_sep_pos_align_center vc_separator_no_text vc_sep_color_chino wpb_content_element  wpb_content_element\" ><span class=\"vc_sep_holder vc_sep_holder_l\"><span class=\"vc_sep_line\"><\/span><\/span><span class=\"vc_sep_holder vc_sep_holder_r\"><span class=\"vc_sep_line\"><\/span><\/span>\n<\/div><div class=\"standard-arrow list-divider bullet-top\"><ul>\n<li><strong>Branding und visuelle Attraktivit\u00e4t:<\/strong><br \/>\nBlumen k\u00f6nnen sorgf\u00e4ltig ausgew\u00e4hlt werden, um zur Marke eines Gesch\u00e4fts zu passen \u2013 egal, ob es sich um eine luxuri\u00f6se Boutique mit eleganten wei\u00dfen Lilien und Orchideen oder einen eher entspannten Laden mit leuchtenden Sonnenblumen und G\u00e4nsebl\u00fcmchen handelt. Die Art der Blumen kann das Image des Gesch\u00e4fts st\u00e4rken und ihm mehr Identit\u00e4t verleihen.<\/li>\n<li><strong>Ausstellungsst\u00fccke:<\/strong><br \/>\nBlumen k\u00f6nnen in Produktpr\u00e4sentationen integriert oder sogar in Schaufenstern eingesetzt werden, um Aufmerksamkeit zu erregen. Ein sorgf\u00e4ltig gestaltetes Blumenarrangement kann ein einfaches Fenster oder einen Eingang in einen Blickfang verwandeln, der Passanten anzieht.<\/li>\n<li><strong>Saisonale Themen:<\/strong><br \/>\nSaisonale Blumen bieten eine einzigartige M\u00f6glichkeit, Dekorationen das ganze Jahr \u00fcber anzupassen. Im Fr\u00fchling k\u00f6nnen Tulpen und Narzissen zum Einsatz kommen, im Herbst Chrysanthemen, K\u00fcrbisse oder sogar Blumenarrangements mit Trockenblumen.<\/li>\n<li><strong>Stimmungsaufhellung:<\/strong><br \/>\nBlumen k\u00f6nnen die Stimmung der Kunden verbessern und zu einer entspannten, angenehmen Atmosph\u00e4re beitragen, die sie dazu anregt, l\u00e4nger zu st\u00f6bern und ihre<br \/>\nErfahrung.<\/li>\n<\/ul>\n<\/div><\/div><\/div><\/div><\/div><div class=\"vc_row wpb_row vc_row-fluid\"><div class=\"wpb_column vc_column_container vc_col-sm-12\"><div class=\"vc_column-inner\"><div class=\"wpb_wrapper\"><style type=\"text\/css\" data-type=\"the7_shortcodes-inline-css\">.gallery-carousel-shortcode.gallery-carousel-shortcode-id-a51f207c6c0d4602d7f6b9a4198d7c4d.owl-carousel .owl-nav div {\n  width: 36px;\n  height: 36px;\n  border-radius: 500px;\n}\n.dt-arrow-border-on.gallery-carousel-shortcode.gallery-carousel-shortcode-id-a51f207c6c0d4602d7f6b9a4198d7c4d.owl-carousel .owl-nav div:not(:hover):before {\n  border-width: 0px;\n}\n.dt-arrow-hover-border-on.gallery-carousel-shortcode.gallery-carousel-shortcode-id-a51f207c6c0d4602d7f6b9a4198d7c4d.owl-carousel .owl-nav div:hover:after {\n  border-width: 0px;\n}\n.gallery-carousel-shortcode.gallery-carousel-shortcode-id-a51f207c6c0d4602d7f6b9a4198d7c4d.owl-carousel .owl-nav div.owl-prev {\n  top: 50%;\n  transform: translateY(calc(-50% + 0px));\n  left: -43px;\n}\n@media all and (-ms-high-contrast: none) {\n  .gallery-carousel-shortcode.gallery-carousel-shortcode-id-a51f207c6c0d4602d7f6b9a4198d7c4d.owl-carousel .owl-nav div.owl-prev {\n    transform: translateY(-50%);\n    margin-top: 0px;\n  }\n}\n.gallery-carousel-shortcode.gallery-carousel-shortcode-id-a51f207c6c0d4602d7f6b9a4198d7c4d.owl-carousel .owl-nav div.owl-prev i {\n  padding: 0px 0px 0px 0px;\n}\n.gallery-carousel-shortcode.gallery-carousel-shortcode-id-a51f207c6c0d4602d7f6b9a4198d7c4d.owl-carousel .owl-nav div.owl-next {\n  top: 50%;\n  transform: translateY(calc(-50% + 0px));\n  right: -43px;\n}\n@media all and (-ms-high-contrast: none) {\n  .gallery-carousel-shortcode.gallery-carousel-shortcode-id-a51f207c6c0d4602d7f6b9a4198d7c4d.owl-carousel .owl-nav div.owl-next {\n    transform: translateY(-50%);\n    margin-top: 0px;\n  }\n}\n.gallery-carousel-shortcode.gallery-carousel-shortcode-id-a51f207c6c0d4602d7f6b9a4198d7c4d.owl-carousel .owl-nav div.owl-next i {\n  padding: 0px 0px 0px 0px;\n}\n.gallery-carousel-shortcode.gallery-carousel-shortcode-id-a51f207c6c0d4602d7f6b9a4198d7c4d.owl-carousel .owl-nav i {\n  font-size: 18px;\n}\n.gallery-carousel-shortcode.gallery-carousel-shortcode-id-a51f207c6c0d4602d7f6b9a4198d7c4d.owl-carousel .owl-nav div:not(:hover) i,\n.gallery-carousel-shortcode.gallery-carousel-shortcode-id-a51f207c6c0d4602d7f6b9a4198d7c4d.owl-carousel .owl-nav div:not(:hover) i:before {\n  color: #333333;\n  background: none;\n}\n.gallery-carousel-shortcode.gallery-carousel-shortcode-id-a51f207c6c0d4602d7f6b9a4198d7c4d.owl-carousel .owl-nav div:hover i,\n.gallery-carousel-shortcode.gallery-carousel-shortcode-id-a51f207c6c0d4602d7f6b9a4198d7c4d.owl-carousel .owl-nav div:hover i:before {\n  color: rgba(255,255,255,0.75);\n  background: none;\n}\n.gallery-carousel-shortcode.gallery-carousel-shortcode-id-a51f207c6c0d4602d7f6b9a4198d7c4d .owl-dots {\n  top: calc(100% + 20px);\n  left: 50%;\n  transform: translateX(calc(-50% + 0px));\n}\n@media all and (-ms-high-contrast: none) {\n  .gallery-carousel-shortcode.gallery-carousel-shortcode-id-a51f207c6c0d4602d7f6b9a4198d7c4d .owl-dots {\n    transform: translateX(-50%);\n    margin-left: 0px;\n  }\n}\n.gallery-carousel-shortcode.gallery-carousel-shortcode-id-a51f207c6c0d4602d7f6b9a4198d7c4d .owl-dot {\n  width: 10px;\n  height: 10px;\n  margin: 0 8px;\n}\n@media screen and (max-width: 778px) {\n  .gallery-carousel-shortcode.gallery-carousel-shortcode-id-a51f207c6c0d4602d7f6b9a4198d7c4d.hide-arrows .owl-nav a {\n    display: none;\n  }\n}\n@media screen and (max-width: 778px) {\n  .gallery-carousel-shortcode.gallery-carousel-shortcode-id-a51f207c6c0d4602d7f6b9a4198d7c4d.reposition-arrows .owl-nav .owl-prev {\n    top: 50%;\n    transform: translateY(calc(-50% + 0px));\n    left: 10px;\n  }\n  .gallery-carousel-shortcode.gallery-carousel-shortcode-id-a51f207c6c0d4602d7f6b9a4198d7c4d.reposition-arrows .owl-nav .owl-next {\n    top: 50%;\n    transform: translateY(calc(-50% + 0px));\n    right: 10px;\n  }\n}\n@media screen and (max-width: 778px) and all and (-ms-high-contrast: none) {\n  .gallery-carousel-shortcode.gallery-carousel-shortcode-id-a51f207c6c0d4602d7f6b9a4198d7c4d.reposition-arrows .owl-nav .owl-prev {\n    transform: translateY(-50%);\n    margin-top: 0px;\n  }\n}\n@media screen and (max-width: 778px) and all and (-ms-high-contrast: none) {\n  .gallery-carousel-shortcode.gallery-carousel-shortcode-id-a51f207c6c0d4602d7f6b9a4198d7c4d.reposition-arrows .owl-nav .owl-next {\n    transform: translateY(-50%);\n    margin-top: 0px;\n  }\n}\n.gallery-carousel-shortcode.gallery-carousel-shortcode-id-a51f207c6c0d4602d7f6b9a4198d7c4d figure,\n.gallery-carousel-shortcode.gallery-carousel-shortcode-id-a51f207c6c0d4602d7f6b9a4198d7c4d .rollover,\n.gallery-carousel-shortcode.gallery-carousel-shortcode-id-a51f207c6c0d4602d7f6b9a4198d7c4d img,\n.gallery-carousel-shortcode.gallery-carousel-shortcode-id-a51f207c6c0d4602d7f6b9a4198d7c4d .gallery-rollover {\n  border-radius: 2px;\n}\n.gallery-carousel-shortcode.gallery-carousel-shortcode-id-a51f207c6c0d4602d7f6b9a4198d7c4d.enable-bg-rollover .gallery-rollover {\n  background: -webkit-linear-gradient();\n  background: linear-gradient();\n}\n.gallery-carousel-shortcode.gallery-carousel-shortcode-id-a51f207c6c0d4602d7f6b9a4198d7c4d.enable-img-shadow .owl-stage-outer {\n  padding: 9px 0;\n}\n.gallery-carousel-shortcode.gallery-carousel-shortcode-id-a51f207c6c0d4602d7f6b9a4198d7c4d.enable-bg-rollover.hover-scale figure .rollover:after {\n  background: -webkit-linear-gradient();\n  background: linear-gradient();\n}\n.gallery-carousel-shortcode.gallery-carousel-shortcode-id-a51f207c6c0d4602d7f6b9a4198d7c4d.gallery-shortcode .gallery-zoom-ico {\n  width: 44px;\n  height: 44px;\n  line-height: 44px;\n  border-radius: 100px;\n  margin: -22px 0 0 -22px;\n  border-width: 0px;\n}\n.dt-icon-bg-on.gallery-carousel-shortcode.gallery-carousel-shortcode-id-a51f207c6c0d4602d7f6b9a4198d7c4d.gallery-shortcode .gallery-zoom-ico {\n  background: rgba(255,255,255,0.3);\n  box-shadow: none;\n}\n.gallery-carousel-shortcode.gallery-carousel-shortcode-id-a51f207c6c0d4602d7f6b9a4198d7c4d.gallery-shortcode .gallery-zoom-ico:before,\n.gallery-carousel-shortcode.gallery-carousel-shortcode-id-a51f207c6c0d4602d7f6b9a4198d7c4d.gallery-shortcode .gallery-zoom-ico span {\n  font-size: 32px;\n  line-height: 44px;\n  color: #ffffff;\n  background: none;\n}<\/style><div class=\"owl-carousel gallery-carousel-shortcode gallery-shortcode  dt-gallery-container dt-owl-carousel-call gallery-carousel-shortcode-id-a51f207c6c0d4602d7f6b9a4198d7c4d enable-bg-rollover meta-info-off dt-arrow-border-on dt-arrow-hover-border-on bullets-small-dot-stroke reposition-arrows dt-icon-bg-off arrows-bg-on disable-arrows-hover-bg arrows-hover-bg-on  hover-fade\" data-scroll-mode=\"1\" data-col-num=\"3\" data-wide-col-num=\"3\" data-laptop-col=\"3\" data-h-tablet-columns-num=\"3\" data-v-tablet-columns-num=\"3\" data-phone-columns-num=\"1\" data-col-gap=\"5\" data-stage-padding=\"0\" data-speed=\"600\" data-autoplay=\"false\" data-autoplay_speed=\"6000\" data-arrows=\"true\" data-bullet=\"false\" data-next-icon=\"icon-ar-017-r\" data-prev-icon=\"icon-ar-017-l\" data-img-shadow-size=\"12px\" data-img-shadow-spread=\"3px\"><div data-post-id=\"474\" data-date=\"2025-03-12T11:44:27+00:00\" data-name=\"\"><figure class=\"post\"><a href=\"https:\/\/mallorcafloralweddings.com\/wp-content\/uploads\/2025\/03\/store-9.jpg\" class=\"rollover dt-pswp-item layzr-bg\" data-large_image_width=\"922\" data-large_image_height=\"1096\" data-dt-img-description=\"\" ><img decoding=\"async\" class=\"preload-me owl-lazy-load aspect\" src=\"data:image\/svg+xml,%3Csvg%20xmlns%3D&#39;http%3A%2F%2Fwww.w3.org%2F2000%2Fsvg&#39;%20viewBox%3D&#39;0%200%20922%20922&#39;%2F%3E\" data-src=\"https:\/\/mallorcafloralweddings.com\/wp-content\/uploads\/2025\/03\/store-9-922x922.jpg\" data-srcset=\"https:\/\/mallorcafloralweddings.com\/wp-content\/uploads\/2025\/03\/store-9-922x922.jpg 922w\" loading=\"eager\" style=\"--ratio: 922 \/ 922\" sizes=\"(max-width: 922px) 100vw, 922px\" alt=\"\" width=\"922\" height=\"922\"  \/><span class=\"gallery-rollover\"><\/span><\/a><\/figure><\/div><div data-post-id=\"475\" data-date=\"2025-03-12T11:44:28+00:00\" data-name=\"\"><figure class=\"post\"><a href=\"https:\/\/mallorcafloralweddings.com\/wp-content\/uploads\/2025\/03\/store-8.jpg\" class=\"rollover dt-pswp-item layzr-bg\" data-large_image_width=\"1006\" data-large_image_height=\"1094\" data-dt-img-description=\"\" ><img decoding=\"async\" class=\"preload-me owl-lazy-load aspect\" src=\"data:image\/svg+xml,%3Csvg%20xmlns%3D&#39;http%3A%2F%2Fwww.w3.org%2F2000%2Fsvg&#39;%20viewBox%3D&#39;0%200%201006%201006&#39;%2F%3E\" data-src=\"https:\/\/mallorcafloralweddings.com\/wp-content\/uploads\/2025\/03\/store-8-1006x1006.jpg\" data-srcset=\"https:\/\/mallorcafloralweddings.com\/wp-content\/uploads\/2025\/03\/store-8-1006x1006.jpg 1006w\" loading=\"eager\" style=\"--ratio: 1006 \/ 1006\" sizes=\"(max-width: 1006px) 100vw, 1006px\" alt=\"\" width=\"1006\" height=\"1006\"  \/><span class=\"gallery-rollover\"><\/span><\/a><\/figure><\/div><div data-post-id=\"476\" data-date=\"2025-03-12T11:44:29+00:00\" data-name=\"\"><figure class=\"post\"><a href=\"https:\/\/mallorcafloralweddings.com\/wp-content\/uploads\/2025\/03\/store-6.jpg\" class=\"rollover dt-pswp-item layzr-bg\" data-large_image_width=\"910\" data-large_image_height=\"1204\" data-dt-img-description=\"\" ><img decoding=\"async\" class=\"preload-me owl-lazy-load aspect\" src=\"data:image\/svg+xml,%3Csvg%20xmlns%3D&#39;http%3A%2F%2Fwww.w3.org%2F2000%2Fsvg&#39;%20viewBox%3D&#39;0%200%20910%20910&#39;%2F%3E\" data-src=\"https:\/\/mallorcafloralweddings.com\/wp-content\/uploads\/2025\/03\/store-6-910x910.jpg\" data-srcset=\"https:\/\/mallorcafloralweddings.com\/wp-content\/uploads\/2025\/03\/store-6-910x910.jpg 910w\" loading=\"eager\" style=\"--ratio: 910 \/ 910\" sizes=\"(max-width: 910px) 100vw, 910px\" alt=\"\" width=\"910\" height=\"910\"  \/><span class=\"gallery-rollover\"><\/span><\/a><\/figure><\/div><div data-post-id=\"477\" data-date=\"2025-03-12T11:44:30+00:00\" data-name=\"\"><figure class=\"post\"><a href=\"https:\/\/mallorcafloralweddings.com\/wp-content\/uploads\/2025\/03\/store-5.jpg\" class=\"rollover dt-pswp-item layzr-bg\" data-large_image_width=\"750\" data-large_image_height=\"844\" data-dt-img-description=\"\" ><img decoding=\"async\" class=\"preload-me owl-lazy-load aspect\" src=\"data:image\/svg+xml,%3Csvg%20xmlns%3D&#39;http%3A%2F%2Fwww.w3.org%2F2000%2Fsvg&#39;%20viewBox%3D&#39;0%200%20750%20750&#39;%2F%3E\" data-src=\"https:\/\/mallorcafloralweddings.com\/wp-content\/uploads\/2025\/03\/store-5-750x750.jpg\" data-srcset=\"https:\/\/mallorcafloralweddings.com\/wp-content\/uploads\/2025\/03\/store-5-750x750.jpg 750w\" loading=\"eager\" style=\"--ratio: 750 \/ 750\" sizes=\"(max-width: 750px) 100vw, 750px\" alt=\"\" width=\"750\" height=\"750\"  \/><span class=\"gallery-rollover\"><\/span><\/a><\/figure><\/div><div data-post-id=\"478\" data-date=\"2025-03-12T11:44:37+00:00\" data-name=\"\"><figure class=\"post\"><a href=\"https:\/\/mallorcafloralweddings.com\/wp-content\/uploads\/2025\/03\/store-3.jpg\" class=\"rollover dt-pswp-item layzr-bg\" data-large_image_width=\"960\" data-large_image_height=\"1280\" data-dt-img-description=\"\" ><img decoding=\"async\" class=\"preload-me owl-lazy-load aspect\" src=\"data:image\/svg+xml,%3Csvg%20xmlns%3D&#39;http%3A%2F%2Fwww.w3.org%2F2000%2Fsvg&#39;%20viewBox%3D&#39;0%200%20960%20960&#39;%2F%3E\" data-src=\"https:\/\/mallorcafloralweddings.com\/wp-content\/uploads\/2025\/03\/store-3-960x960.jpg\" data-srcset=\"https:\/\/mallorcafloralweddings.com\/wp-content\/uploads\/2025\/03\/store-3-960x960.jpg 960w\" loading=\"eager\" style=\"--ratio: 960 \/ 960\" sizes=\"(max-width: 960px) 100vw, 960px\" alt=\"\" width=\"960\" height=\"960\"  \/><span class=\"gallery-rollover\"><\/span><\/a><\/figure><\/div><div data-post-id=\"479\" data-date=\"2025-03-12T11:44:38+00:00\" data-name=\"\"><figure class=\"post\"><a href=\"https:\/\/mallorcafloralweddings.com\/wp-content\/uploads\/2025\/03\/store-2.jpg\" class=\"rollover dt-pswp-item layzr-bg\" data-large_image_width=\"810\" data-large_image_height=\"1080\" data-dt-img-description=\"\" ><img decoding=\"async\" class=\"preload-me owl-lazy-load aspect\" src=\"data:image\/svg+xml,%3Csvg%20xmlns%3D&#39;http%3A%2F%2Fwww.w3.org%2F2000%2Fsvg&#39;%20viewBox%3D&#39;0%200%20810%20810&#39;%2F%3E\" data-src=\"https:\/\/mallorcafloralweddings.com\/wp-content\/uploads\/2025\/03\/store-2-810x810.jpg\" data-srcset=\"https:\/\/mallorcafloralweddings.com\/wp-content\/uploads\/2025\/03\/store-2-810x810.jpg 810w\" loading=\"eager\" style=\"--ratio: 810 \/ 810\" sizes=\"(max-width: 810px) 100vw, 810px\" alt=\"\" width=\"810\" height=\"810\"  \/><span class=\"gallery-rollover\"><\/span><\/a><\/figure><\/div><div data-post-id=\"480\" data-date=\"2025-03-12T11:44:39+00:00\" data-name=\"\"><figure class=\"post\"><a href=\"https:\/\/mallorcafloralweddings.com\/wp-content\/uploads\/2025\/03\/store-1.jpg\" class=\"rollover dt-pswp-item layzr-bg\" data-large_image_width=\"720\" data-large_image_height=\"1280\" data-dt-img-description=\"\" ><img decoding=\"async\" class=\"preload-me owl-lazy-load aspect\" src=\"data:image\/svg+xml,%3Csvg%20xmlns%3D&#39;http%3A%2F%2Fwww.w3.org%2F2000%2Fsvg&#39;%20viewBox%3D&#39;0%200%20720%20720&#39;%2F%3E\" data-src=\"https:\/\/mallorcafloralweddings.com\/wp-content\/uploads\/2025\/03\/store-1-720x720.jpg\" data-srcset=\"https:\/\/mallorcafloralweddings.com\/wp-content\/uploads\/2025\/03\/store-1-720x720.jpg 720w\" loading=\"eager\" style=\"--ratio: 720 \/ 720\" sizes=\"(max-width: 720px) 100vw, 720px\" alt=\"\" width=\"720\" height=\"720\"  \/><span class=\"gallery-rollover\"><\/span><\/a><\/figure><\/div><\/div><\/div><\/div><\/div><\/div>\n<\/div>","protected":false},"excerpt":{"rendered":"<p>FLORAL DECORATIONS IN RETAIL ENVIRONMENTS SERVE BOTH AESTHETIC AND STRATEGIC PURPOSES. ARTIFICIAL FLOWERS CAN ADD COLOR, TEXTURE, AND WARMTH TO A STORE\u2019S INTERIOR OR EXTERIOR, CREATING AN ENVIRONMENT THAT RESONATES WITH CUSTOMERS AND ENHANCES THEIR SHOPPING EXPERIENCE Branding and Visual Appeal: Florals can be carefully chosen to align with a store\u2019s brand, whether it&#8217;s a&hellip;<\/p>","protected":false},"author":2,"featured_media":0,"parent":0,"menu_order":0,"comment_status":"closed","ping_status":"closed","template":"","meta":{"_monsterinsights_skip_tracking":false,"_monsterinsights_sitenote_active":false,"_monsterinsights_sitenote_note":"","_monsterinsights_sitenote_category":0,"footnotes":""},"class_list":["post-470","page","type-page","status-publish","hentry","description-off"],"yoast_head":"<!-- This site is optimized with the Yoast SEO plugin v27.4 - https:\/\/yoast.com\/product\/yoast-seo-wordpress\/ -->\n<title>floral decoration in stores - Mallorca Floral Weddings<\/title>\n<meta name=\"robots\" content=\"index, follow, max-snippet:-1, max-image-preview:large, max-video-preview:-1\" \/>\n<link rel=\"canonical\" href=\"https:\/\/mallorcafloralweddings.com\/de\/decorations-stores\/\" \/>\n<meta property=\"og:locale\" content=\"de_DE\" \/>\n<meta property=\"og:type\" content=\"article\" \/>\n<meta property=\"og:title\" content=\"floral decoration in stores - Mallorca Floral Weddings\" \/>\n<meta property=\"og:url\" content=\"https:\/\/mallorcafloralweddings.com\/de\/decorations-stores\/\" \/>\n<meta property=\"og:site_name\" content=\"Mallorca Floral Weddings\" \/>\n<meta property=\"article:modified_time\" content=\"2025-04-01T09:22:54+00:00\" \/>\n<meta name=\"twitter:card\" content=\"summary_large_image\" \/>\n<meta name=\"twitter:label1\" content=\"Gesch\u00e4tzte Lesezeit\" \/>\n\t<meta name=\"twitter:data1\" content=\"2\u00a0Minuten\" \/>\n<script type=\"application\/ld+json\" class=\"yoast-schema-graph\">{\"@context\":\"https:\\\/\\\/schema.org\",\"@graph\":[{\"@type\":\"WebPage\",\"@id\":\"https:\\\/\\\/mallorcafloralweddings.com\\\/decorations-stores\\\/\",\"url\":\"https:\\\/\\\/mallorcafloralweddings.com\\\/decorations-stores\\\/\",\"name\":\"floral decoration in stores - Mallorca Floral Weddings\",\"isPartOf\":{\"@id\":\"https:\\\/\\\/mallorcafloralweddings.com\\\/#website\"},\"datePublished\":\"2025-01-31T15:33:10+00:00\",\"dateModified\":\"2025-04-01T09:22:54+00:00\",\"breadcrumb\":{\"@id\":\"https:\\\/\\\/mallorcafloralweddings.com\\\/decorations-stores\\\/#breadcrumb\"},\"inLanguage\":\"de\",\"potentialAction\":[{\"@type\":\"ReadAction\",\"target\":[\"https:\\\/\\\/mallorcafloralweddings.com\\\/decorations-stores\\\/\"]}]},{\"@type\":\"BreadcrumbList\",\"@id\":\"https:\\\/\\\/mallorcafloralweddings.com\\\/decorations-stores\\\/#breadcrumb\",\"itemListElement\":[{\"@type\":\"ListItem\",\"position\":1,\"name\":\"Portada\",\"item\":\"https:\\\/\\\/mallorcafloralweddings.com\\\/\"},{\"@type\":\"ListItem\",\"position\":2,\"name\":\"floral decoration in stores\"}]},{\"@type\":\"WebSite\",\"@id\":\"https:\\\/\\\/mallorcafloralweddings.com\\\/#website\",\"url\":\"https:\\\/\\\/mallorcafloralweddings.com\\\/\",\"name\":\"Mallorca Floral Weddings\",\"description\":\"Renting Wedding Flowers on Mallorca\",\"publisher\":{\"@id\":\"https:\\\/\\\/mallorcafloralweddings.com\\\/#organization\"},\"potentialAction\":[{\"@type\":\"SearchAction\",\"target\":{\"@type\":\"EntryPoint\",\"urlTemplate\":\"https:\\\/\\\/mallorcafloralweddings.com\\\/?s={search_term_string}\"},\"query-input\":{\"@type\":\"PropertyValueSpecification\",\"valueRequired\":true,\"valueName\":\"search_term_string\"}}],\"inLanguage\":\"de\"},{\"@type\":\"Organization\",\"@id\":\"https:\\\/\\\/mallorcafloralweddings.com\\\/#organization\",\"name\":\"Mallorca Floral Weddings\",\"url\":\"https:\\\/\\\/mallorcafloralweddings.com\\\/\",\"logo\":{\"@type\":\"ImageObject\",\"inLanguage\":\"de\",\"@id\":\"https:\\\/\\\/mallorcafloralweddings.com\\\/#\\\/schema\\\/logo\\\/image\\\/\",\"url\":\"https:\\\/\\\/mallorcafloralweddings.com\\\/wp-content\\\/uploads\\\/2025\\\/03\\\/logo-ft.png\",\"contentUrl\":\"https:\\\/\\\/mallorcafloralweddings.com\\\/wp-content\\\/uploads\\\/2025\\\/03\\\/logo-ft.png\",\"width\":143,\"height\":50,\"caption\":\"Mallorca Floral Weddings\"},\"image\":{\"@id\":\"https:\\\/\\\/mallorcafloralweddings.com\\\/#\\\/schema\\\/logo\\\/image\\\/\"},\"sameAs\":[\"https:\\\/\\\/www.instagram.com\\\/mallorca_floral_weddings\\\/?hl=es\"]}]}<\/script>\n<!-- \/ Yoast SEO plugin. -->","yoast_head_json":{"title":"Blumendekoration in Gesch\u00e4ften - Mallorca Floral Weddings","robots":{"index":"index","follow":"follow","max-snippet":"max-snippet:-1","max-image-preview":"max-image-preview:large","max-video-preview":"max-video-preview:-1"},"canonical":"https:\/\/mallorcafloralweddings.com\/de\/decorations-stores\/","og_locale":"de_DE","og_type":"article","og_title":"floral decoration in stores - Mallorca Floral Weddings","og_url":"https:\/\/mallorcafloralweddings.com\/de\/decorations-stores\/","og_site_name":"Mallorca Floral Weddings","article_modified_time":"2025-04-01T09:22:54+00:00","twitter_card":"summary_large_image","twitter_misc":{"Gesch\u00e4tzte Lesezeit":"2\u00a0Minuten"},"schema":{"@context":"https:\/\/schema.org","@graph":[{"@type":"WebPage","@id":"https:\/\/mallorcafloralweddings.com\/decorations-stores\/","url":"https:\/\/mallorcafloralweddings.com\/decorations-stores\/","name":"Blumendekoration in Gesch\u00e4ften - Mallorca Floral Weddings","isPartOf":{"@id":"https:\/\/mallorcafloralweddings.com\/#website"},"datePublished":"2025-01-31T15:33:10+00:00","dateModified":"2025-04-01T09:22:54+00:00","breadcrumb":{"@id":"https:\/\/mallorcafloralweddings.com\/decorations-stores\/#breadcrumb"},"inLanguage":"de","potentialAction":[{"@type":"ReadAction","target":["https:\/\/mallorcafloralweddings.com\/decorations-stores\/"]}]},{"@type":"BreadcrumbList","@id":"https:\/\/mallorcafloralweddings.com\/decorations-stores\/#breadcrumb","itemListElement":[{"@type":"ListItem","position":1,"name":"Portada","item":"https:\/\/mallorcafloralweddings.com\/"},{"@type":"ListItem","position":2,"name":"floral decoration in stores"}]},{"@type":"WebSite","@id":"https:\/\/mallorcafloralweddings.com\/#website","url":"https:\/\/mallorcafloralweddings.com\/","name":"Blumenhochzeiten auf Mallorca","description":"Hochzeitsblumen mieten auf Mallorca","publisher":{"@id":"https:\/\/mallorcafloralweddings.com\/#organization"},"potentialAction":[{"@type":"SearchAction","target":{"@type":"EntryPoint","urlTemplate":"https:\/\/mallorcafloralweddings.com\/?s={search_term_string}"},"query-input":{"@type":"PropertyValueSpecification","valueRequired":true,"valueName":"search_term_string"}}],"inLanguage":"de"},{"@type":"Organization","@id":"https:\/\/mallorcafloralweddings.com\/#organization","name":"Blumenhochzeiten auf Mallorca","url":"https:\/\/mallorcafloralweddings.com\/","logo":{"@type":"ImageObject","inLanguage":"de","@id":"https:\/\/mallorcafloralweddings.com\/#\/schema\/logo\/image\/","url":"https:\/\/mallorcafloralweddings.com\/wp-content\/uploads\/2025\/03\/logo-ft.png","contentUrl":"https:\/\/mallorcafloralweddings.com\/wp-content\/uploads\/2025\/03\/logo-ft.png","width":143,"height":50,"caption":"Mallorca Floral Weddings"},"image":{"@id":"https:\/\/mallorcafloralweddings.com\/#\/schema\/logo\/image\/"},"sameAs":["https:\/\/www.instagram.com\/mallorca_floral_weddings\/?hl=es"]}]}},"_links":{"self":[{"href":"https:\/\/mallorcafloralweddings.com\/de\/wp-json\/wp\/v2\/pages\/470","targetHints":{"allow":["GET"]}}],"collection":[{"href":"https:\/\/mallorcafloralweddings.com\/de\/wp-json\/wp\/v2\/pages"}],"about":[{"href":"https:\/\/mallorcafloralweddings.com\/de\/wp-json\/wp\/v2\/types\/page"}],"author":[{"embeddable":true,"href":"https:\/\/mallorcafloralweddings.com\/de\/wp-json\/wp\/v2\/users\/2"}],"replies":[{"embeddable":true,"href":"https:\/\/mallorcafloralweddings.com\/de\/wp-json\/wp\/v2\/comments?post=470"}],"version-history":[{"count":8,"href":"https:\/\/mallorcafloralweddings.com\/de\/wp-json\/wp\/v2\/pages\/470\/revisions"}],"predecessor-version":[{"id":634,"href":"https:\/\/mallorcafloralweddings.com\/de\/wp-json\/wp\/v2\/pages\/470\/revisions\/634"}],"wp:attachment":[{"href":"https:\/\/mallorcafloralweddings.com\/de\/wp-json\/wp\/v2\/media?parent=470"}],"curies":[{"name":"wp","href":"https:\/\/api.w.org\/{rel}","templated":true}]}}