{"id":428,"date":"2025-01-31T15:33:10","date_gmt":"2025-01-31T15:33:10","guid":{"rendered":"https:\/\/mallorcafloralweddings.com\/?page_id=428"},"modified":"2025-04-01T08:58:25","modified_gmt":"2025-04-01T08:58:25","slug":"decorations-restaurants","status":"publish","type":"page","link":"https:\/\/mallorcafloralweddings.com\/de\/dekorationen-restaurants\/","title":{"rendered":"Blumendekoration in Restaurants"},"content":{"rendered":"<div class=\"wpb-content-wrapper\"><div class=\"vc_row wpb_row vc_row-fluid vc_row-o-content-top vc_row-flex\"><div class=\"wpb_column vc_column_container vc_col-sm-6\"><div class=\"vc_column-inner\"><div class=\"wpb_wrapper\"><style type=\"text\/css\" data-type=\"the7_shortcodes-inline-css\">.shortcode-single-image-wrap.shortcode-single-image-c07f75e9fd35b7af590f50c7c68e5c12.enable-bg-rollover .rollover i,\n.shortcode-single-image-wrap.shortcode-single-image-c07f75e9fd35b7af590f50c7c68e5c12.enable-bg-rollover .rollover-video i {\n  background: -webkit-linear-gradient();\n  background: linear-gradient();\n}\n.shortcode-single-image-wrap.shortcode-single-image-c07f75e9fd35b7af590f50c7c68e5c12 .rollover-icon {\n  font-size: 32px;\n  color: #ffffff;\n  min-width: 44px;\n  min-height: 44px;\n  line-height: 44px;\n  border-radius: 100px;\n  border-style: solid;\n  border-width: 0px;\n}\n.dt-icon-bg-on.shortcode-single-image-wrap.shortcode-single-image-c07f75e9fd35b7af590f50c7c68e5c12 .rollover-icon {\n  background: rgba(255,255,255,0.3);\n  box-shadow: none;\n}<\/style><div class=\"shortcode-single-image-wrap shortcode-single-image-c07f75e9fd35b7af590f50c7c68e5c12 alignnone  enable-bg-rollover dt-icon-bg-off\" style=\"margin-top:0px; margin-bottom:0px; margin-left:0px; margin-right:0px;\"><div class=\"shortcode-single-image\"><div class=\"fancy-media-wrap  layzr-bg\" style=\"\"><img fetchpriority=\"high\" decoding=\"async\" class=\"preload-me lazy-load aspect\" src=\"data:image\/svg+xml,%3Csvg%20xmlns%3D&#39;http%3A%2F%2Fwww.w3.org%2F2000%2Fsvg&#39;%20viewBox%3D&#39;0%200%201169%201131&#39;%2F%3E\" data-src=\"https:\/\/mallorcafloralweddings.com\/wp-content\/uploads\/2025\/03\/restaurant-1.jpg\" data-srcset=\"https:\/\/mallorcafloralweddings.com\/wp-content\/uploads\/2025\/03\/restaurant-1.jpg 1169w\" loading=\"eager\" sizes=\"(max-width: 1169px) 100vw, 1169px\" width=\"1169\" height=\"1131\"  data-dt-location=\"https:\/\/mallorcafloralweddings.com\/de\/dekorationen-restaurants\/screenshot-2\/\" style=\"--ratio: 1169 \/ 1131;\" alt=\"\" \/><\/div><\/div><\/div><div class=\"vc_empty_space\"   style=\"height: 50px\"><span class=\"vc_empty_space_inner\"><\/span><\/div><\/div><\/div><\/div><div class=\"wpb_column vc_column_container vc_col-sm-6\"><div class=\"vc_column-inner\"><div class=\"wpb_wrapper\">\n\t<div class=\"wpb_text_column wpb_content_element\" >\n\t\t<div class=\"wpb_wrapper\">\n\t\t\t<h5 style=\"text-align: center;\">Restaurants, Caf\u00e9s und andere Gastronomiebetriebe setzen oft auf Blumendekor, um das Speiseerlebnis zu verbessern und eine einladende und angenehme Atmosph\u00e4re zu schaffen, die das Men\u00fc und den Servicestil erg\u00e4nzt.<\/h5>\n\n\t\t<\/div>\n\t<\/div>\n<div class=\"vc_separator wpb_content_element vc_separator_align_center vc_sep_width_100 vc_sep_pos_align_center vc_separator_no_text vc_sep_color_chino wpb_content_element  wpb_content_element\" ><span class=\"vc_sep_holder vc_sep_holder_l\"><span class=\"vc_sep_line\"><\/span><\/span><span class=\"vc_sep_holder vc_sep_holder_r\"><span class=\"vc_sep_line\"><\/span><\/span>\n<\/div><div class=\"standard-arrow list-divider bullet-top\"><ul>\n<li><strong>Gr\u00f6\u00dfere Installationen:<\/strong><br \/>\nIn gr\u00f6\u00dferen R\u00e4umen, wie etwa in Hotellobbys oder gr\u00f6\u00dferen Restaurants, k\u00f6nnen florale Installationen wie kaskadenf\u00f6rmige Blumenw\u00e4nde oder gro\u00dfe Blumenleuchter einen dramatischen Akzent setzen und einen Blickfang schaffen, der die Aufmerksamkeit der G\u00e4ste auf sich zieht und die \u00e4sthetische Wirkung steigert.<\/li>\n<li><strong>Besondere Anl\u00e4sse:<\/strong><br \/>\nBlumenschmuck wird oft f\u00fcr besondere Anl\u00e4sse wie Hochzeiten, Jubil\u00e4en oder Feiern verwendet. In diesen F\u00e4llen k\u00f6nnen die Blumenarrangements \u00fcber die Tische hinausgehen und den gesamten Veranstaltungsort, einschlie\u00dflich Barbereich, Eingangsbereich und Toiletten, umfassen.<\/li>\n<li><strong>Verbindung zur Natur:<\/strong><br \/>\nRestaurants, die Wert auf Speisen mit Zutaten vom Erzeuger oder nachhaltige Praktiken legen, k\u00f6nnen Blumen auf eine Weise integrieren, die die Verbindung zwischen Lebensmitteln und Natur hervorhebt, indem sie frische, biologische Blumen verwenden, die entweder essbar sind oder aus der Region stammen.<\/li>\n<\/ul>\n<\/div><\/div><\/div><\/div><\/div><div class=\"vc_row wpb_row vc_row-fluid\"><div class=\"wpb_column vc_column_container vc_col-sm-12\"><div class=\"vc_column-inner\"><div class=\"wpb_wrapper\"><style type=\"text\/css\" data-type=\"the7_shortcodes-inline-css\">.gallery-carousel-shortcode.gallery-carousel-shortcode-id-bbe73e67c53078772e4c402f346ac4a9.owl-carousel .owl-nav div {\n  width: 36px;\n  height: 36px;\n  border-radius: 500px;\n}\n.dt-arrow-border-on.gallery-carousel-shortcode.gallery-carousel-shortcode-id-bbe73e67c53078772e4c402f346ac4a9.owl-carousel .owl-nav div:not(:hover):before {\n  border-width: 0px;\n}\n.dt-arrow-hover-border-on.gallery-carousel-shortcode.gallery-carousel-shortcode-id-bbe73e67c53078772e4c402f346ac4a9.owl-carousel .owl-nav div:hover:after {\n  border-width: 0px;\n}\n.gallery-carousel-shortcode.gallery-carousel-shortcode-id-bbe73e67c53078772e4c402f346ac4a9.owl-carousel .owl-nav div.owl-prev {\n  top: 50%;\n  transform: translateY(calc(-50% + 0px));\n  left: -43px;\n}\n@media all and (-ms-high-contrast: none) {\n  .gallery-carousel-shortcode.gallery-carousel-shortcode-id-bbe73e67c53078772e4c402f346ac4a9.owl-carousel .owl-nav div.owl-prev {\n    transform: translateY(-50%);\n    margin-top: 0px;\n  }\n}\n.gallery-carousel-shortcode.gallery-carousel-shortcode-id-bbe73e67c53078772e4c402f346ac4a9.owl-carousel .owl-nav div.owl-prev i {\n  padding: 0px 0px 0px 0px;\n}\n.gallery-carousel-shortcode.gallery-carousel-shortcode-id-bbe73e67c53078772e4c402f346ac4a9.owl-carousel .owl-nav div.owl-next {\n  top: 50%;\n  transform: translateY(calc(-50% + 0px));\n  right: -43px;\n}\n@media all and (-ms-high-contrast: none) {\n  .gallery-carousel-shortcode.gallery-carousel-shortcode-id-bbe73e67c53078772e4c402f346ac4a9.owl-carousel .owl-nav div.owl-next {\n    transform: translateY(-50%);\n    margin-top: 0px;\n  }\n}\n.gallery-carousel-shortcode.gallery-carousel-shortcode-id-bbe73e67c53078772e4c402f346ac4a9.owl-carousel .owl-nav div.owl-next i {\n  padding: 0px 0px 0px 0px;\n}\n.gallery-carousel-shortcode.gallery-carousel-shortcode-id-bbe73e67c53078772e4c402f346ac4a9.owl-carousel .owl-nav i {\n  font-size: 18px;\n}\n.gallery-carousel-shortcode.gallery-carousel-shortcode-id-bbe73e67c53078772e4c402f346ac4a9.owl-carousel .owl-nav div:not(:hover) i,\n.gallery-carousel-shortcode.gallery-carousel-shortcode-id-bbe73e67c53078772e4c402f346ac4a9.owl-carousel .owl-nav div:not(:hover) i:before {\n  color: #333333;\n  background: none;\n}\n.gallery-carousel-shortcode.gallery-carousel-shortcode-id-bbe73e67c53078772e4c402f346ac4a9.owl-carousel .owl-nav div:hover i,\n.gallery-carousel-shortcode.gallery-carousel-shortcode-id-bbe73e67c53078772e4c402f346ac4a9.owl-carousel .owl-nav div:hover i:before {\n  color: rgba(255,255,255,0.75);\n  background: none;\n}\n.gallery-carousel-shortcode.gallery-carousel-shortcode-id-bbe73e67c53078772e4c402f346ac4a9 .owl-dots {\n  top: calc(100% + 20px);\n  left: 50%;\n  transform: translateX(calc(-50% + 0px));\n}\n@media all and (-ms-high-contrast: none) {\n  .gallery-carousel-shortcode.gallery-carousel-shortcode-id-bbe73e67c53078772e4c402f346ac4a9 .owl-dots {\n    transform: translateX(-50%);\n    margin-left: 0px;\n  }\n}\n.gallery-carousel-shortcode.gallery-carousel-shortcode-id-bbe73e67c53078772e4c402f346ac4a9 .owl-dot {\n  width: 10px;\n  height: 10px;\n  margin: 0 8px;\n}\n@media screen and (max-width: 778px) {\n  .gallery-carousel-shortcode.gallery-carousel-shortcode-id-bbe73e67c53078772e4c402f346ac4a9.hide-arrows .owl-nav a {\n    display: none;\n  }\n}\n@media screen and (max-width: 778px) {\n  .gallery-carousel-shortcode.gallery-carousel-shortcode-id-bbe73e67c53078772e4c402f346ac4a9.reposition-arrows .owl-nav .owl-prev {\n    top: 50%;\n    transform: translateY(calc(-50% + 0px));\n    left: 10px;\n  }\n  .gallery-carousel-shortcode.gallery-carousel-shortcode-id-bbe73e67c53078772e4c402f346ac4a9.reposition-arrows .owl-nav .owl-next {\n    top: 50%;\n    transform: translateY(calc(-50% + 0px));\n    right: 10px;\n  }\n}\n@media screen and (max-width: 778px) and all and (-ms-high-contrast: none) {\n  .gallery-carousel-shortcode.gallery-carousel-shortcode-id-bbe73e67c53078772e4c402f346ac4a9.reposition-arrows .owl-nav .owl-prev {\n    transform: translateY(-50%);\n    margin-top: 0px;\n  }\n}\n@media screen and (max-width: 778px) and all and (-ms-high-contrast: none) {\n  .gallery-carousel-shortcode.gallery-carousel-shortcode-id-bbe73e67c53078772e4c402f346ac4a9.reposition-arrows .owl-nav .owl-next {\n    transform: translateY(-50%);\n    margin-top: 0px;\n  }\n}\n.gallery-carousel-shortcode.gallery-carousel-shortcode-id-bbe73e67c53078772e4c402f346ac4a9 figure,\n.gallery-carousel-shortcode.gallery-carousel-shortcode-id-bbe73e67c53078772e4c402f346ac4a9 .rollover,\n.gallery-carousel-shortcode.gallery-carousel-shortcode-id-bbe73e67c53078772e4c402f346ac4a9 img,\n.gallery-carousel-shortcode.gallery-carousel-shortcode-id-bbe73e67c53078772e4c402f346ac4a9 .gallery-rollover {\n  border-radius: 2px;\n}\n.gallery-carousel-shortcode.gallery-carousel-shortcode-id-bbe73e67c53078772e4c402f346ac4a9.enable-bg-rollover .gallery-rollover {\n  background: -webkit-linear-gradient();\n  background: linear-gradient();\n}\n.gallery-carousel-shortcode.gallery-carousel-shortcode-id-bbe73e67c53078772e4c402f346ac4a9.enable-img-shadow .owl-stage-outer {\n  padding: 9px 0;\n}\n.gallery-carousel-shortcode.gallery-carousel-shortcode-id-bbe73e67c53078772e4c402f346ac4a9.enable-bg-rollover.hover-scale figure .rollover:after {\n  background: -webkit-linear-gradient();\n  background: linear-gradient();\n}\n.gallery-carousel-shortcode.gallery-carousel-shortcode-id-bbe73e67c53078772e4c402f346ac4a9.gallery-shortcode .gallery-zoom-ico {\n  width: 44px;\n  height: 44px;\n  line-height: 44px;\n  border-radius: 100px;\n  margin: -22px 0 0 -22px;\n  border-width: 0px;\n}\n.dt-icon-bg-on.gallery-carousel-shortcode.gallery-carousel-shortcode-id-bbe73e67c53078772e4c402f346ac4a9.gallery-shortcode .gallery-zoom-ico {\n  background: rgba(255,255,255,0.3);\n  box-shadow: none;\n}\n.gallery-carousel-shortcode.gallery-carousel-shortcode-id-bbe73e67c53078772e4c402f346ac4a9.gallery-shortcode .gallery-zoom-ico:before,\n.gallery-carousel-shortcode.gallery-carousel-shortcode-id-bbe73e67c53078772e4c402f346ac4a9.gallery-shortcode .gallery-zoom-ico span {\n  font-size: 32px;\n  line-height: 44px;\n  color: #ffffff;\n  background: none;\n}<\/style><div class=\"owl-carousel gallery-carousel-shortcode gallery-shortcode  dt-gallery-container dt-owl-carousel-call gallery-carousel-shortcode-id-bbe73e67c53078772e4c402f346ac4a9 enable-bg-rollover meta-info-off dt-arrow-border-on dt-arrow-hover-border-on bullets-small-dot-stroke reposition-arrows dt-icon-bg-off arrows-bg-on disable-arrows-hover-bg arrows-hover-bg-on  hover-fade\" data-scroll-mode=\"1\" data-col-num=\"3\" data-wide-col-num=\"3\" data-laptop-col=\"3\" data-h-tablet-columns-num=\"3\" data-v-tablet-columns-num=\"3\" data-phone-columns-num=\"1\" data-col-gap=\"5\" data-stage-padding=\"0\" data-speed=\"600\" data-autoplay=\"false\" data-autoplay_speed=\"6000\" data-arrows=\"true\" data-bullet=\"false\" data-next-icon=\"icon-ar-017-r\" data-prev-icon=\"icon-ar-017-l\" data-img-shadow-size=\"12px\" data-img-shadow-spread=\"3px\"><div data-post-id=\"466\" data-date=\"2025-03-12T11:33:39+00:00\" data-name=\"\"><figure class=\"post\"><a href=\"https:\/\/mallorcafloralweddings.com\/wp-content\/uploads\/2025\/03\/restaurant-6.jpg\" class=\"rollover dt-pswp-item layzr-bg\" data-large_image_width=\"1170\" data-large_image_height=\"1634\" data-dt-img-description=\"\" ><img decoding=\"async\" class=\"preload-me owl-lazy-load aspect\" src=\"data:image\/svg+xml,%3Csvg%20xmlns%3D&#39;http%3A%2F%2Fwww.w3.org%2F2000%2Fsvg&#39;%20viewBox%3D&#39;0%200%201170%201170&#39;%2F%3E\" data-src=\"https:\/\/mallorcafloralweddings.com\/wp-content\/uploads\/2025\/03\/restaurant-6-1170x1170.jpg\" data-srcset=\"https:\/\/mallorcafloralweddings.com\/wp-content\/uploads\/2025\/03\/restaurant-6-1170x1170.jpg 1170w\" loading=\"eager\" style=\"--ratio: 1170 \/ 1170\" sizes=\"(max-width: 1170px) 100vw, 1170px\" alt=\"\" width=\"1170\" height=\"1170\"  \/><span class=\"gallery-rollover\"><\/span><\/a><\/figure><\/div><div data-post-id=\"465\" data-date=\"2025-03-12T11:33:27+00:00\" data-name=\"\"><figure class=\"post\"><a href=\"https:\/\/mallorcafloralweddings.com\/wp-content\/uploads\/2025\/03\/restaurant-2.jpg\" class=\"rollover dt-pswp-item layzr-bg\" data-large_image_width=\"1140\" data-large_image_height=\"1728\" data-dt-img-description=\"\" ><img decoding=\"async\" class=\"preload-me owl-lazy-load aspect\" src=\"data:image\/svg+xml,%3Csvg%20xmlns%3D&#39;http%3A%2F%2Fwww.w3.org%2F2000%2Fsvg&#39;%20viewBox%3D&#39;0%200%201140%201140&#39;%2F%3E\" data-src=\"https:\/\/mallorcafloralweddings.com\/wp-content\/uploads\/2025\/03\/restaurant-2-1140x1140.jpg\" data-srcset=\"https:\/\/mallorcafloralweddings.com\/wp-content\/uploads\/2025\/03\/restaurant-2-1140x1140.jpg 1140w\" loading=\"eager\" style=\"--ratio: 1140 \/ 1140\" sizes=\"(max-width: 1140px) 100vw, 1140px\" alt=\"\" width=\"1140\" height=\"1140\"  \/><span class=\"gallery-rollover\"><\/span><\/a><\/figure><\/div><div data-post-id=\"464\" data-date=\"2025-03-12T11:33:26+00:00\" data-name=\"\"><figure class=\"post\"><a href=\"https:\/\/mallorcafloralweddings.com\/wp-content\/uploads\/2025\/03\/restaurant-3.jpg\" class=\"rollover dt-pswp-item layzr-bg\" data-large_image_width=\"1170\" data-large_image_height=\"1596\" data-dt-img-description=\"\" ><img decoding=\"async\" class=\"preload-me owl-lazy-load aspect\" src=\"data:image\/svg+xml,%3Csvg%20xmlns%3D&#39;http%3A%2F%2Fwww.w3.org%2F2000%2Fsvg&#39;%20viewBox%3D&#39;0%200%201170%201170&#39;%2F%3E\" data-src=\"https:\/\/mallorcafloralweddings.com\/wp-content\/uploads\/2025\/03\/restaurant-3-1170x1170.jpg\" data-srcset=\"https:\/\/mallorcafloralweddings.com\/wp-content\/uploads\/2025\/03\/restaurant-3-1170x1170.jpg 1170w\" loading=\"eager\" style=\"--ratio: 1170 \/ 1170\" sizes=\"(max-width: 1170px) 100vw, 1170px\" alt=\"\" width=\"1170\" height=\"1170\"  \/><span class=\"gallery-rollover\"><\/span><\/a><\/figure><\/div><div data-post-id=\"463\" data-date=\"2025-03-12T11:33:25+00:00\" data-name=\"\"><figure class=\"post\"><a href=\"https:\/\/mallorcafloralweddings.com\/wp-content\/uploads\/2025\/03\/restaurant-4.jpg\" class=\"rollover dt-pswp-item layzr-bg\" data-large_image_width=\"963\" data-large_image_height=\"972\" data-dt-img-description=\"\" ><img decoding=\"async\" class=\"preload-me owl-lazy-load aspect\" src=\"data:image\/svg+xml,%3Csvg%20xmlns%3D&#39;http%3A%2F%2Fwww.w3.org%2F2000%2Fsvg&#39;%20viewBox%3D&#39;0%200%20963%20963&#39;%2F%3E\" data-src=\"https:\/\/mallorcafloralweddings.com\/wp-content\/uploads\/2025\/03\/restaurant-4-963x963.jpg\" data-srcset=\"https:\/\/mallorcafloralweddings.com\/wp-content\/uploads\/2025\/03\/restaurant-4-963x963.jpg 963w\" loading=\"eager\" style=\"--ratio: 963 \/ 963\" sizes=\"(max-width: 963px) 100vw, 963px\" alt=\"\" width=\"963\" height=\"963\"  \/><span class=\"gallery-rollover\"><\/span><\/a><\/figure><\/div><div data-post-id=\"462\" data-date=\"2025-03-12T11:33:24+00:00\" data-name=\"\"><figure class=\"post\"><a href=\"https:\/\/mallorcafloralweddings.com\/wp-content\/uploads\/2025\/03\/restaurant-5-1.jpg\" class=\"rollover dt-pswp-item layzr-bg\" data-large_image_width=\"1170\" data-large_image_height=\"1561\" data-dt-img-description=\"\" ><img decoding=\"async\" class=\"preload-me owl-lazy-load aspect\" src=\"data:image\/svg+xml,%3Csvg%20xmlns%3D&#39;http%3A%2F%2Fwww.w3.org%2F2000%2Fsvg&#39;%20viewBox%3D&#39;0%200%201170%201170&#39;%2F%3E\" data-src=\"https:\/\/mallorcafloralweddings.com\/wp-content\/uploads\/2025\/03\/restaurant-5-1-1170x1170.jpg\" data-srcset=\"https:\/\/mallorcafloralweddings.com\/wp-content\/uploads\/2025\/03\/restaurant-5-1-1170x1170.jpg 1170w\" loading=\"eager\" style=\"--ratio: 1170 \/ 1170\" sizes=\"(max-width: 1170px) 100vw, 1170px\" alt=\"\" width=\"1170\" height=\"1170\"  \/><span class=\"gallery-rollover\"><\/span><\/a><\/figure><\/div><div data-post-id=\"622\" data-date=\"2025-04-01T08:58:15+00:00\" data-name=\"\"><figure class=\"post\"><a href=\"https:\/\/mallorcafloralweddings.com\/wp-content\/uploads\/2025\/04\/IMG_8435-1.jpg\" class=\"rollover dt-pswp-item layzr-bg\" data-large_image_width=\"1170\" data-large_image_height=\"1572\" data-dt-img-description=\"\" ><img decoding=\"async\" class=\"preload-me owl-lazy-load aspect\" src=\"data:image\/svg+xml,%3Csvg%20xmlns%3D&#39;http%3A%2F%2Fwww.w3.org%2F2000%2Fsvg&#39;%20viewBox%3D&#39;0%200%201170%201170&#39;%2F%3E\" data-src=\"https:\/\/mallorcafloralweddings.com\/wp-content\/uploads\/2025\/04\/IMG_8435-1-1170x1170.jpg\" data-srcset=\"https:\/\/mallorcafloralweddings.com\/wp-content\/uploads\/2025\/04\/IMG_8435-1-1170x1170.jpg 1170w\" loading=\"eager\" style=\"--ratio: 1170 \/ 1170\" sizes=\"(max-width: 1170px) 100vw, 1170px\" alt=\"\" width=\"1170\" height=\"1170\"  \/><span class=\"gallery-rollover\"><\/span><\/a><\/figure><\/div><div data-post-id=\"623\" data-date=\"2025-04-01T08:58:16+00:00\" data-name=\"\"><figure class=\"post\"><a href=\"https:\/\/mallorcafloralweddings.com\/wp-content\/uploads\/2025\/04\/IMG_8434-1.jpg\" class=\"rollover dt-pswp-item layzr-bg\" data-large_image_width=\"1170\" data-large_image_height=\"1406\" data-dt-img-description=\"\" ><img decoding=\"async\" class=\"preload-me owl-lazy-load aspect\" src=\"data:image\/svg+xml,%3Csvg%20xmlns%3D&#39;http%3A%2F%2Fwww.w3.org%2F2000%2Fsvg&#39;%20viewBox%3D&#39;0%200%201170%201170&#39;%2F%3E\" data-src=\"https:\/\/mallorcafloralweddings.com\/wp-content\/uploads\/2025\/04\/IMG_8434-1-1170x1170.jpg\" data-srcset=\"https:\/\/mallorcafloralweddings.com\/wp-content\/uploads\/2025\/04\/IMG_8434-1-1170x1170.jpg 1170w\" loading=\"eager\" style=\"--ratio: 1170 \/ 1170\" sizes=\"(max-width: 1170px) 100vw, 1170px\" alt=\"\" width=\"1170\" height=\"1170\"  \/><span class=\"gallery-rollover\"><\/span><\/a><\/figure><\/div><\/div><\/div><\/div><\/div><\/div>\n<\/div>","protected":false},"excerpt":{"rendered":"<p>RESTAURANTS, CAFES, AND OTHER DINING ESTABLISHMENTS OFTEN RELY ON FLORAL D\u00c9COR TO ENHANCE THE DINING EXPERIENCE, OFFERING AN INVITING AND PLEASANT ENVIRONMENT THAT COMPLEMENTS THE MENU AND STYLE OF SERVICE Larger Installations: In spaces with more room, such as hotel lobbies or larger restaurant settings, floral installations like cascading flower walls or large floral chandeliers&hellip;<\/p>","protected":false},"author":2,"featured_media":0,"parent":0,"menu_order":0,"comment_status":"closed","ping_status":"closed","template":"","meta":{"_monsterinsights_skip_tracking":false,"_monsterinsights_sitenote_active":false,"_monsterinsights_sitenote_note":"","_monsterinsights_sitenote_category":0,"footnotes":""},"class_list":["post-428","page","type-page","status-publish","hentry","description-off"],"yoast_head":"<!-- This site is optimized with the Yoast SEO plugin v27.4 - https:\/\/yoast.com\/product\/yoast-seo-wordpress\/ -->\n<title>floral decoration in restaurants - Mallorca Floral Weddings<\/title>\n<meta name=\"robots\" content=\"index, follow, max-snippet:-1, max-image-preview:large, max-video-preview:-1\" \/>\n<link rel=\"canonical\" href=\"https:\/\/mallorcafloralweddings.com\/de\/decorations-restaurants\/\" \/>\n<meta property=\"og:locale\" content=\"de_DE\" \/>\n<meta property=\"og:type\" content=\"article\" \/>\n<meta property=\"og:title\" content=\"floral decoration in restaurants - Mallorca Floral Weddings\" \/>\n<meta property=\"og:url\" content=\"https:\/\/mallorcafloralweddings.com\/de\/decorations-restaurants\/\" \/>\n<meta property=\"og:site_name\" content=\"Mallorca Floral Weddings\" \/>\n<meta property=\"article:modified_time\" content=\"2025-04-01T08:58:25+00:00\" \/>\n<meta name=\"twitter:card\" content=\"summary_large_image\" \/>\n<meta name=\"twitter:label1\" content=\"Gesch\u00e4tzte Lesezeit\" \/>\n\t<meta name=\"twitter:data1\" content=\"1\u00a0Minute\" \/>\n<script type=\"application\/ld+json\" class=\"yoast-schema-graph\">{\"@context\":\"https:\\\/\\\/schema.org\",\"@graph\":[{\"@type\":\"WebPage\",\"@id\":\"https:\\\/\\\/mallorcafloralweddings.com\\\/decorations-restaurants\\\/\",\"url\":\"https:\\\/\\\/mallorcafloralweddings.com\\\/decorations-restaurants\\\/\",\"name\":\"floral decoration in restaurants - Mallorca Floral Weddings\",\"isPartOf\":{\"@id\":\"https:\\\/\\\/mallorcafloralweddings.com\\\/#website\"},\"datePublished\":\"2025-01-31T15:33:10+00:00\",\"dateModified\":\"2025-04-01T08:58:25+00:00\",\"breadcrumb\":{\"@id\":\"https:\\\/\\\/mallorcafloralweddings.com\\\/decorations-restaurants\\\/#breadcrumb\"},\"inLanguage\":\"de\",\"potentialAction\":[{\"@type\":\"ReadAction\",\"target\":[\"https:\\\/\\\/mallorcafloralweddings.com\\\/decorations-restaurants\\\/\"]}]},{\"@type\":\"BreadcrumbList\",\"@id\":\"https:\\\/\\\/mallorcafloralweddings.com\\\/decorations-restaurants\\\/#breadcrumb\",\"itemListElement\":[{\"@type\":\"ListItem\",\"position\":1,\"name\":\"Portada\",\"item\":\"https:\\\/\\\/mallorcafloralweddings.com\\\/\"},{\"@type\":\"ListItem\",\"position\":2,\"name\":\"floral decoration in restaurants\"}]},{\"@type\":\"WebSite\",\"@id\":\"https:\\\/\\\/mallorcafloralweddings.com\\\/#website\",\"url\":\"https:\\\/\\\/mallorcafloralweddings.com\\\/\",\"name\":\"Mallorca Floral Weddings\",\"description\":\"Renting Wedding Flowers on Mallorca\",\"publisher\":{\"@id\":\"https:\\\/\\\/mallorcafloralweddings.com\\\/#organization\"},\"potentialAction\":[{\"@type\":\"SearchAction\",\"target\":{\"@type\":\"EntryPoint\",\"urlTemplate\":\"https:\\\/\\\/mallorcafloralweddings.com\\\/?s={search_term_string}\"},\"query-input\":{\"@type\":\"PropertyValueSpecification\",\"valueRequired\":true,\"valueName\":\"search_term_string\"}}],\"inLanguage\":\"de\"},{\"@type\":\"Organization\",\"@id\":\"https:\\\/\\\/mallorcafloralweddings.com\\\/#organization\",\"name\":\"Mallorca Floral Weddings\",\"url\":\"https:\\\/\\\/mallorcafloralweddings.com\\\/\",\"logo\":{\"@type\":\"ImageObject\",\"inLanguage\":\"de\",\"@id\":\"https:\\\/\\\/mallorcafloralweddings.com\\\/#\\\/schema\\\/logo\\\/image\\\/\",\"url\":\"https:\\\/\\\/mallorcafloralweddings.com\\\/wp-content\\\/uploads\\\/2025\\\/03\\\/logo-ft.png\",\"contentUrl\":\"https:\\\/\\\/mallorcafloralweddings.com\\\/wp-content\\\/uploads\\\/2025\\\/03\\\/logo-ft.png\",\"width\":143,\"height\":50,\"caption\":\"Mallorca Floral Weddings\"},\"image\":{\"@id\":\"https:\\\/\\\/mallorcafloralweddings.com\\\/#\\\/schema\\\/logo\\\/image\\\/\"},\"sameAs\":[\"https:\\\/\\\/www.instagram.com\\\/mallorca_floral_weddings\\\/?hl=es\"]}]}<\/script>\n<!-- \/ Yoast SEO plugin. -->","yoast_head_json":{"title":"Blumendekoration in Restaurants - Mallorca Floral Weddings","robots":{"index":"index","follow":"follow","max-snippet":"max-snippet:-1","max-image-preview":"max-image-preview:large","max-video-preview":"max-video-preview:-1"},"canonical":"https:\/\/mallorcafloralweddings.com\/de\/decorations-restaurants\/","og_locale":"de_DE","og_type":"article","og_title":"floral decoration in restaurants - Mallorca Floral Weddings","og_url":"https:\/\/mallorcafloralweddings.com\/de\/decorations-restaurants\/","og_site_name":"Mallorca Floral Weddings","article_modified_time":"2025-04-01T08:58:25+00:00","twitter_card":"summary_large_image","twitter_misc":{"Gesch\u00e4tzte Lesezeit":"1\u00a0Minute"},"schema":{"@context":"https:\/\/schema.org","@graph":[{"@type":"WebPage","@id":"https:\/\/mallorcafloralweddings.com\/decorations-restaurants\/","url":"https:\/\/mallorcafloralweddings.com\/decorations-restaurants\/","name":"Blumendekoration in Restaurants - Mallorca Floral Weddings","isPartOf":{"@id":"https:\/\/mallorcafloralweddings.com\/#website"},"datePublished":"2025-01-31T15:33:10+00:00","dateModified":"2025-04-01T08:58:25+00:00","breadcrumb":{"@id":"https:\/\/mallorcafloralweddings.com\/decorations-restaurants\/#breadcrumb"},"inLanguage":"de","potentialAction":[{"@type":"ReadAction","target":["https:\/\/mallorcafloralweddings.com\/decorations-restaurants\/"]}]},{"@type":"BreadcrumbList","@id":"https:\/\/mallorcafloralweddings.com\/decorations-restaurants\/#breadcrumb","itemListElement":[{"@type":"ListItem","position":1,"name":"Portada","item":"https:\/\/mallorcafloralweddings.com\/"},{"@type":"ListItem","position":2,"name":"floral decoration in restaurants"}]},{"@type":"WebSite","@id":"https:\/\/mallorcafloralweddings.com\/#website","url":"https:\/\/mallorcafloralweddings.com\/","name":"Blumenhochzeiten auf Mallorca","description":"Hochzeitsblumen mieten auf Mallorca","publisher":{"@id":"https:\/\/mallorcafloralweddings.com\/#organization"},"potentialAction":[{"@type":"SearchAction","target":{"@type":"EntryPoint","urlTemplate":"https:\/\/mallorcafloralweddings.com\/?s={search_term_string}"},"query-input":{"@type":"PropertyValueSpecification","valueRequired":true,"valueName":"search_term_string"}}],"inLanguage":"de"},{"@type":"Organization","@id":"https:\/\/mallorcafloralweddings.com\/#organization","name":"Blumenhochzeiten auf Mallorca","url":"https:\/\/mallorcafloralweddings.com\/","logo":{"@type":"ImageObject","inLanguage":"de","@id":"https:\/\/mallorcafloralweddings.com\/#\/schema\/logo\/image\/","url":"https:\/\/mallorcafloralweddings.com\/wp-content\/uploads\/2025\/03\/logo-ft.png","contentUrl":"https:\/\/mallorcafloralweddings.com\/wp-content\/uploads\/2025\/03\/logo-ft.png","width":143,"height":50,"caption":"Mallorca Floral Weddings"},"image":{"@id":"https:\/\/mallorcafloralweddings.com\/#\/schema\/logo\/image\/"},"sameAs":["https:\/\/www.instagram.com\/mallorca_floral_weddings\/?hl=es"]}]}},"_links":{"self":[{"href":"https:\/\/mallorcafloralweddings.com\/de\/wp-json\/wp\/v2\/pages\/428","targetHints":{"allow":["GET"]}}],"collection":[{"href":"https:\/\/mallorcafloralweddings.com\/de\/wp-json\/wp\/v2\/pages"}],"about":[{"href":"https:\/\/mallorcafloralweddings.com\/de\/wp-json\/wp\/v2\/types\/page"}],"author":[{"embeddable":true,"href":"https:\/\/mallorcafloralweddings.com\/de\/wp-json\/wp\/v2\/users\/2"}],"replies":[{"embeddable":true,"href":"https:\/\/mallorcafloralweddings.com\/de\/wp-json\/wp\/v2\/comments?post=428"}],"version-history":[{"count":26,"href":"https:\/\/mallorcafloralweddings.com\/de\/wp-json\/wp\/v2\/pages\/428\/revisions"}],"predecessor-version":[{"id":624,"href":"https:\/\/mallorcafloralweddings.com\/de\/wp-json\/wp\/v2\/pages\/428\/revisions\/624"}],"wp:attachment":[{"href":"https:\/\/mallorcafloralweddings.com\/de\/wp-json\/wp\/v2\/media?parent=428"}],"curies":[{"name":"wp","href":"https:\/\/api.w.org\/{rel}","templated":true}]}}