{"id":18,"date":"2025-01-31T15:33:10","date_gmt":"2025-01-31T15:33:10","guid":{"rendered":"https:\/\/mallorcafloralweddings.com\/?page_id=18"},"modified":"2025-04-17T07:52:35","modified_gmt":"2025-04-17T07:52:35","slug":"renting","status":"publish","type":"page","link":"https:\/\/mallorcafloralweddings.com\/de\/vermietung\/","title":{"rendered":"Blumen mieten"},"content":{"rendered":"<div class=\"wpb-content-wrapper\"><div class=\"vc_row wpb_row vc_row-fluid vc_row-o-content-middle vc_row-flex\"><div class=\"wpb_column vc_column_container vc_col-sm-6\"><div class=\"vc_column-inner\"><div class=\"wpb_wrapper\">\n\t<div  class=\"wpb_single_image wpb_content_element vc_align_left\">\n\t\t\n\t\t<figure class=\"wpb_wrapper vc_figure\">\n\t\t\t<div class=\"vc_single_image-wrapper   vc_box_border_grey\"><img fetchpriority=\"high\" decoding=\"async\" width=\"1152\" height=\"1030\" src=\"https:\/\/mallorcafloralweddings.com\/wp-content\/uploads\/2025\/03\/PRIMERA-FOTO-2.jpg\" class=\"vc_single_image-img attachment-full\" alt=\"\" title=\"\" srcset=\"https:\/\/mallorcafloralweddings.com\/wp-content\/uploads\/2025\/03\/PRIMERA-FOTO-2.jpg 1152w, https:\/\/mallorcafloralweddings.com\/wp-content\/uploads\/2025\/03\/PRIMERA-FOTO-2-300x268.jpg 300w, https:\/\/mallorcafloralweddings.com\/wp-content\/uploads\/2025\/03\/PRIMERA-FOTO-2-1024x916.jpg 1024w, https:\/\/mallorcafloralweddings.com\/wp-content\/uploads\/2025\/03\/PRIMERA-FOTO-2-768x687.jpg 768w\" sizes=\"(max-width: 1152px) 100vw, 1152px\"  data-dt-location=\"https:\/\/mallorcafloralweddings.com\/de\/blumenbogen\/primera-foto-3\/\" \/><\/div>\n\t\t<\/figure>\n\t<\/div>\n<\/div><\/div><\/div><div class=\"wpb_column vc_column_container vc_col-sm-6\"><div class=\"vc_column-inner\"><div class=\"wpb_wrapper\">\n\t<div class=\"wpb_text_column wpb_content_element\" >\n\t\t<div class=\"wpb_wrapper\">\n\t\t\t<h3 style=\"text-align: center;\">WIE WIR ARBEITEN<\/h3>\n\n\t\t<\/div>\n\t<\/div>\n<div class=\"vc_separator wpb_content_element vc_separator_align_center vc_sep_width_100 vc_sep_pos_align_center vc_separator_no_text vc_sep_color_chino wpb_content_element  wpb_content_element\" ><span class=\"vc_sep_holder vc_sep_holder_l\"><span class=\"vc_sep_line\"><\/span><\/span><span class=\"vc_sep_holder vc_sep_holder_r\"><span class=\"vc_sep_line\"><\/span><\/span>\n<\/div><div class=\"standard-number-list list-divider bullet-top\"><ul>\n<li><strong>Beratung:<\/strong> Nachdem Sie uns kontaktiert haben, vereinbaren wir einen Zoom-Anruf und\/oder einen Besuch in unserem Ausstellungsraum, um Ihre Blumenvorlieben und Ihre Hochzeitsvision im Detail zu besprechen.<\/li>\n<li><strong>Auswahl und Bestellung:<\/strong> Nach unserer Beratung w\u00e4hlen Sie die gew\u00fcnschten Blumen aus, geben Ihre Bestellung auf und leisten eine Anzahlung in H\u00f6he von 50% der Gesamtkosten, um Ihre Arrangements zu sichern.<\/li>\n<li><strong>Laufende Koordination:<\/strong> W\u00e4hrend des gesamten Planungsprozesses f\u00fchren wir mehrere Zoom-Meetings oder pers\u00f6nliche Beratungen durch, um sicherzustellen, dass jedes Detail Ihren Erwartungen entspricht.<\/li>\n<li><strong>Restzahlung:<\/strong> Eine Woche vor Ihrer Hochzeit bitten wir Sie, den Restbetrag zu begleichen.<\/li>\n<li><strong>Abschlusstreffen:<\/strong> Zwei bis drei Tage vor der Hochzeit f\u00fchren wir ein letztes Treffen mit dem Paar durch, um eventuelle Fragen oder Bedenken in letzter Minute zu kl\u00e4ren.<br \/>\nDieser strukturierte Prozess soll Ihnen bei der Vorbereitung auf Ihren besonderen Tag ein nahtloses und personalisiertes Erlebnis bieten.<\/li>\n<\/ul>\n<\/div><\/div><\/div><\/div><\/div><div class=\"vc_row wpb_row vc_row-fluid\"><div class=\"wpb_column vc_column_container vc_col-sm-12\"><div class=\"vc_column-inner\"><div class=\"wpb_wrapper\"><div class=\"vc_empty_space\"   style=\"height: 32px\"><span class=\"vc_empty_space_inner\"><\/span><\/div><div class=\"vc_separator wpb_content_element vc_separator_align_center vc_sep_width_100 vc_sep_pos_align_center vc_separator_no_text vc_sep_color_chino wpb_content_element  wpb_content_element\" ><span class=\"vc_sep_holder vc_sep_holder_l\"><span class=\"vc_sep_line\"><\/span><\/span><span class=\"vc_sep_holder vc_sep_holder_r\"><span class=\"vc_sep_line\"><\/span><\/span>\n<\/div><div class=\"vc_empty_space\"   style=\"height: 32px\"><span class=\"vc_empty_space_inner\"><\/span><\/div><\/div><\/div><\/div><\/div><div class=\"vc_row wpb_row vc_row-fluid vc_row-o-content-middle vc_row-flex\"><div class=\"wpb_column vc_column_container vc_col-sm-6\"><div class=\"vc_column-inner\"><div class=\"wpb_wrapper\">\n\t<div class=\"wpb_text_column wpb_content_element\" >\n\t\t<div class=\"wpb_wrapper\">\n\t\t\t<h3 style=\"text-align: center;\">WIE MAN MIETE<\/h3>\n\n\t\t<\/div>\n\t<\/div>\n<div class=\"vc_separator wpb_content_element vc_separator_align_center vc_sep_width_100 vc_sep_pos_align_center vc_separator_no_text vc_sep_color_chino wpb_content_element  wpb_content_element\" ><span class=\"vc_sep_holder vc_sep_holder_l\"><span class=\"vc_sep_line\"><\/span><\/span><span class=\"vc_sep_holder vc_sep_holder_r\"><span class=\"vc_sep_line\"><\/span><\/span>\n<\/div><div class=\"standard-arrow list-divider bullet-top\"><ul>\n<li><strong>Mietvorgang:<\/strong><br \/>\n\u25e6 Einfacher Mietvorgang mit Lieferung, Aufbau und Abholung inklusive.<\/li>\n<li><strong>Liefergebiet:<\/strong><br \/>\n\u25e6 Die Preise variieren je nach Standort auf der Insel.<\/li>\n<li><strong>Setup-Details:<\/strong><br \/>\n\u25e6 Der Preis beinhaltet nur eine Einrichtung an einem Standort.<br \/>\n\u25e6 F\u00fcr den Transport von Gegenst\u00e4nden von einem Ort (z. B. Zeremonie) zu einem anderen (z. B. Empfang) fallen zus\u00e4tzliche Geb\u00fchren an.<\/li>\n<li><strong>Artikelgr\u00f6\u00dfe und Handhabung:<\/strong><br \/>\n\u25e6 Gr\u00f6\u00dfere Gegenst\u00e4nde (B\u00f6gen, Kulissen) m\u00fcssen m\u00f6glicherweise demontiert werden, da sie nicht durch bestimmte Bereiche passen.<br \/>\n\u25e6 Bei der Einrichtung gro\u00dfer Artikel muss unser Team vor Ort bleiben.<\/li>\n<li><strong>Koordination des Veranstaltungsortes:<\/strong><br \/>\n\u25e6 Wir arbeiten am liebsten direkt mit Ihrem Veranstaltungsort zusammen, um Lieferung, Aufbau, Lagerung und Abholung zu verwalten.<\/li>\n<li><strong>Blumen Abbau:<\/strong><br \/>\n\u25e6 Der Abbau des Bogens und des Zeremonienbereichs erfolgt normalerweise, nachdem alle G\u00e4ste und das Paar den Bereich verlassen haben.<br \/>\n\u25e6 Der Abbau des Cocktailbereichs erfolgt in der Regel, nachdem alle G\u00e4ste in den Dinnerbereich umgezogen sind.<br \/>\n\u25e6 Der Abbau des Dinnerbereichs erfolgt in der Regel, nachdem alle G\u00e4ste in den Disco- und Loungebereich umgezogen sind.<br \/>\n\u25e6 Der Abbau des Disco- und Loungebereichs erfolgt in der Regel, nachdem alle G\u00e4ste die Location verlassen haben.<\/li>\n<\/ul>\n<\/div><\/div><\/div><\/div><div class=\"wpb_column vc_column_container vc_col-sm-6\"><div class=\"vc_column-inner\"><div class=\"wpb_wrapper\">\n\t<div  class=\"wpb_single_image wpb_content_element vc_align_left\">\n\t\t\n\t\t<figure class=\"wpb_wrapper vc_figure\">\n\t\t\t<div class=\"vc_single_image-wrapper   vc_box_border_grey\"><img decoding=\"async\" width=\"734\" height=\"656\" src=\"https:\/\/mallorcafloralweddings.com\/wp-content\/uploads\/2025\/04\/ff.jpg\" class=\"vc_single_image-img attachment-full\" alt=\"\" title=\"\" srcset=\"https:\/\/mallorcafloralweddings.com\/wp-content\/uploads\/2025\/04\/ff.jpg 734w, https:\/\/mallorcafloralweddings.com\/wp-content\/uploads\/2025\/04\/ff-300x268.jpg 300w\" sizes=\"(max-width: 734px) 100vw, 734px\"  data-dt-location=\"https:\/\/mallorcafloralweddings.com\/de\/vermietung\/ff-2\/\" \/><\/div>\n\t\t<\/figure>\n\t<\/div>\n<\/div><\/div><\/div><\/div>\n<\/div>","protected":false},"excerpt":{"rendered":"<p>HOW WE WORK Consultation: After contacting us we will arrange a zoom call and\/or schedule a visit to our showroom to discuss your floral preferences and wedding vision in detail. Selection and Order: After our consultation, you will select your desired flowers, place your order, and submit a down payment of 50% of the total&hellip;<\/p>","protected":false},"author":2,"featured_media":0,"parent":0,"menu_order":0,"comment_status":"closed","ping_status":"closed","template":"","meta":{"_monsterinsights_skip_tracking":false,"_monsterinsights_sitenote_active":false,"_monsterinsights_sitenote_note":"","_monsterinsights_sitenote_category":0,"footnotes":""},"class_list":["post-18","page","type-page","status-publish","hentry","description-off"],"yoast_head":"<!-- This site is optimized with the Yoast SEO plugin v27.4 - https:\/\/yoast.com\/product\/yoast-seo-wordpress\/ -->\n<title>Renting flowers - Mallorca Floral Weddings<\/title>\n<meta name=\"robots\" content=\"index, follow, max-snippet:-1, max-image-preview:large, max-video-preview:-1\" \/>\n<link rel=\"canonical\" href=\"https:\/\/mallorcafloralweddings.com\/de\/renting\/\" \/>\n<meta property=\"og:locale\" content=\"de_DE\" \/>\n<meta property=\"og:type\" content=\"article\" \/>\n<meta property=\"og:title\" content=\"Renting flowers - Mallorca Floral Weddings\" \/>\n<meta property=\"og:url\" content=\"https:\/\/mallorcafloralweddings.com\/de\/renting\/\" \/>\n<meta property=\"og:site_name\" content=\"Mallorca Floral Weddings\" \/>\n<meta property=\"article:modified_time\" content=\"2025-04-17T07:52:35+00:00\" \/>\n<meta name=\"twitter:card\" content=\"summary_large_image\" \/>\n<meta name=\"twitter:label1\" content=\"Gesch\u00e4tzte Lesezeit\" \/>\n\t<meta name=\"twitter:data1\" content=\"3\u00a0Minuten\" \/>\n<script type=\"application\/ld+json\" class=\"yoast-schema-graph\">{\"@context\":\"https:\\\/\\\/schema.org\",\"@graph\":[{\"@type\":\"WebPage\",\"@id\":\"https:\\\/\\\/mallorcafloralweddings.com\\\/renting\\\/\",\"url\":\"https:\\\/\\\/mallorcafloralweddings.com\\\/renting\\\/\",\"name\":\"Renting flowers - Mallorca Floral Weddings\",\"isPartOf\":{\"@id\":\"https:\\\/\\\/mallorcafloralweddings.com\\\/#website\"},\"datePublished\":\"2025-01-31T15:33:10+00:00\",\"dateModified\":\"2025-04-17T07:52:35+00:00\",\"breadcrumb\":{\"@id\":\"https:\\\/\\\/mallorcafloralweddings.com\\\/renting\\\/#breadcrumb\"},\"inLanguage\":\"de\",\"potentialAction\":[{\"@type\":\"ReadAction\",\"target\":[\"https:\\\/\\\/mallorcafloralweddings.com\\\/renting\\\/\"]}]},{\"@type\":\"BreadcrumbList\",\"@id\":\"https:\\\/\\\/mallorcafloralweddings.com\\\/renting\\\/#breadcrumb\",\"itemListElement\":[{\"@type\":\"ListItem\",\"position\":1,\"name\":\"Portada\",\"item\":\"https:\\\/\\\/mallorcafloralweddings.com\\\/\"},{\"@type\":\"ListItem\",\"position\":2,\"name\":\"Renting flowers\"}]},{\"@type\":\"WebSite\",\"@id\":\"https:\\\/\\\/mallorcafloralweddings.com\\\/#website\",\"url\":\"https:\\\/\\\/mallorcafloralweddings.com\\\/\",\"name\":\"Mallorca Floral Weddings\",\"description\":\"Renting Wedding Flowers on Mallorca\",\"publisher\":{\"@id\":\"https:\\\/\\\/mallorcafloralweddings.com\\\/#organization\"},\"potentialAction\":[{\"@type\":\"SearchAction\",\"target\":{\"@type\":\"EntryPoint\",\"urlTemplate\":\"https:\\\/\\\/mallorcafloralweddings.com\\\/?s={search_term_string}\"},\"query-input\":{\"@type\":\"PropertyValueSpecification\",\"valueRequired\":true,\"valueName\":\"search_term_string\"}}],\"inLanguage\":\"de\"},{\"@type\":\"Organization\",\"@id\":\"https:\\\/\\\/mallorcafloralweddings.com\\\/#organization\",\"name\":\"Mallorca Floral Weddings\",\"url\":\"https:\\\/\\\/mallorcafloralweddings.com\\\/\",\"logo\":{\"@type\":\"ImageObject\",\"inLanguage\":\"de\",\"@id\":\"https:\\\/\\\/mallorcafloralweddings.com\\\/#\\\/schema\\\/logo\\\/image\\\/\",\"url\":\"https:\\\/\\\/mallorcafloralweddings.com\\\/wp-content\\\/uploads\\\/2025\\\/03\\\/logo-ft.png\",\"contentUrl\":\"https:\\\/\\\/mallorcafloralweddings.com\\\/wp-content\\\/uploads\\\/2025\\\/03\\\/logo-ft.png\",\"width\":143,\"height\":50,\"caption\":\"Mallorca Floral Weddings\"},\"image\":{\"@id\":\"https:\\\/\\\/mallorcafloralweddings.com\\\/#\\\/schema\\\/logo\\\/image\\\/\"},\"sameAs\":[\"https:\\\/\\\/www.instagram.com\\\/mallorca_floral_weddings\\\/?hl=es\"]}]}<\/script>\n<!-- \/ Yoast SEO plugin. -->","yoast_head_json":{"title":"Blumen mieten - Mallorca Floral Weddings","robots":{"index":"index","follow":"follow","max-snippet":"max-snippet:-1","max-image-preview":"max-image-preview:large","max-video-preview":"max-video-preview:-1"},"canonical":"https:\/\/mallorcafloralweddings.com\/de\/renting\/","og_locale":"de_DE","og_type":"article","og_title":"Renting flowers - Mallorca Floral Weddings","og_url":"https:\/\/mallorcafloralweddings.com\/de\/renting\/","og_site_name":"Mallorca Floral Weddings","article_modified_time":"2025-04-17T07:52:35+00:00","twitter_card":"summary_large_image","twitter_misc":{"Gesch\u00e4tzte Lesezeit":"3\u00a0Minuten"},"schema":{"@context":"https:\/\/schema.org","@graph":[{"@type":"WebPage","@id":"https:\/\/mallorcafloralweddings.com\/renting\/","url":"https:\/\/mallorcafloralweddings.com\/renting\/","name":"Blumen mieten - Mallorca Floral Weddings","isPartOf":{"@id":"https:\/\/mallorcafloralweddings.com\/#website"},"datePublished":"2025-01-31T15:33:10+00:00","dateModified":"2025-04-17T07:52:35+00:00","breadcrumb":{"@id":"https:\/\/mallorcafloralweddings.com\/renting\/#breadcrumb"},"inLanguage":"de","potentialAction":[{"@type":"ReadAction","target":["https:\/\/mallorcafloralweddings.com\/renting\/"]}]},{"@type":"BreadcrumbList","@id":"https:\/\/mallorcafloralweddings.com\/renting\/#breadcrumb","itemListElement":[{"@type":"ListItem","position":1,"name":"Portada","item":"https:\/\/mallorcafloralweddings.com\/"},{"@type":"ListItem","position":2,"name":"Renting flowers"}]},{"@type":"WebSite","@id":"https:\/\/mallorcafloralweddings.com\/#website","url":"https:\/\/mallorcafloralweddings.com\/","name":"Blumenhochzeiten auf Mallorca","description":"Hochzeitsblumen mieten auf Mallorca","publisher":{"@id":"https:\/\/mallorcafloralweddings.com\/#organization"},"potentialAction":[{"@type":"SearchAction","target":{"@type":"EntryPoint","urlTemplate":"https:\/\/mallorcafloralweddings.com\/?s={search_term_string}"},"query-input":{"@type":"PropertyValueSpecification","valueRequired":true,"valueName":"search_term_string"}}],"inLanguage":"de"},{"@type":"Organization","@id":"https:\/\/mallorcafloralweddings.com\/#organization","name":"Blumenhochzeiten auf Mallorca","url":"https:\/\/mallorcafloralweddings.com\/","logo":{"@type":"ImageObject","inLanguage":"de","@id":"https:\/\/mallorcafloralweddings.com\/#\/schema\/logo\/image\/","url":"https:\/\/mallorcafloralweddings.com\/wp-content\/uploads\/2025\/03\/logo-ft.png","contentUrl":"https:\/\/mallorcafloralweddings.com\/wp-content\/uploads\/2025\/03\/logo-ft.png","width":143,"height":50,"caption":"Mallorca Floral Weddings"},"image":{"@id":"https:\/\/mallorcafloralweddings.com\/#\/schema\/logo\/image\/"},"sameAs":["https:\/\/www.instagram.com\/mallorca_floral_weddings\/?hl=es"]}]}},"_links":{"self":[{"href":"https:\/\/mallorcafloralweddings.com\/de\/wp-json\/wp\/v2\/pages\/18","targetHints":{"allow":["GET"]}}],"collection":[{"href":"https:\/\/mallorcafloralweddings.com\/de\/wp-json\/wp\/v2\/pages"}],"about":[{"href":"https:\/\/mallorcafloralweddings.com\/de\/wp-json\/wp\/v2\/types\/page"}],"author":[{"embeddable":true,"href":"https:\/\/mallorcafloralweddings.com\/de\/wp-json\/wp\/v2\/users\/2"}],"replies":[{"embeddable":true,"href":"https:\/\/mallorcafloralweddings.com\/de\/wp-json\/wp\/v2\/comments?post=18"}],"version-history":[{"count":29,"href":"https:\/\/mallorcafloralweddings.com\/de\/wp-json\/wp\/v2\/pages\/18\/revisions"}],"predecessor-version":[{"id":668,"href":"https:\/\/mallorcafloralweddings.com\/de\/wp-json\/wp\/v2\/pages\/18\/revisions\/668"}],"wp:attachment":[{"href":"https:\/\/mallorcafloralweddings.com\/de\/wp-json\/wp\/v2\/media?parent=18"}],"curies":[{"name":"wp","href":"https:\/\/api.w.org\/{rel}","templated":true}]}}