{"id":13,"date":"2025-01-31T15:25:44","date_gmt":"2025-01-31T15:25:44","guid":{"rendered":"https:\/\/mallorcafloralweddings.com\/?page_id=13"},"modified":"2025-04-22T10:09:24","modified_gmt":"2025-04-22T10:09:24","slug":"advantages","status":"publish","type":"page","link":"https:\/\/mallorcafloralweddings.com\/de\/vorteile\/","title":{"rendered":"Vorteile"},"content":{"rendered":"<div class=\"wpb-content-wrapper\"><div data-vc-full-width=\"true\" data-vc-full-width-temp=\"true\" data-vc-full-width-init=\"false\" class=\"vc_row wpb_row vc_row-fluid vc_custom_1743001682562 vc_row-has-fill vc_row-o-content-middle vc_row-flex\"><div class=\"wpb_column vc_column_container vc_col-sm-4\"><div class=\"vc_column-inner\"><div class=\"wpb_wrapper\">\n\t<div  class=\"wpb_single_image wpb_content_element vc_align_left\">\n\t\t\n\t\t<figure class=\"wpb_wrapper vc_figure\">\n\t\t\t<div class=\"vc_single_image-wrapper   vc_box_border_grey\"><img fetchpriority=\"high\" decoding=\"async\" width=\"800\" height=\"800\" src=\"https:\/\/mallorcafloralweddings.com\/wp-content\/uploads\/2025\/01\/flor8.jpg\" class=\"vc_single_image-img attachment-full\" alt=\"\" title=\"\" srcset=\"https:\/\/mallorcafloralweddings.com\/wp-content\/uploads\/2025\/01\/flor8.jpg 800w, https:\/\/mallorcafloralweddings.com\/wp-content\/uploads\/2025\/01\/flor8-300x300.jpg 300w, https:\/\/mallorcafloralweddings.com\/wp-content\/uploads\/2025\/01\/flor8-150x150.jpg 150w, https:\/\/mallorcafloralweddings.com\/wp-content\/uploads\/2025\/01\/flor8-768x768.jpg 768w\" sizes=\"(max-width: 800px) 100vw, 800px\"  data-dt-location=\"https:\/\/mallorcafloralweddings.com\/de\/galerie\/flor8\/\" \/><\/div>\n\t\t<\/figure>\n\t<\/div>\n<\/div><\/div><\/div><div class=\"wpb_column vc_column_container vc_col-sm-4\"><div class=\"vc_column-inner\"><div class=\"wpb_wrapper\"><div class=\"vc_separator wpb_content_element vc_separator_align_center vc_sep_width_100 vc_sep_border_width_2 vc_sep_pos_align_center vc_separator_no_text wpb_content_element  wpb_content_element\" ><span class=\"vc_sep_holder vc_sep_holder_l\"><span style=\"border-color:#E3DDD1;\" class=\"vc_sep_line\"><\/span><\/span><span class=\"vc_sep_holder vc_sep_holder_r\"><span style=\"border-color:#E3DDD1;\" class=\"vc_sep_line\"><\/span><\/span>\n<\/div>\n\t<div class=\"wpb_text_column wpb_content_element\" >\n\t\t<div class=\"wpb_wrapper\">\n\t\t\t<h4 style=\"text-align: center;\">REAL TOUCH ODER SEIDENBLUMEN: DIE INTELLIGENTERE BLUMENWAHL<\/h4>\n\n\t\t<\/div>\n\t<\/div>\n<div class=\"vc_separator wpb_content_element vc_separator_align_center vc_sep_width_100 vc_sep_border_width_2 vc_sep_pos_align_center vc_separator_no_text wpb_content_element  wpb_content_element\" ><span class=\"vc_sep_holder vc_sep_holder_l\"><span style=\"border-color:#E3DDD1;\" class=\"vc_sep_line\"><\/span><\/span><span class=\"vc_sep_holder vc_sep_holder_r\"><span style=\"border-color:#E3DDD1;\" class=\"vc_sep_line\"><\/span><\/span>\n<\/div><\/div><\/div><\/div><div class=\"wpb_column vc_column_container vc_col-sm-4\"><div class=\"vc_column-inner\"><div class=\"wpb_wrapper\">\n\t<div  class=\"wpb_single_image wpb_content_element vc_align_left\">\n\t\t\n\t\t<figure class=\"wpb_wrapper vc_figure\">\n\t\t\t<div class=\"vc_single_image-wrapper   vc_box_border_grey\"><img decoding=\"async\" width=\"800\" height=\"800\" src=\"https:\/\/mallorcafloralweddings.com\/wp-content\/uploads\/2025\/04\/advantages.jpg\" class=\"vc_single_image-img attachment-full\" alt=\"\" title=\"\" srcset=\"https:\/\/mallorcafloralweddings.com\/wp-content\/uploads\/2025\/04\/advantages.jpg 800w, https:\/\/mallorcafloralweddings.com\/wp-content\/uploads\/2025\/04\/advantages-300x300.jpg 300w, https:\/\/mallorcafloralweddings.com\/wp-content\/uploads\/2025\/04\/advantages-150x150.jpg 150w, https:\/\/mallorcafloralweddings.com\/wp-content\/uploads\/2025\/04\/advantages-768x768.jpg 768w\" sizes=\"(max-width: 800px) 100vw, 800px\"  data-dt-location=\"https:\/\/mallorcafloralweddings.com\/de\/vorteile\/advantages-2\/\" \/><\/div>\n\t\t<\/figure>\n\t<\/div>\n<\/div><\/div><\/div><\/div><div class=\"vc_row-full-width vc_clearfix\"><\/div><div data-vc-full-width=\"true\" data-vc-full-width-temp=\"true\" data-vc-full-width-init=\"false\" class=\"vc_row wpb_row vc_row-fluid\"><div class=\"wpb_column vc_column_container vc_col-sm-12\"><div class=\"vc_column-inner\"><div class=\"wpb_wrapper\">\n\t<div class=\"wpb_text_column wpb_content_element\" >\n\t\t<div class=\"wpb_wrapper\">\n\t\t\t<h4 style=\"text-align: center;\">Die Wahl von Blumen mit echtem Touch anstelle von frischen Blumen f\u00fcr Hochzeiten kann mehrere Vorteile haben, wie zum Beispiel:<\/h4>\n\n\t\t<\/div>\n\t<\/div>\n<\/div><\/div><\/div><\/div><div class=\"vc_row-full-width vc_clearfix\"><\/div><div class=\"vc_row wpb_row vc_row-fluid\"><div class=\"wpb_column vc_column_container vc_col-sm-4\"><div class=\"vc_column-inner\"><div class=\"wpb_wrapper\">\n\t<div class=\"wpb_text_column wpb_content_element  vc_custom_1745307869511\" >\n\t\t<div class=\"wpb_wrapper\">\n\t\t\t<h4 style=\"text-align: center;\">Keine saisonalen Einschr\u00e4nkungen:<\/h4>\n<p style=\"text-align: center;\">Diese Blumen sind das ganze Jahr \u00fcber erh\u00e4ltlich, sodass Paare jede Blumenart unabh\u00e4ngig von ihrer nat\u00fcrlichen Wachstumsperiode ausw\u00e4hlen k\u00f6nnen.<\/p>\n\n\t\t<\/div>\n\t<\/div>\n\n\t<div class=\"wpb_text_column wpb_content_element  vc_custom_1745308097435\" >\n\t\t<div class=\"wpb_wrapper\">\n\t\t\t<h4 style=\"text-align: center;\">Allergikerfreundlich:<\/h4>\n<p style=\"text-align: center;\">Real Touch-Blumen sind hypoallergen und daher eine gute Wahl f\u00fcr G\u00e4ste oder Hochzeitsg\u00e4ste, die m\u00f6glicherweise eine Pollenallergie haben.<\/p>\n\n\t\t<\/div>\n\t<\/div>\n\n\t<div class=\"wpb_text_column wpb_content_element  vc_custom_1745308544637\" >\n\t\t<div class=\"wpb_wrapper\">\n\t\t\t<h4 style=\"text-align: center;\">Anpassung:<\/h4>\n<p style=\"text-align: center;\">Sie k\u00f6nnen hinsichtlich Farbe, Gr\u00f6\u00dfe und Design leicht individuell angepasst werden, um perfekt zum Hochzeitsthema zu passen, ohne die Einschr\u00e4nkungen, die nat\u00fcrliche Blumen mit sich bringen.<\/p>\n\n\t\t<\/div>\n\t<\/div>\n\n\t<div class=\"wpb_text_column wpb_content_element  vc_custom_1745308587467\" >\n\t\t<div class=\"wpb_wrapper\">\n\t\t\t<h4 style=\"text-align: center;\">Umweltauswirkungen:<\/h4>\n<p style=\"text-align: center;\">Durch die Verwendung von Blumen, die sich echt anf\u00fchlen, k\u00f6nnen die Umweltauswirkungen verringert werden, die mit dem Anbau, dem Transport und der Entsorgung echter Blumen verbunden sind.<\/p>\n\n\t\t<\/div>\n\t<\/div>\n\n\t<div class=\"wpb_text_column wpb_content_element  vc_custom_1745308617587\" >\n\t\t<div class=\"wpb_wrapper\">\n\t\t\t<h4 style=\"text-align: center;\">Wetterbest\u00e4ndig:<\/h4>\n<p style=\"text-align: center;\">Blumen, die sich wie echte Blumen anf\u00fchlen, werden weder durch Temperatur noch Feuchtigkeit beeintr\u00e4chtigt, was sie zu einer ausgezeichneten Wahl f\u00fcr Hochzeiten im Freien oder an Orten mit unvorhersehbaren Wetterbedingungen macht.<\/p>\n\n\t\t<\/div>\n\t<\/div>\n<\/div><\/div><\/div><div class=\"wpb_column vc_column_container vc_col-sm-4\"><div class=\"vc_column-inner\"><div class=\"wpb_wrapper\">\n\t<div class=\"wpb_text_column wpb_content_element  vc_custom_1745307927527\" >\n\t\t<div class=\"wpb_wrapper\">\n\t\t\t<h4 style=\"text-align: center;\">Vielseitige Gestaltungsm\u00f6glichkeiten:<\/h4>\n<p style=\"text-align: center;\">Blumen mit echtem Touch lassen sich leicht in verschiedene Stile integrieren, von klassisch \u00fcber Boh\u00e8me bis hin zu modern, und erm\u00f6glichen so kreative Blumenarrangements, die zu jedem Hochzeitsthema passen.<\/p>\n\n\t\t<\/div>\n\t<\/div>\n\n\t<div class=\"wpb_text_column wpb_content_element  vc_custom_1745308152251\" >\n\t\t<div class=\"wpb_wrapper\">\n\t\t\t<h4 style=\"text-align: center;\">Kein Bedarf an professionellen Floristen:<\/h4>\n<p style=\"text-align: center;\">Paare k\u00f6nnen ihre eigenen Arrangements oder Blumenstr\u00e4u\u00dfe kreieren, ohne einen erfahrenen Floristen zu ben\u00f6tigen. Dadurch haben sie mehr M\u00f6glichkeiten, Geld zu sparen und die Dekoration individuell zu gestalten.<\/p>\n\n\t\t<\/div>\n\t<\/div>\n\n\t<div class=\"wpb_text_column wpb_content_element  vc_custom_1745308760295\" >\n\t\t<div class=\"wpb_wrapper\">\n\t\t\t<h4 style=\"text-align: center;\">Anpassbare Gr\u00f6\u00dfen:<\/h4>\n<p style=\"text-align: center;\">Real Touch-Blumen sind in verschiedenen Gr\u00f6\u00dfen erh\u00e4ltlich und k\u00f6nnen leicht bearbeitet werden, um den gew\u00fcnschten Look zu erzielen, sei es ein voller Blumenstrau\u00df oder ein minimalistisches Arrangement.<\/p>\n\n\t\t<\/div>\n\t<\/div>\n\n\t<div class=\"wpb_text_column wpb_content_element  vc_custom_1745308790227\" >\n\t\t<div class=\"wpb_wrapper\">\n\t\t\t<h4 style=\"text-align: center;\">Einfacher Transport:<\/h4>\n<p style=\"text-align: center;\">Real Touch-Blumen sind weniger zerbrechlich als echte Blumen und k\u00f6nnen daher leichter transportiert werden, ohne dass die Gefahr einer Besch\u00e4digung w\u00e4hrend der Reise besteht.<\/p>\n\n\t\t<\/div>\n\t<\/div>\n\n\t<div class=\"wpb_text_column wpb_content_element  vc_custom_1745308819599\" >\n\t\t<div class=\"wpb_wrapper\">\n\t\t\t<h4 style=\"text-align: center;\">Kontinuierliche Verf\u00fcgbarkeit:<\/h4>\n<p style=\"text-align: center;\">Sie m\u00fcssen sich keine Sorgen \u00fcber Lieferengp\u00e4sse oder die Verf\u00fcgbarkeit bestimmter Blumen machen, denn Blumen mit echtem Touch k\u00f6nnen jederzeit bestellt werden, was Ihnen bei der Planung Sicherheit gibt.<\/p>\n\n\t\t<\/div>\n\t<\/div>\n<\/div><\/div><\/div><div class=\"wpb_column vc_column_container vc_col-sm-4\"><div class=\"vc_column-inner\"><div class=\"wpb_wrapper\">\n\t<div class=\"wpb_text_column wpb_content_element  vc_custom_1745308038027\" >\n\t\t<div class=\"wpb_wrapper\">\n\t\t\t<h4 style=\"text-align: center;\">Anpassung von Designelementen:<\/h4>\n<p style=\"text-align: center;\">Blumen mit echtem Touch k\u00f6nnen leicht ver\u00e4ndert oder mit anderen Materialien (wie B\u00e4ndern, Spitze oder Gr\u00fcnpflanzen) kombiniert werden, um einzigartige Designelemente zu schaffen, die perfekt zur Vision des Paares passen.<\/p>\n\n\t\t<\/div>\n\t<\/div>\n\n\t<div class=\"wpb_text_column wpb_content_element  vc_custom_1745308216780\" >\n\t\t<div class=\"wpb_wrapper\">\n\t\t\t<h4 style=\"text-align: center;\">Einfache Reinigung:<\/h4>\n<p style=\"text-align: center;\">Nach der Veranstaltung k\u00f6nnen die Real Touch-Blumen schnell und einfach weggepackt werden, ohne dass heruntergefallene Bl\u00fctenbl\u00e4tter oder Abfall beseitigt werden m\u00fcssen.<\/p>\n\n\t\t<\/div>\n\t<\/div>\n\n\t<div class=\"wpb_text_column wpb_content_element  vc_custom_1745308987083\" >\n\t\t<div class=\"wpb_wrapper\">\n\t\t\t<h4 style=\"text-align: center;\">Ideal f\u00fcr Themenhochzeiten:<\/h4>\n<p style=\"text-align: center;\">Real Touch-Blumen k\u00f6nnen an jedes Thema angepasst werden, ohne dass Sie sich Gedanken \u00fcber die Verf\u00fcgbarkeit bestimmter Bl\u00fcten machen m\u00fcssen, was sie perfekt f\u00fcr Themenhochzeiten (z. B. Vintage, rustikal, M\u00e4rchen) macht.<\/p>\n\n\t\t<\/div>\n\t<\/div>\n\n\t<div class=\"wpb_text_column wpb_content_element  vc_custom_1745309016236\" >\n\t\t<div class=\"wpb_wrapper\">\n\t\t\t<h4 style=\"text-align: center;\">Vielseitig f\u00fcr verschiedene Anl\u00e4sse:<\/h4>\n<p style=\"text-align: center;\">Au\u00dfer f\u00fcr Hochzeiten k\u00f6nnen Blumen mit echtem Touch f\u00fcr eine Vielzahl von Veranstaltungen und Anl\u00e4ssen verwendet werden, darunter f\u00fcr die Dekoration zu Hause, f\u00fcr Feiertage und f\u00fcr Firmenveranstaltungen.<br \/>\nVeranstaltungen und bietet Vielseitigkeit bei der Dekoration.<\/p>\n\n\t\t<\/div>\n\t<\/div>\n\n\t<div class=\"wpb_text_column wpb_content_element  vc_custom_1745309119148\" >\n\t\t<div class=\"wpb_wrapper\">\n\t\t\t<p style=\"text-align: center;\">Insgesamt bieten Blumen mit echter Haptik eine Reihe praktischer, \u00e4sthetischer und emotionaler Vorteile, die das Hochzeitserlebnis bereichern k\u00f6nnen und sie f\u00fcr viele Paare zu einer \u00fcberzeugenden Option machen.<\/p>\n\n\t\t<\/div>\n\t<\/div>\n<\/div><\/div><\/div><\/div>\n<\/div>","protected":false},"excerpt":{"rendered":"<p>REAL TOUCH OR SILK FLOWERS: THE SMARTER FLOWER CHOICE CHOOSING REAL TOUCH FLOWERS INSTEAD OF FRESH FLOWERS FOR WEDDINGS CAN HAVE SEVERAL ADVANTAGES SUCH AS: No Seasonal Restrictions: These flowers are available year-round, so couples can choose any type of flower, regardless of its natural growing season. Allergy-Friendly: Real touch flowers are hypoallergenic, making them&hellip;<\/p>","protected":false},"author":2,"featured_media":0,"parent":0,"menu_order":0,"comment_status":"closed","ping_status":"closed","template":"","meta":{"_monsterinsights_skip_tracking":false,"_monsterinsights_sitenote_active":false,"_monsterinsights_sitenote_note":"","_monsterinsights_sitenote_category":0,"footnotes":""},"class_list":["post-13","page","type-page","status-publish","hentry","description-off"],"yoast_head":"<!-- This site is optimized with the Yoast SEO plugin v27.4 - https:\/\/yoast.com\/product\/yoast-seo-wordpress\/ -->\n<title>Advantages - Mallorca Floral Weddings<\/title>\n<meta name=\"robots\" content=\"index, follow, max-snippet:-1, max-image-preview:large, max-video-preview:-1\" \/>\n<link rel=\"canonical\" href=\"https:\/\/mallorcafloralweddings.com\/de\/advantages\/\" \/>\n<meta property=\"og:locale\" content=\"de_DE\" \/>\n<meta property=\"og:type\" content=\"article\" \/>\n<meta property=\"og:title\" content=\"Advantages - Mallorca Floral Weddings\" \/>\n<meta property=\"og:url\" content=\"https:\/\/mallorcafloralweddings.com\/de\/advantages\/\" \/>\n<meta property=\"og:site_name\" content=\"Mallorca Floral Weddings\" \/>\n<meta property=\"article:modified_time\" content=\"2025-04-22T10:09:24+00:00\" \/>\n<meta name=\"twitter:card\" content=\"summary_large_image\" \/>\n<meta name=\"twitter:label1\" content=\"Gesch\u00e4tzte Lesezeit\" \/>\n\t<meta name=\"twitter:data1\" content=\"4\u00a0Minuten\" \/>\n<script type=\"application\/ld+json\" class=\"yoast-schema-graph\">{\"@context\":\"https:\\\/\\\/schema.org\",\"@graph\":[{\"@type\":\"WebPage\",\"@id\":\"https:\\\/\\\/mallorcafloralweddings.com\\\/advantages\\\/\",\"url\":\"https:\\\/\\\/mallorcafloralweddings.com\\\/advantages\\\/\",\"name\":\"Advantages - Mallorca Floral Weddings\",\"isPartOf\":{\"@id\":\"https:\\\/\\\/mallorcafloralweddings.com\\\/#website\"},\"datePublished\":\"2025-01-31T15:25:44+00:00\",\"dateModified\":\"2025-04-22T10:09:24+00:00\",\"breadcrumb\":{\"@id\":\"https:\\\/\\\/mallorcafloralweddings.com\\\/advantages\\\/#breadcrumb\"},\"inLanguage\":\"de\",\"potentialAction\":[{\"@type\":\"ReadAction\",\"target\":[\"https:\\\/\\\/mallorcafloralweddings.com\\\/advantages\\\/\"]}]},{\"@type\":\"BreadcrumbList\",\"@id\":\"https:\\\/\\\/mallorcafloralweddings.com\\\/advantages\\\/#breadcrumb\",\"itemListElement\":[{\"@type\":\"ListItem\",\"position\":1,\"name\":\"Portada\",\"item\":\"https:\\\/\\\/mallorcafloralweddings.com\\\/\"},{\"@type\":\"ListItem\",\"position\":2,\"name\":\"Advantages\"}]},{\"@type\":\"WebSite\",\"@id\":\"https:\\\/\\\/mallorcafloralweddings.com\\\/#website\",\"url\":\"https:\\\/\\\/mallorcafloralweddings.com\\\/\",\"name\":\"Mallorca Floral Weddings\",\"description\":\"Renting Wedding Flowers on Mallorca\",\"publisher\":{\"@id\":\"https:\\\/\\\/mallorcafloralweddings.com\\\/#organization\"},\"potentialAction\":[{\"@type\":\"SearchAction\",\"target\":{\"@type\":\"EntryPoint\",\"urlTemplate\":\"https:\\\/\\\/mallorcafloralweddings.com\\\/?s={search_term_string}\"},\"query-input\":{\"@type\":\"PropertyValueSpecification\",\"valueRequired\":true,\"valueName\":\"search_term_string\"}}],\"inLanguage\":\"de\"},{\"@type\":\"Organization\",\"@id\":\"https:\\\/\\\/mallorcafloralweddings.com\\\/#organization\",\"name\":\"Mallorca Floral Weddings\",\"url\":\"https:\\\/\\\/mallorcafloralweddings.com\\\/\",\"logo\":{\"@type\":\"ImageObject\",\"inLanguage\":\"de\",\"@id\":\"https:\\\/\\\/mallorcafloralweddings.com\\\/#\\\/schema\\\/logo\\\/image\\\/\",\"url\":\"https:\\\/\\\/mallorcafloralweddings.com\\\/wp-content\\\/uploads\\\/2025\\\/03\\\/logo-ft.png\",\"contentUrl\":\"https:\\\/\\\/mallorcafloralweddings.com\\\/wp-content\\\/uploads\\\/2025\\\/03\\\/logo-ft.png\",\"width\":143,\"height\":50,\"caption\":\"Mallorca Floral Weddings\"},\"image\":{\"@id\":\"https:\\\/\\\/mallorcafloralweddings.com\\\/#\\\/schema\\\/logo\\\/image\\\/\"},\"sameAs\":[\"https:\\\/\\\/www.instagram.com\\\/mallorca_floral_weddings\\\/?hl=es\"]}]}<\/script>\n<!-- \/ Yoast SEO plugin. -->","yoast_head_json":{"title":"Vorteile - Mallorca Floral Weddings","robots":{"index":"index","follow":"follow","max-snippet":"max-snippet:-1","max-image-preview":"max-image-preview:large","max-video-preview":"max-video-preview:-1"},"canonical":"https:\/\/mallorcafloralweddings.com\/de\/advantages\/","og_locale":"de_DE","og_type":"article","og_title":"Advantages - Mallorca Floral Weddings","og_url":"https:\/\/mallorcafloralweddings.com\/de\/advantages\/","og_site_name":"Mallorca Floral Weddings","article_modified_time":"2025-04-22T10:09:24+00:00","twitter_card":"summary_large_image","twitter_misc":{"Gesch\u00e4tzte Lesezeit":"4\u00a0Minuten"},"schema":{"@context":"https:\/\/schema.org","@graph":[{"@type":"WebPage","@id":"https:\/\/mallorcafloralweddings.com\/advantages\/","url":"https:\/\/mallorcafloralweddings.com\/advantages\/","name":"Vorteile - Mallorca Floral Weddings","isPartOf":{"@id":"https:\/\/mallorcafloralweddings.com\/#website"},"datePublished":"2025-01-31T15:25:44+00:00","dateModified":"2025-04-22T10:09:24+00:00","breadcrumb":{"@id":"https:\/\/mallorcafloralweddings.com\/advantages\/#breadcrumb"},"inLanguage":"de","potentialAction":[{"@type":"ReadAction","target":["https:\/\/mallorcafloralweddings.com\/advantages\/"]}]},{"@type":"BreadcrumbList","@id":"https:\/\/mallorcafloralweddings.com\/advantages\/#breadcrumb","itemListElement":[{"@type":"ListItem","position":1,"name":"Portada","item":"https:\/\/mallorcafloralweddings.com\/"},{"@type":"ListItem","position":2,"name":"Advantages"}]},{"@type":"WebSite","@id":"https:\/\/mallorcafloralweddings.com\/#website","url":"https:\/\/mallorcafloralweddings.com\/","name":"Blumenhochzeiten auf Mallorca","description":"Hochzeitsblumen mieten auf Mallorca","publisher":{"@id":"https:\/\/mallorcafloralweddings.com\/#organization"},"potentialAction":[{"@type":"SearchAction","target":{"@type":"EntryPoint","urlTemplate":"https:\/\/mallorcafloralweddings.com\/?s={search_term_string}"},"query-input":{"@type":"PropertyValueSpecification","valueRequired":true,"valueName":"search_term_string"}}],"inLanguage":"de"},{"@type":"Organization","@id":"https:\/\/mallorcafloralweddings.com\/#organization","name":"Blumenhochzeiten auf Mallorca","url":"https:\/\/mallorcafloralweddings.com\/","logo":{"@type":"ImageObject","inLanguage":"de","@id":"https:\/\/mallorcafloralweddings.com\/#\/schema\/logo\/image\/","url":"https:\/\/mallorcafloralweddings.com\/wp-content\/uploads\/2025\/03\/logo-ft.png","contentUrl":"https:\/\/mallorcafloralweddings.com\/wp-content\/uploads\/2025\/03\/logo-ft.png","width":143,"height":50,"caption":"Mallorca Floral Weddings"},"image":{"@id":"https:\/\/mallorcafloralweddings.com\/#\/schema\/logo\/image\/"},"sameAs":["https:\/\/www.instagram.com\/mallorca_floral_weddings\/?hl=es"]}]}},"_links":{"self":[{"href":"https:\/\/mallorcafloralweddings.com\/de\/wp-json\/wp\/v2\/pages\/13","targetHints":{"allow":["GET"]}}],"collection":[{"href":"https:\/\/mallorcafloralweddings.com\/de\/wp-json\/wp\/v2\/pages"}],"about":[{"href":"https:\/\/mallorcafloralweddings.com\/de\/wp-json\/wp\/v2\/types\/page"}],"author":[{"embeddable":true,"href":"https:\/\/mallorcafloralweddings.com\/de\/wp-json\/wp\/v2\/users\/2"}],"replies":[{"embeddable":true,"href":"https:\/\/mallorcafloralweddings.com\/de\/wp-json\/wp\/v2\/comments?post=13"}],"version-history":[{"count":61,"href":"https:\/\/mallorcafloralweddings.com\/de\/wp-json\/wp\/v2\/pages\/13\/revisions"}],"predecessor-version":[{"id":767,"href":"https:\/\/mallorcafloralweddings.com\/de\/wp-json\/wp\/v2\/pages\/13\/revisions\/767"}],"wp:attachment":[{"href":"https:\/\/mallorcafloralweddings.com\/de\/wp-json\/wp\/v2\/media?parent=13"}],"curies":[{"name":"wp","href":"https:\/\/api.w.org\/{rel}","templated":true}]}}